{"id":1576,"date":"2021-03-04T20:42:03","date_gmt":"2021-03-04T20:42:03","guid":{"rendered":"https:\/\/mariahstone.com\/?page_id=1576"},"modified":"2021-03-04T20:42:03","modified_gmt":"2021-03-04T20:42:03","slug":"epilogoportugues","status":"publish","type":"page","link":"https:\/\/mariahstone.com\/de\/epilogoportugues\/","title":{"rendered":"PORTUGUESE &#8211; Prisioneira do Highlander Ep\u00edlogo de b\u00f4nus"},"content":{"rendered":"<div class=\"gb-grid-wrapper gb-grid-wrapper-29b938ed\">\n<div class=\"gb-grid-column gb-grid-column-7c6eea9d\"><div class=\"gb-container gb-container-7c6eea9d\"><div class=\"gb-inside-container\">\n\n<div class=\"wp-block-image\"><figure class=\"aligncenter size-full\"><img fetchpriority=\"high\" decoding=\"async\" width=\"1200\" height=\"1800\" data-attachment-id=\"1826\" data-permalink=\"https:\/\/mariahstone.com\/de\/highlanderscaptive_ebook_por-v2_bn\/\" data-orig-file=\"https:\/\/mariahstone.com\/wp-content\/uploads\/2021\/08\/HighlandersCaptive_Ebook_POR.v2_BN.jpg\" data-orig-size=\"1200,1800\" data-comments-opened=\"1\" data-image-meta=\"{&quot;aperture&quot;:&quot;0&quot;,&quot;credit&quot;:&quot;&quot;,&quot;camera&quot;:&quot;&quot;,&quot;caption&quot;:&quot;&quot;,&quot;created_timestamp&quot;:&quot;0&quot;,&quot;copyright&quot;:&quot;&quot;,&quot;focal_length&quot;:&quot;0&quot;,&quot;iso&quot;:&quot;0&quot;,&quot;shutter_speed&quot;:&quot;0&quot;,&quot;title&quot;:&quot;&quot;,&quot;orientation&quot;:&quot;0&quot;}\" data-image-title=\"Highlander&amp;#8217;sCaptive_Ebook_POR.v2_B&amp;#038;N\" data-image-description=\"\" data-image-caption=\"\" data-large-file=\"https:\/\/mariahstone.com\/wp-content\/uploads\/2021\/08\/HighlandersCaptive_Ebook_POR.v2_BN-683x1024.jpg\" src=\"https:\/\/mariahstone.com\/wp-content\/uploads\/2021\/08\/HighlandersCaptive_Ebook_POR.v2_BN.jpg\" alt=\"\" class=\"wp-image-1826\" srcset=\"https:\/\/mariahstone.com\/wp-content\/uploads\/2021\/08\/HighlandersCaptive_Ebook_POR.v2_BN.jpg 1200w, https:\/\/mariahstone.com\/wp-content\/uploads\/2021\/08\/HighlandersCaptive_Ebook_POR.v2_BN-200x300.jpg 200w, https:\/\/mariahstone.com\/wp-content\/uploads\/2021\/08\/HighlandersCaptive_Ebook_POR.v2_BN-683x1024.jpg 683w, https:\/\/mariahstone.com\/wp-content\/uploads\/2021\/08\/HighlandersCaptive_Ebook_POR.v2_BN-768x1152.jpg 768w, https:\/\/mariahstone.com\/wp-content\/uploads\/2021\/08\/HighlandersCaptive_Ebook_POR.v2_BN-1024x1536.jpg 1024w, https:\/\/mariahstone.com\/wp-content\/uploads\/2021\/08\/HighlandersCaptive_Ebook_POR.v2_BN-1080x1620.jpg 1080w, https:\/\/mariahstone.com\/wp-content\/uploads\/2021\/08\/HighlandersCaptive_Ebook_POR.v2_BN-980x1470.jpg 980w, https:\/\/mariahstone.com\/wp-content\/uploads\/2021\/08\/HighlandersCaptive_Ebook_POR.v2_BN-480x720.jpg 480w\" sizes=\"(max-width: 1200px) 100vw, 1200px\" \/><\/figure><\/div>\n\n<\/div><\/div><\/div>\n\n<div class=\"gb-grid-column gb-grid-column-6e14c7d2\"><div class=\"gb-container gb-container-6e14c7d2\"><div class=\"gb-inside-container\">\n\n<h1 class=\"wp-block-heading\">Ep\u00edlogo de b\u00f4nus<\/h1>\n\n\n\n<p>Falnaird, Loch Awe, setembro de 1309<\/p>\n\n\n\n<p>Craig ficou im\u00f3vel na entrada do grande sal\u00e3o, com o cora\u00e7\u00e3o apertado em resposta ao perfume floral e herb\u00e1ceo de urze fresca. Amy tinha o h\u00e1bito de colher todas as flores que estavam florescendo e coloc\u00e1-las em vasos que ela fazia de argila. Todas as mesas do sal\u00e3o tinham aqueles vasos cheios de buqu\u00eas, tornando a sala mais alegre e brilhante. O clima estava mais quente do que o normal, e a urze, flor t\u00edpica da Esc\u00f3cia, ainda estava em flor, espalhando cor violeta e magenta pelas colinas verde-musgo ao redor de Falnaird, a propriedade de Craig.<\/p>\n\n\n\n<p>L\u00e1 estavam elas, os dois grandes amores de sua vida: sua esposa e sua filha. Amy balan\u00e7ava Jenny, de nove meses, no quadril enquanto falava com Moibeal, a bab\u00e1. O longo cabelo cor de cobre de Amy estava tran\u00e7ado no centro e preso atr\u00e1s da cabe\u00e7a em um n\u00f3. Ele sabia que devia ser pr\u00e1tico, mas acima de tudo, destacava a pureza de sua pele e seus olhos grandes com c\u00edlios longos.<\/p>\n\n\n\n<p>\u2026<\/p>\n\n\n\n<p><em>Clique abaixo para obter o ep\u00edlogo b\u00f4nus completo.<\/em><\/p>\n\n\n\n<div class=\"wp-block-buttons is-layout-flex wp-block-buttons-is-layout-flex\">\n<div class=\"wp-block-button\"><a class=\"wp-block-button__link\" href=\"https:\/\/view.flodesk.com\/pages\/607fee96b94c38fbe3fc6db4\" target=\"_blank\" rel=\"noreferrer noopener\">Obter ep\u00edlogo b\u00f4nus<\/a><\/div>\n<\/div>\n\n<\/div><\/div><\/div>\n<\/div>","protected":false},"excerpt":{"rendered":"","protected":false},"author":1,"featured_media":0,"parent":0,"menu_order":20,"comment_status":"closed","ping_status":"closed","template":"","meta":{"_acf_changed":false,"advanced_seo_description":"bonus epilogue for a Scottish time travel romance Highlander's Captive by Mariah Stone","jetpack_seo_html_title":"","jetpack_seo_noindex":false,"jetpack_post_was_ever_published":false,"footnotes":""},"class_list":["post-1576","page","type-page","status-publish"],"acf":[],"jetpack_shortlink":"https:\/\/wp.me\/PacBPe-pq","jetpack_sharing_enabled":true,"_links":{"self":[{"href":"https:\/\/mariahstone.com\/de\/wp-json\/wp\/v2\/pages\/1576","targetHints":{"allow":["GET"]}}],"collection":[{"href":"https:\/\/mariahstone.com\/de\/wp-json\/wp\/v2\/pages"}],"about":[{"href":"https:\/\/mariahstone.com\/de\/wp-json\/wp\/v2\/types\/page"}],"author":[{"embeddable":true,"href":"https:\/\/mariahstone.com\/de\/wp-json\/wp\/v2\/users\/1"}],"replies":[{"embeddable":true,"href":"https:\/\/mariahstone.com\/de\/wp-json\/wp\/v2\/comments?post=1576"}],"version-history":[{"count":0,"href":"https:\/\/mariahstone.com\/de\/wp-json\/wp\/v2\/pages\/1576\/revisions"}],"wp:attachment":[{"href":"https:\/\/mariahstone.com\/de\/wp-json\/wp\/v2\/media?parent=1576"}],"curies":[{"name":"wp","href":"https:\/\/api.w.org\/{rel}","templated":true}]}}