{"id":1627,"date":"2021-05-03T18:21:23","date_gmt":"2021-05-03T18:21:23","guid":{"rendered":"https:\/\/mariahstone.com\/?page_id=1627"},"modified":"2022-10-31T17:43:59","modified_gmt":"2022-10-31T17:43:59","slug":"deinbonus","status":"publish","type":"page","link":"https:\/\/mariahstone.com\/de\/deinbonus\/","title":{"rendered":"GERMAN &#8211; Im Bann Des Highlanders Bonus Epilogue"},"content":{"rendered":"<div class=\"gb-grid-wrapper gb-grid-wrapper-29b938ed\">\n<div class=\"gb-grid-column gb-grid-column-7c6eea9d\"><div class=\"gb-container gb-container-7c6eea9d\"><div class=\"gb-inside-container\">\n<div class=\"wp-block-image\">\n<figure class=\"aligncenter size-full\"><img fetchpriority=\"high\" decoding=\"async\" width=\"1300\" height=\"2006\" data-attachment-id=\"1630\" data-permalink=\"https:\/\/mariahstone.com\/de\/die-gefangene-des-schotten-bonus-epilog-1\/\" data-orig-file=\"https:\/\/mariahstone.com\/wp-content\/uploads\/2021\/05\/Die-Gefangene-des-Schotten-Bonus-Epilog-1.png\" data-orig-size=\"1300,2006\" data-comments-opened=\"1\" data-image-meta=\"{&quot;aperture&quot;:&quot;0&quot;,&quot;credit&quot;:&quot;&quot;,&quot;camera&quot;:&quot;&quot;,&quot;caption&quot;:&quot;&quot;,&quot;created_timestamp&quot;:&quot;0&quot;,&quot;copyright&quot;:&quot;&quot;,&quot;focal_length&quot;:&quot;0&quot;,&quot;iso&quot;:&quot;0&quot;,&quot;shutter_speed&quot;:&quot;0&quot;,&quot;title&quot;:&quot;&quot;,&quot;orientation&quot;:&quot;0&quot;}\" data-image-title=\"Die Gefangene des Schotten &amp;#8211; Bonus Epilog (1)\" data-image-description=\"&lt;p&gt;Bonus Epilog fuer Die Gefangene des Schotten&lt;\/p&gt;\" data-image-caption=\"\" data-medium-file=\"https:\/\/mariahstone.com\/wp-content\/uploads\/2021\/05\/Die-Gefangene-des-Schotten-Bonus-Epilog-1-194x300.png\" data-large-file=\"https:\/\/mariahstone.com\/wp-content\/uploads\/2021\/05\/Die-Gefangene-des-Schotten-Bonus-Epilog-1-664x1024.png\" src=\"https:\/\/dev1.carrieloves.ninja\/wp-content\/uploads\/2021\/05\/Die-Gefangene-des-Schotten-Bonus-Epilog-1.png\" alt=\"\" class=\"wp-image-1630\" srcset=\"https:\/\/mariahstone.com\/wp-content\/uploads\/2021\/05\/Die-Gefangene-des-Schotten-Bonus-Epilog-1.png 1300w, https:\/\/mariahstone.com\/wp-content\/uploads\/2021\/05\/Die-Gefangene-des-Schotten-Bonus-Epilog-1-194x300.png 194w, https:\/\/mariahstone.com\/wp-content\/uploads\/2021\/05\/Die-Gefangene-des-Schotten-Bonus-Epilog-1-664x1024.png 664w, https:\/\/mariahstone.com\/wp-content\/uploads\/2021\/05\/Die-Gefangene-des-Schotten-Bonus-Epilog-1-768x1185.png 768w, https:\/\/mariahstone.com\/wp-content\/uploads\/2021\/05\/Die-Gefangene-des-Schotten-Bonus-Epilog-1-995x1536.png 995w, https:\/\/mariahstone.com\/wp-content\/uploads\/2021\/05\/Die-Gefangene-des-Schotten-Bonus-Epilog-1-1080x1667.png 1080w, https:\/\/mariahstone.com\/wp-content\/uploads\/2021\/05\/Die-Gefangene-des-Schotten-Bonus-Epilog-1-1280x1975.png 1280w, https:\/\/mariahstone.com\/wp-content\/uploads\/2021\/05\/Die-Gefangene-des-Schotten-Bonus-Epilog-1-980x1512.png 980w, https:\/\/mariahstone.com\/wp-content\/uploads\/2021\/05\/Die-Gefangene-des-Schotten-Bonus-Epilog-1-480x741.png 480w\" sizes=\"(max-width: 1300px) 100vw, 1300px\" \/><\/figure>\n<\/div>\n<\/div><\/div><\/div>\n\n<div class=\"gb-grid-column gb-grid-column-6e14c7d2\"><div class=\"gb-container gb-container-6e14c7d2\"><div class=\"gb-inside-container\">\n\n<h1 class=\"wp-block-heading\">Bonus Epilog<\/h1>\n\n\n\n<p><em>Falnaird, Loch Awe, September 1309<\/em><\/p>\n\n\n\n<p>Craig blieb vor dem Eingang zur gro\u00dfen Halle stehen und sein Herz begann schneller zu schlagen, als er den Duft von frischem Heidekraut wahrnahm. Amy hatte die Angewohnheit, \u00fcberall Blumen zu pfl\u00fccken, wo sie welche finden konnte, und sie in eine der Vasen zu stellen, die sie eigenh\u00e4ndig aus Ton geformt hatte. Auf jedem der sechs langen Tische sowie der Tafel des Lords standen Gef\u00e4\u00dfe voller Blumen, die den Raum erhellten und freundlicher machten. Es war w\u00e4rmer als gew\u00f6hnlich und das Heidekraut war noch in voller Bl\u00fcte. \u00dcberall auf den H\u00fcgeln um Falnaird, ihrem Anwesen, bl\u00fchte es in Violett und Dunkelrot.&nbsp;<\/p>\n\n\n\n<p>Dort standen sie, die zwei gro\u00dfen Lieben seines Lebens: seine Ehefrau und seine Tochter. Amy balancierte die neun Monate alte Jenny auf ihrer H\u00fcfte und unterhielt sich gerade mit Moibeal, der Nanny. Amys langes kupferrotes Haar war an ihrem Kopf entlanggeflochten und am Hinterkopf zusammengebunden. Er wusste, dass dies bestimmt praktische Gr\u00fcnde hatte, doch er fand, dass es die Makellosigkeit ihrer Haut sowie ihre gro\u00dfen Augen mit den langen Wimpern hervorhob.&nbsp;<\/p>\n\n\n\n<p>\u2026<\/p>\n\n\n\n<p><em>Klicke unten um den ganzen Epilog zu lesen:<\/em><\/p>\n\n\n\n<div class=\"wp-block-buttons is-layout-flex wp-block-buttons-is-layout-flex\">\n<div class=\"wp-block-button\"><a class=\"wp-block-button__link\" href=\"https:\/\/view.flodesk.com\/pages\/6090138882685900429fe05b\" target=\"_blank\" rel=\"noreferrer noopener\">Erhalte deinen Bonus Epilog<\/a><\/div>\n<\/div>\n\n<\/div><\/div><\/div>\n<\/div>","protected":false},"excerpt":{"rendered":"","protected":false},"author":1,"featured_media":0,"parent":0,"menu_order":19,"comment_status":"closed","ping_status":"closed","template":"","meta":{"_acf_changed":false,"advanced_seo_description":"Bonus Epilog Die Gefangene des Schotten von Mariah Stone ","jetpack_seo_html_title":"","jetpack_seo_noindex":false,"jetpack_post_was_ever_published":false,"footnotes":""},"class_list":["post-1627","page","type-page","status-publish"],"acf":[],"jetpack_shortlink":"https:\/\/wp.me\/PacBPe-qf","jetpack_sharing_enabled":true,"_links":{"self":[{"href":"https:\/\/mariahstone.com\/de\/wp-json\/wp\/v2\/pages\/1627","targetHints":{"allow":["GET"]}}],"collection":[{"href":"https:\/\/mariahstone.com\/de\/wp-json\/wp\/v2\/pages"}],"about":[{"href":"https:\/\/mariahstone.com\/de\/wp-json\/wp\/v2\/types\/page"}],"author":[{"embeddable":true,"href":"https:\/\/mariahstone.com\/de\/wp-json\/wp\/v2\/users\/1"}],"replies":[{"embeddable":true,"href":"https:\/\/mariahstone.com\/de\/wp-json\/wp\/v2\/comments?post=1627"}],"version-history":[{"count":0,"href":"https:\/\/mariahstone.com\/de\/wp-json\/wp\/v2\/pages\/1627\/revisions"}],"wp:attachment":[{"href":"https:\/\/mariahstone.com\/de\/wp-json\/wp\/v2\/media?parent=1627"}],"curies":[{"name":"wp","href":"https:\/\/api.w.org\/{rel}","templated":true}]}}