{"id":1667,"date":"2021-06-24T12:13:11","date_gmt":"2021-06-24T12:13:11","guid":{"rendered":"https:\/\/mariahstone.com\/?page_id=1667"},"modified":"2021-06-24T12:13:11","modified_gmt":"2021-06-24T12:13:11","slug":"geheimnisbonus","status":"publish","type":"page","link":"https:\/\/mariahstone.com\/de\/geheimnisbonus\/","title":{"rendered":"GERMAN &#8211; Das Geheimnis der Schottin bonus epilogue"},"content":{"rendered":"<div class=\"gb-grid-wrapper gb-grid-wrapper-29b938ed\">\n<div class=\"gb-grid-column gb-grid-column-7c6eea9d\"><div class=\"gb-container gb-container-7c6eea9d\"><div class=\"gb-inside-container\">\n\n<div class=\"wp-block-image\"><figure class=\"aligncenter size-full\"><img fetchpriority=\"high\" decoding=\"async\" width=\"1300\" height=\"2006\" data-attachment-id=\"1679\" data-permalink=\"https:\/\/mariahstone.com\/de\/2-das-geheimnis-der-schottin-bonus-epilog-1\/\" data-orig-file=\"https:\/\/mariahstone.com\/wp-content\/uploads\/2021\/06\/2-Das-Geheimnis-der-Schottin-Bonus-Epilog-1.jpg\" data-orig-size=\"1300,2006\" data-comments-opened=\"1\" data-image-meta=\"{&quot;aperture&quot;:&quot;0&quot;,&quot;credit&quot;:&quot;&quot;,&quot;camera&quot;:&quot;&quot;,&quot;caption&quot;:&quot;&quot;,&quot;created_timestamp&quot;:&quot;0&quot;,&quot;copyright&quot;:&quot;&quot;,&quot;focal_length&quot;:&quot;0&quot;,&quot;iso&quot;:&quot;0&quot;,&quot;shutter_speed&quot;:&quot;0&quot;,&quot;title&quot;:&quot;&quot;,&quot;orientation&quot;:&quot;1&quot;}\" data-image-title=\"2 &amp;#8211; Das Geheimnis der Schottin &amp;#8211; Bonus Epilog (1)\" data-image-description=\"\" data-image-caption=\"\" data-large-file=\"https:\/\/mariahstone.com\/wp-content\/uploads\/2021\/06\/2-Das-Geheimnis-der-Schottin-Bonus-Epilog-1-664x1024.jpg\" src=\"https:\/\/mariahstone.com\/wp-content\/uploads\/2021\/06\/2-Das-Geheimnis-der-Schottin-Bonus-Epilog-1.jpg\" alt=\"\" class=\"wp-image-1679\" srcset=\"https:\/\/mariahstone.com\/wp-content\/uploads\/2021\/06\/2-Das-Geheimnis-der-Schottin-Bonus-Epilog-1.jpg 1300w, https:\/\/mariahstone.com\/wp-content\/uploads\/2021\/06\/2-Das-Geheimnis-der-Schottin-Bonus-Epilog-1-194x300.jpg 194w, https:\/\/mariahstone.com\/wp-content\/uploads\/2021\/06\/2-Das-Geheimnis-der-Schottin-Bonus-Epilog-1-664x1024.jpg 664w, https:\/\/mariahstone.com\/wp-content\/uploads\/2021\/06\/2-Das-Geheimnis-der-Schottin-Bonus-Epilog-1-768x1185.jpg 768w, https:\/\/mariahstone.com\/wp-content\/uploads\/2021\/06\/2-Das-Geheimnis-der-Schottin-Bonus-Epilog-1-995x1536.jpg 995w, https:\/\/mariahstone.com\/wp-content\/uploads\/2021\/06\/2-Das-Geheimnis-der-Schottin-Bonus-Epilog-1-1080x1667.jpg 1080w, https:\/\/mariahstone.com\/wp-content\/uploads\/2021\/06\/2-Das-Geheimnis-der-Schottin-Bonus-Epilog-1-1280x1975.jpg 1280w, https:\/\/mariahstone.com\/wp-content\/uploads\/2021\/06\/2-Das-Geheimnis-der-Schottin-Bonus-Epilog-1-980x1512.jpg 980w, https:\/\/mariahstone.com\/wp-content\/uploads\/2021\/06\/2-Das-Geheimnis-der-Schottin-Bonus-Epilog-1-480x741.jpg 480w\" sizes=\"(max-width: 1300px) 100vw, 1300px\" \/><\/figure><\/div>\n\n<\/div><\/div><\/div>\n\n<div class=\"gb-grid-column gb-grid-column-6e14c7d2\"><div class=\"gb-container gb-container-6e14c7d2\"><div class=\"gb-inside-container\">\n\n<h1 class=\"wp-block-heading\">Bonus Epilog<\/h1>\n\n\n\n<p>April 2022<\/p>\n\n\n\n<p>Konnor schlang seine Arme um die sch\u00f6nsten Schultern dieser Welt. Er schmiegte sein Gesicht an Marjories Haar und atmete den Duft von Kr\u00e4utern und wilden Blumen ein. Er wusste wirklich nicht, wie sie es nach zwei Jahren in L.A. immer noch schaffte, nach den Highlands zu riechen.<\/p>\n\n\n\n<p>Marjorie legte ihre Hand in seine und er hob sie zu seinem Mund. Sie l\u00e4chelte ihn liebevoll an. Ihre andere Hand ruhte auf ihrem gro\u00dfen Babybauch. Die untergehende Sonne lie\u00df ihr Gesicht orange und golden leuchten. Wirklich braun wurde sie nicht, noch immer wehrte sich ihre sture schottische Haut gegen die Strahlung und blieb weiterhin porzellanfarben.<\/p>\n\n\n\n<p>Auf der Terrasse spielte laute Musik und man h\u00f6rte die Stimmen ihrer Freunde und Familie. Vom gro\u00dfen Hinterhof aus konnte man \u00fcber die H\u00fcgel von L.A. blicken. Gab es einen Ort auf dieser Erde, der dem mittelalterlichen Schottland weniger \u00e4hnelte? Dennoch f\u00fchlten sich seine sch\u00f6ne Frau und sein Stiefsohn hier zu Hause. Daf\u00fcr hatte er gesorgt.<\/p>\n\n\n\n<p>Ein paar Schritte von ihnen entfernt stand Colin am Grill. Er hatte mittlerweile einen leichten Flaum auf der Oberlippe bekommen und wendete gerade einen Burgerpatty. Dabei stieg eine kleine Rauchwolke auf und erf\u00fcllte die Luft mit Grillgeruch. Konnor hatte Colin sein Rezept f\u00fcr Steaks beigebracht und er grillte bereits wie ein Weltmeister. Das war vermutlich ein un\u00fcbliches Hobby f\u00fcr einen Teenager, aber er war auch kein gew\u00f6hnlicher Junge. Konnor hatte gedacht, dass es vielleicht gut f\u00fcr ihn w\u00e4re, etwas zu tun zu haben, wenn er nur von Erwachsenen umgeben war. Mark stand auf der anderen Seite des Grills und unterhielt sich w\u00e4hrenddessen mit Colin \u00fcber Fu\u00dfball. Konnors Mutter r\u00e4umte gerade die Geschenke f\u00fcr die Babyparty nach drinnen.<\/p>\n\n\n\n<p>Andy kam neben Konnor zum Stehen und klopfte ihm auf die Schulter. \u201eTolles Fest.\u201c Er sah zu Marjorie. \u201eMargie, wie hast du diesen einsamen Wolf dazu gebracht, eine Party zu schmei\u00dfen?\u201c<\/p>\n\n\n\n<div class=\"wp-block-buttons is-layout-flex wp-block-buttons-is-layout-flex\">\n<div class=\"wp-block-button\"><a class=\"wp-block-button__link\" href=\"https:\/\/view.flodesk.com\/pages\/60d476c0841849144c337e38\" target=\"_blank\" rel=\"noreferrer noopener\">Erhalte deinen Bonus Epilog<\/a><\/div>\n<\/div>\n\n<\/div><\/div><\/div>\n<\/div>","protected":false},"excerpt":{"rendered":"","protected":false},"author":1,"featured_media":0,"parent":0,"menu_order":16,"comment_status":"closed","ping_status":"closed","template":"","meta":{"_acf_changed":false,"advanced_seo_description":"","jetpack_seo_html_title":"","jetpack_seo_noindex":false,"footnotes":""},"class_list":["post-1667","page","type-page","status-publish"],"acf":[],"jetpack_shortlink":"https:\/\/wp.me\/PacBPe-qT","jetpack_sharing_enabled":true,"_links":{"self":[{"href":"https:\/\/mariahstone.com\/de\/wp-json\/wp\/v2\/pages\/1667","targetHints":{"allow":["GET"]}}],"collection":[{"href":"https:\/\/mariahstone.com\/de\/wp-json\/wp\/v2\/pages"}],"about":[{"href":"https:\/\/mariahstone.com\/de\/wp-json\/wp\/v2\/types\/page"}],"author":[{"embeddable":true,"href":"https:\/\/mariahstone.com\/de\/wp-json\/wp\/v2\/users\/1"}],"replies":[{"embeddable":true,"href":"https:\/\/mariahstone.com\/de\/wp-json\/wp\/v2\/comments?post=1667"}],"version-history":[{"count":0,"href":"https:\/\/mariahstone.com\/de\/wp-json\/wp\/v2\/pages\/1667\/revisions"}],"wp:attachment":[{"href":"https:\/\/mariahstone.com\/de\/wp-json\/wp\/v2\/media?parent=1667"}],"curies":[{"name":"wp","href":"https:\/\/api.w.org\/{rel}","templated":true}]}}