{"id":1693,"date":"2021-07-27T08:40:40","date_gmt":"2021-07-27T08:40:40","guid":{"rendered":"https:\/\/mariahstone.com\/?page_id=1693"},"modified":"2021-07-27T08:40:40","modified_gmt":"2021-07-27T08:40:40","slug":"bonusprisoniere","status":"publish","type":"page","link":"https:\/\/mariahstone.com\/de\/bonusprisoniere\/","title":{"rendered":"FRENCH &#8211; La Prisonni\u00e8re du highlander &#8211; \u00e9pilogue bonus"},"content":{"rendered":"<div class=\"gb-grid-wrapper gb-grid-wrapper-29b938ed\">\n<div class=\"gb-grid-column gb-grid-column-7c6eea9d\"><div class=\"gb-container gb-container-7c6eea9d\"><div class=\"gb-inside-container\">\n\n<div class=\"wp-block-image\"><figure class=\"aligncenter size-full\"><img decoding=\"async\" data-attachment-id=\"1706\" data-permalink=\"https:\/\/mariahstone.com\/de\/highlanderscaptive_french_ebook\/\" data-orig-file=\"https:\/\/mariahstone.com\/wp-content\/uploads\/2021\/07\/HighlandersCaptive_French_Ebook.jpg\" data-orig-size=\"1800,2700\" data-comments-opened=\"1\" data-image-meta=\"{&quot;aperture&quot;:&quot;0&quot;,&quot;credit&quot;:&quot;&quot;,&quot;camera&quot;:&quot;&quot;,&quot;caption&quot;:&quot;&quot;,&quot;created_timestamp&quot;:&quot;0&quot;,&quot;copyright&quot;:&quot;&quot;,&quot;focal_length&quot;:&quot;0&quot;,&quot;iso&quot;:&quot;0&quot;,&quot;shutter_speed&quot;:&quot;0&quot;,&quot;title&quot;:&quot;&quot;,&quot;orientation&quot;:&quot;1&quot;}\" data-image-title=\"Highlander&amp;#8217;sCaptive_French_Ebook\" data-image-description=\"\" data-image-caption=\"\" data-medium-file=\"https:\/\/mariahstone.com\/wp-content\/uploads\/2021\/07\/HighlandersCaptive_French_Ebook-200x300.jpg\" data-large-file=\"https:\/\/mariahstone.com\/wp-content\/uploads\/2021\/07\/HighlandersCaptive_French_Ebook-683x1024.jpg\" src=\"https:\/\/mariahstone.com\/wp-content\/uploads\/2021\/07\/HighlandersCaptive_French_Ebook-scaled.jpg\" alt=\"\" class=\"wp-image-1706\"\/><\/figure><\/div>\n\n<\/div><\/div><\/div>\n\n<div class=\"gb-grid-column gb-grid-column-6e14c7d2\"><div class=\"gb-container gb-container-6e14c7d2\"><div class=\"gb-inside-container\">\n\n<h1 class=\"wp-block-heading\">\u00c9pilogue bonus<\/h1>\n\n\n\n<p>Falnaird, Loch Awe, septembre 1309<\/p>\n\n\n\n<p>Craig s\u2019immobilisa \u00e0 l\u2019entr\u00e9e de la grande salle, son c\u0153ur se serrant en r\u00e9action \u00e0 l\u2019odeur fleurie de la bruy\u00e8re fra\u00eeche. Amy avait l\u2019habitude de cueillir toute plante en fleurs et de les mettre dans des vases en argile qu\u2019elle fabriquait. Il y en avait sur chacune des six longues tables et sur la table du seigneur, rendant la pi\u00e8ce plus gaie et plus lumineuse. Ce mois de septembre avait \u00e9t\u00e9 plus chaud que d\u2019habitude, et les bruy\u00e8res \u00e9taient toujours en fleurs, parsemant de violet et de magenta les collines vertes entourant Falnaird, le domaine de Craig.<\/p>\n\n\n\n<p>Elles \u00e9taient l\u00e0, les deux amours de sa vie&nbsp;: son \u00e9pouse et sa fille. Amy tenait Jenny, \u00e2g\u00e9e de neuf mois, sur sa hanche tandis qu\u2019elle parlait \u00e0 Moibeal, la nourrice. Les longs cheveux cuivr\u00e9s d\u2019Amy \u00e9taient tress\u00e9s et rassembl\u00e9s en un chignon derri\u00e8re sa t\u00eate. Il savait que cela devait \u00eatre pratique, mais cela faisait surtout ressortir la puret\u00e9 de sa peau et ses grands yeux aux longs cils.<\/p>\n\n\n\n<p>Jenny \u00e9tait une Cambel&nbsp;: les cheveux sombres et les yeux verts l\u00e9g\u00e8rement en amande. Elle gazouillait et su\u00e7ait son poing, puis un sourire radieux se dessina sur son doux visage rosi lorsqu\u2019elle se tourna vers lui.<\/p>\n\n\n\n<p>\u2014&nbsp;Babababa\u2009! s\u2019exclama-t-elle sans retirer son poing de sa bouche.<\/p>\n\n\n\n<p>Craig sentit un sourire b\u00eate qu\u2019il n\u2019aurait pu essayer de contenir lui courber les l\u00e8vres.<\/p>\n\n\n\n<p>Moibeal \u00e9tait une femme \u00e2g\u00e9e de cinquante ans avec le visage s\u00e9v\u00e8re d\u2019une nonne. Elle lui adressa un signe de t\u00eate.<\/p>\n\n\n\n<p>\u2014&nbsp;Mon seigneur.<\/p>\n\n\n\n<p>Amy se tourna, ses yeux s\u2019illuminant \u00e0 sa vue. Seigneur, sur son lit de mort il penserait \u00e0 ces yeux et \u00e0 ce visage. Ce regard, l\u2019\u00e9tincelle qu\u2019il contenait \u00e9taient sa raison de vivre. C\u2019\u00e9tait ce qui l\u2019avait aid\u00e9 \u00e0 tenir durant toutes les batailles qu\u2019il avait combattues pour Robert Bruce et pour son clan.<\/p>\n\n\n\n<p>Il \u00e9tait rentr\u00e9 aupr\u00e8s d\u2019elle.<\/p>\n\n\n\n<p>\u2026<\/p>\n\n\n\n<p><em><strong>Cliquez ici pour t\u00e9l\u00e9charger\u00a0l\u2019\u00e9pilogue bonus complet:<\/strong><\/em><\/p>\n\n\n\n<div class=\"wp-block-buttons is-layout-flex wp-block-buttons-is-layout-flex\">\n<div class=\"wp-block-button\"><a class=\"wp-block-button__link\" href=\"https:\/\/view.flodesk.com\/pages\/60ffea613a133d6885e0d1c2\" target=\"_blank\" rel=\"noreferrer noopener\">T\u00e9l\u00e9chargez votre exemplaire de l\u2019\u00e9pilogue bonus<\/a><\/div>\n<\/div>\n\n<\/div><\/div><\/div>\n<\/div>","protected":false},"excerpt":{"rendered":"","protected":false},"author":1,"featured_media":0,"parent":0,"menu_order":17,"comment_status":"closed","ping_status":"closed","template":"","meta":{"_acf_changed":false,"advanced_seo_description":"","jetpack_seo_html_title":"","jetpack_seo_noindex":false,"jetpack_post_was_ever_published":false,"footnotes":""},"class_list":["post-1693","page","type-page","status-publish"],"acf":[],"jetpack_shortlink":"https:\/\/wp.me\/PacBPe-rj","jetpack_sharing_enabled":true,"_links":{"self":[{"href":"https:\/\/mariahstone.com\/de\/wp-json\/wp\/v2\/pages\/1693","targetHints":{"allow":["GET"]}}],"collection":[{"href":"https:\/\/mariahstone.com\/de\/wp-json\/wp\/v2\/pages"}],"about":[{"href":"https:\/\/mariahstone.com\/de\/wp-json\/wp\/v2\/types\/page"}],"author":[{"embeddable":true,"href":"https:\/\/mariahstone.com\/de\/wp-json\/wp\/v2\/users\/1"}],"replies":[{"embeddable":true,"href":"https:\/\/mariahstone.com\/de\/wp-json\/wp\/v2\/comments?post=1693"}],"version-history":[{"count":0,"href":"https:\/\/mariahstone.com\/de\/wp-json\/wp\/v2\/pages\/1693\/revisions"}],"wp:attachment":[{"href":"https:\/\/mariahstone.com\/de\/wp-json\/wp\/v2\/media?parent=1693"}],"curies":[{"name":"wp","href":"https:\/\/api.w.org\/{rel}","templated":true}]}}