{"id":32943,"date":"2023-09-01T10:28:59","date_gmt":"2023-09-01T10:28:59","guid":{"rendered":"https:\/\/mariahstone.com\/?page_id=32943"},"modified":"2023-09-14T14:06:42","modified_gmt":"2023-09-14T14:06:42","slug":"bienvenue","status":"publish","type":"page","link":"https:\/\/mariahstone.com\/de\/bienvenue\/","title":{"rendered":"Bienvenue"},"content":{"rendered":"<h1 class=\"wp-block-heading has-text-align-center accent-text has-accent-color has-text-color\">Votre \u00e9pilogue bonus est d\u00e9j\u00e0 en route&#8230;<\/h1>\n\n\n\n<hr class=\"wp-block-separator has-text-color has-global-color-9-color has-css-opacity has-global-color-9-background-color has-background\"\/>\n\n\n\n<h2 class=\"wp-block-heading has-text-align-center\"><strong><strong>MA offre sp\u00e9ciale<\/strong>:<\/strong> <strong><br>3 livres <a href=\"https:\/\/geni.us\/offre-Website\">\u00e0 <strong>SEULEMENT 11.99 euros<\/strong><\/a>.<\/strong><\/h2>\n\n\n<div class=\"gb-container gb-container-e5f543b6\"><\/div>\n\n<div class=\"gb-container gb-container-8549cfa8\"><div class=\"gb-inside-container\">\n<div class=\"gb-grid-wrapper gb-grid-wrapper-9c0f7ff0\">\n<div class=\"gb-grid-column gb-grid-column-cc310cdb\"><div class=\"gb-container gb-container-cc310cdb\"><div class=\"gb-inside-container\">\n\n<figure class=\"wp-block-image size-large is-resized\"><a href=\"https:\/\/geni.us\/offre-Website\"><img fetchpriority=\"high\" decoding=\"async\" data-attachment-id=\"32973\" data-permalink=\"https:\/\/mariahstone.com\/de\/bienvenue\/attachment\/5\/#main\" data-orig-file=\"https:\/\/mariahstone.com\/wp-content\/uploads\/2023\/09\/5.png\" data-orig-size=\"1080,1080\" data-comments-opened=\"1\" data-image-meta=\"{&quot;aperture&quot;:&quot;0&quot;,&quot;credit&quot;:&quot;&quot;,&quot;camera&quot;:&quot;&quot;,&quot;caption&quot;:&quot;&quot;,&quot;created_timestamp&quot;:&quot;0&quot;,&quot;copyright&quot;:&quot;&quot;,&quot;focal_length&quot;:&quot;0&quot;,&quot;iso&quot;:&quot;0&quot;,&quot;shutter_speed&quot;:&quot;0&quot;,&quot;title&quot;:&quot;&quot;,&quot;orientation&quot;:&quot;0&quot;}\" data-image-title=\"5\" data-image-description=\"\" data-image-caption=\"\" data-large-file=\"https:\/\/mariahstone.com\/wp-content\/uploads\/2023\/09\/5-1024x1024.png\" src=\"https:\/\/mariahstone.com\/wp-content\/uploads\/2023\/09\/5-1024x1024.png\" alt=\"\" class=\"wp-image-32973\" style=\"width:514px;height:514px\" width=\"514\" height=\"514\" srcset=\"https:\/\/mariahstone.com\/wp-content\/uploads\/2023\/09\/5-1024x1024.png 1024w, https:\/\/mariahstone.com\/wp-content\/uploads\/2023\/09\/5-300x300.png 300w, https:\/\/mariahstone.com\/wp-content\/uploads\/2023\/09\/5-150x150.png?crop=1 150w, https:\/\/mariahstone.com\/wp-content\/uploads\/2023\/09\/5-768x768.png 768w, https:\/\/mariahstone.com\/wp-content\/uploads\/2023\/09\/5-12x12.png 12w, https:\/\/mariahstone.com\/wp-content\/uploads\/2023\/09\/5.png 1080w\" sizes=\"(max-width: 514px) 100vw, 514px\" \/><\/a><\/figure>\n\n\n\n<p><\/p>\n\n<\/div><\/div><\/div>\n\n<div class=\"gb-grid-column gb-grid-column-7df31629\"><div class=\"gb-container gb-container-7df31629\"><div class=\"gb-inside-container\">\n\n<h3 class=\"wp-block-heading\"><strong><em><a href=\"https:\/\/geni.us\/offre-Website\">Achetez les trois prochains livres de Highlanders<\/a> DIRECTEMENT aupr\u00e8s de moi et \u00e9conomisez 20% <\/em><\/strong><\/h3>\n\n\n<div class=\"gb-container gb-container-642f00d3\">\n\n<ul class=\"wp-block-list\">\n<li><strong>Les 3 prochains livres <\/strong>sur les Highlanders (tomes 2-4) \u00e0 -20% de r\u00e9duction <\/li>\n\n\n\n<li><strong>Continuez \u00e0 d\u00e9vorer<\/strong> <strong>nos histoires<\/strong> <strong>d&#8217;amour<\/strong> \u00e9cossaises tant aim\u00e9es ! <\/li>\n\n\n\n<li><strong>Achetez DIRECTEMENT<\/strong> de l&#8217;auteur et r\u00e9alisez des \u00e9conomies notables !<\/li>\n\n\n\n<li><strong>La meilleure fa\u00e7on de me soutenir<\/strong> ? Faire le choix de ne pas passer par les grandes enseignes et acheter directement <a href=\"https:\/\/geni.us\/offre-Website\">depuis ma boutique personnelle<\/a>.<\/li>\n<\/ul>\n\n<\/div>\n\n<div class=\"gb-container gb-container-300e978c\">\n\n<p class=\"has-text-align-center has-accent-color has-text-color has-medium-font-size\"><a href=\"https:\/\/geni.us\/offre-Website\"><strong>Prix initial : <s>\u20ac14.99<\/s><br>Offre sp\u00e9ciale : \u20ac11.99<\/strong><br><strong><strong>\u00c9conomie r\u00e9alis\u00e9e : 20%<\/strong><\/strong><\/a><\/p>\n\n<\/div>\n\n\n<div class=\"wp-block-buttons is-content-justification-center is-layout-flex wp-container-core-buttons-is-layout-16018d1d wp-block-buttons-is-layout-flex\">\n<div class=\"wp-block-button has-custom-width wp-block-button__width-75 has-custom-font-size is-style-outline has-small-font-size is-style-outline--1\"><a class=\"wp-block-button__link has-base-3-color has-accent-background-color has-text-color has-background wp-element-button\" href=\"https:\/\/geni.us\/offre-Website\" style=\"border-radius:10px\">D\u00e9couvrez ma boutique en ligne.<\/a><\/div>\n<\/div>\n\n\n\n<p class=\"has-text-align-center has-accent-color has-text-color has-small-font-size\"><mark style=\"background-color:rgba(0, 0, 0, 0)\" class=\"has-inline-color has-contrast-2-color\"><em> <\/em><\/mark><em><mark style=\"background-color:rgba(0, 0, 0, 0)\" class=\"has-inline-color has-contrast-3-color\">*<\/mark><\/em><mark style=\"background-color:rgba(0, 0, 0, 0)\" class=\"has-inline-color has-contrast-3-color\">Dans ma <a href=\"https:\/\/geni.us\/offre-Website\">boutique en ligne<\/a>, vous pouvez acheter des livres num\u00e9rique s\u00e9lectionn\u00e9s \u00e0 des prix particuli\u00e8rement avantageux.<\/mark><em><mark style=\"background-color:rgba(0, 0, 0, 0)\" class=\"has-inline-color has-contrast-3-color\">. <\/mark><\/em><\/p>\n\n<\/div><\/div><\/div>\n<\/div>\n<\/div><\/div>","protected":false},"excerpt":{"rendered":"<p>Votre \u00e9pilogue bonus est d\u00e9j\u00e0 en route&#8230; MA offre sp\u00e9ciale: 3 livres \u00e0 SEULEMENT 11.99 euros.<\/p>","protected":false},"author":1,"featured_media":0,"parent":0,"menu_order":0,"comment_status":"closed","ping_status":"closed","template":"","meta":{"_acf_changed":false,"advanced_seo_description":"","jetpack_seo_html_title":"","jetpack_seo_noindex":false,"jetpack_post_was_ever_published":false,"footnotes":""},"class_list":["post-32943","page","type-page","status-publish"],"acf":[],"jetpack_shortlink":"https:\/\/wp.me\/PacBPe-8zl","jetpack_sharing_enabled":true,"_links":{"self":[{"href":"https:\/\/mariahstone.com\/de\/wp-json\/wp\/v2\/pages\/32943","targetHints":{"allow":["GET"]}}],"collection":[{"href":"https:\/\/mariahstone.com\/de\/wp-json\/wp\/v2\/pages"}],"about":[{"href":"https:\/\/mariahstone.com\/de\/wp-json\/wp\/v2\/types\/page"}],"author":[{"embeddable":true,"href":"https:\/\/mariahstone.com\/de\/wp-json\/wp\/v2\/users\/1"}],"replies":[{"embeddable":true,"href":"https:\/\/mariahstone.com\/de\/wp-json\/wp\/v2\/comments?post=32943"}],"version-history":[{"count":0,"href":"https:\/\/mariahstone.com\/de\/wp-json\/wp\/v2\/pages\/32943\/revisions"}],"wp:attachment":[{"href":"https:\/\/mariahstone.com\/de\/wp-json\/wp\/v2\/media?parent=32943"}],"curies":[{"name":"wp","href":"https:\/\/api.w.org\/{rel}","templated":true}]}}