{"id":335,"date":"2019-05-12T18:39:03","date_gmt":"2019-05-12T18:39:03","guid":{"rendered":"https:\/\/mariahstone.com\/?page_id=335"},"modified":"2024-03-28T19:44:48","modified_gmt":"2024-03-28T19:44:48","slug":"freebooks","status":"publish","type":"page","link":"https:\/\/mariahstone.com\/de\/freebooks\/","title":{"rendered":"Kostenfreie B\u00fccher"},"content":{"rendered":"<\/p>\n\n\n\n<div class=\"wp-block-group\"><div class=\"wp-block-group__inner-container is-layout-flow wp-block-group-is-layout-flow\">\n<h1 class=\"wp-block-heading freebooks-title\">kostenlose B\u00fccher in Deutsch<\/h1>\n\n\n<div class=\"gb-container gb-container-698b7449 free-sineag\"><div class=\"gb-inside-container\">\n<div class=\"gb-grid-wrapper gb-grid-wrapper-3b5896b2\">\n<div class=\"gb-grid-column gb-grid-column-5a949331\"><div class=\"gb-container gb-container-5a949331\"><div class=\"gb-inside-container\">\n<div class=\"wp-block-image\">\n<figure class=\"aligncenter size-full\"><img fetchpriority=\"high\" decoding=\"async\" width=\"800\" height=\"1200\" data-attachment-id=\"1661\" data-permalink=\"https:\/\/mariahstone.com\/de\/german-sineag-cover-1\/\" data-orig-file=\"https:\/\/mariahstone.com\/wp-content\/uploads\/2021\/05\/GERMAN-Sineag-cover-1.png\" data-orig-size=\"800,1200\" data-comments-opened=\"1\" data-image-meta=\"{&quot;aperture&quot;:&quot;0&quot;,&quot;credit&quot;:&quot;&quot;,&quot;camera&quot;:&quot;&quot;,&quot;caption&quot;:&quot;&quot;,&quot;created_timestamp&quot;:&quot;0&quot;,&quot;copyright&quot;:&quot;&quot;,&quot;focal_length&quot;:&quot;0&quot;,&quot;iso&quot;:&quot;0&quot;,&quot;shutter_speed&quot;:&quot;0&quot;,&quot;title&quot;:&quot;&quot;,&quot;orientation&quot;:&quot;0&quot;}\" data-image-title=\"GERMAN &amp;#8211; Sineag cover (1)\" data-image-description=\"\" data-image-caption=\"\" data-large-file=\"https:\/\/mariahstone.com\/wp-content\/uploads\/2021\/05\/GERMAN-Sineag-cover-1-683x1024.png\" src=\"https:\/\/mariahstone.com\/wp-content\/uploads\/2021\/05\/GERMAN-Sineag-cover-1.png\" alt=\"\" class=\"wp-image-1661\" srcset=\"https:\/\/mariahstone.com\/wp-content\/uploads\/2021\/05\/GERMAN-Sineag-cover-1.png 800w, https:\/\/mariahstone.com\/wp-content\/uploads\/2021\/05\/GERMAN-Sineag-cover-1-200x300.png 200w, https:\/\/mariahstone.com\/wp-content\/uploads\/2021\/05\/GERMAN-Sineag-cover-1-683x1024.png 683w, https:\/\/mariahstone.com\/wp-content\/uploads\/2021\/05\/GERMAN-Sineag-cover-1-768x1152.png 768w, https:\/\/mariahstone.com\/wp-content\/uploads\/2021\/05\/GERMAN-Sineag-cover-1-480x720.png 480w\" sizes=\"(max-width: 800px) 100vw, 800px\" \/><\/figure>\n<\/div>\n<\/div><\/div><\/div>\n\n<div class=\"gb-grid-column gb-grid-column-b40cc4c6\"><div class=\"gb-container gb-container-b40cc4c6\"><div class=\"gb-inside-container\">\n\n<h6 class=\"wp-block-heading\">S\u00ecneag<\/h6>\n\n\n\n<p>Lade noch heute S\u00ecneags Geschichte herunter und erfahre wie S\u00ecneag mit ihren Entscheidungen unser Schicksal f\u00fcr alle Zeiten ver\u00e4ndert hat.<\/p>\n\n<\/div><\/div><\/div>\n\n<div class=\"gb-grid-column gb-grid-column-e8a95b5a\"><div class=\"gb-container gb-container-e8a95b5a\"><div class=\"gb-inside-container\">\n\n<div class=\"wp-block-buttons is-content-justification-center is-layout-flex wp-container-core-buttons-is-layout-16018d1d wp-block-buttons-is-layout-flex\">\n<div class=\"wp-block-button is-style-fill\"><a class=\"wp-block-button__link wp-element-button\" href=\"https:\/\/view.flodesk.com\/pages\/60916705460b0052a51ac393\" target=\"_blank\" rel=\"noreferrer noopener\">KOSTENFREI HERUNTERLADEN<\/a><\/div>\n<\/div>\n\n<\/div><\/div><\/div>\n<\/div>\n\n\n<hr class=\"wp-block-separator has-css-opacity\"\/>\n\n<\/div><\/div>\n\n<div class=\"gb-container gb-container-22907ce5 free-onenightwithaviking\"><div class=\"gb-inside-container\">\n<div class=\"gb-grid-wrapper gb-grid-wrapper-43e6bd0e\">\n<div class=\"gb-grid-column gb-grid-column-4e04fe2a\"><div class=\"gb-container gb-container-4e04fe2a\"><div class=\"gb-inside-container\">\n<div class=\"wp-block-image\">\n<figure class=\"aligncenter size-full\"><img decoding=\"async\" width=\"800\" height=\"1200\" data-attachment-id=\"31420\" data-permalink=\"https:\/\/mariahstone.com\/de\/onwav_ger_ebook_bn-2\/\" data-orig-file=\"https:\/\/mariahstone.com\/wp-content\/uploads\/2022\/09\/ONWAV_GER_Ebook_BN-1.jpg\" data-orig-size=\"800,1200\" data-comments-opened=\"0\" data-image-meta=\"{&quot;aperture&quot;:&quot;0&quot;,&quot;credit&quot;:&quot;&quot;,&quot;camera&quot;:&quot;&quot;,&quot;caption&quot;:&quot;&quot;,&quot;created_timestamp&quot;:&quot;0&quot;,&quot;copyright&quot;:&quot;&quot;,&quot;focal_length&quot;:&quot;0&quot;,&quot;iso&quot;:&quot;0&quot;,&quot;shutter_speed&quot;:&quot;0&quot;,&quot;title&quot;:&quot;&quot;,&quot;orientation&quot;:&quot;0&quot;}\" data-image-title=\"ONWAV_GER_Ebook_B&amp;#038;N\" data-image-description=\"\" data-image-caption=\"\" data-large-file=\"https:\/\/mariahstone.com\/wp-content\/uploads\/2022\/09\/ONWAV_GER_Ebook_BN-1-683x1024.jpg\" src=\"https:\/\/mariahstone.com\/wp-content\/uploads\/2022\/09\/ONWAV_GER_Ebook_BN-1.jpg\" alt=\"\" class=\"wp-image-31420\" srcset=\"https:\/\/mariahstone.com\/wp-content\/uploads\/2022\/09\/ONWAV_GER_Ebook_BN-1.jpg 800w, https:\/\/mariahstone.com\/wp-content\/uploads\/2022\/09\/ONWAV_GER_Ebook_BN-1-200x300.jpg 200w, https:\/\/mariahstone.com\/wp-content\/uploads\/2022\/09\/ONWAV_GER_Ebook_BN-1-683x1024.jpg 683w, https:\/\/mariahstone.com\/wp-content\/uploads\/2022\/09\/ONWAV_GER_Ebook_BN-1-768x1152.jpg 768w, https:\/\/mariahstone.com\/wp-content\/uploads\/2022\/09\/ONWAV_GER_Ebook_BN-1-8x12.jpg 8w\" sizes=\"(max-width: 800px) 100vw, 800px\" \/><\/figure>\n<\/div>\n<\/div><\/div><\/div>\n\n<div class=\"gb-grid-column gb-grid-column-6d3bbf97\"><div class=\"gb-container gb-container-6d3bbf97\"><div class=\"gb-inside-container\">\n\n<h6 class=\"wp-block-heading\">Die Verlockung des Kriegers<\/h6>\n\n\n\n<p>Der Schmerz der Vergangenheit. Die Magie des Verlangens. Und eine unvergessliche Nacht. \u201eDie Verlockung des Kriegers\u201c ist das Prequel der neuen Zeitreise-Romanreihe \u201eIm Bann des Wikingers\u201c von Mariah Stone.<\/p>\n\n<\/div><\/div><\/div>\n\n<div class=\"gb-grid-column gb-grid-column-f67c0239\"><div class=\"gb-container gb-container-f67c0239\"><div class=\"gb-inside-container\">\n\n<div class=\"wp-block-buttons is-content-justification-center is-layout-flex wp-container-core-buttons-is-layout-16018d1d wp-block-buttons-is-layout-flex\">\n<div class=\"wp-block-button is-style-fill\"><a class=\"wp-block-button__link wp-element-button\" href=\"https:\/\/view.flodesk.com\/pages\/63236d8f3b2884775527b251\" target=\"_blank\" rel=\"noreferrer noopener\">KOSTENFREI HERUNTERLADEN<\/a><\/div>\n<\/div>\n\n<\/div><\/div><\/div>\n<\/div>\n\n\n<hr class=\"wp-block-separator has-css-opacity\"\/>\n\n<\/div><\/div>\n\n<div class=\"gb-container gb-container-28f5d924 free-highlanderscaptive\"><div class=\"gb-inside-container\">\n<div class=\"gb-grid-wrapper gb-grid-wrapper-f82ad5df\">\n<div class=\"gb-grid-column gb-grid-column-5da35f50\"><div class=\"gb-container gb-container-5da35f50\"><div class=\"gb-inside-container\">\n<div class=\"wp-block-image\">\n<figure class=\"aligncenter size-full\"><img decoding=\"async\" width=\"800\" height=\"1200\" data-attachment-id=\"1753\" data-permalink=\"https:\/\/mariahstone.com\/de\/highlanderscaptive_german_ebook_bn\/\" data-orig-file=\"https:\/\/mariahstone.com\/wp-content\/uploads\/2021\/08\/HighlandersCaptive_German_Ebook_BN.jpg\" data-orig-size=\"800,1200\" data-comments-opened=\"1\" data-image-meta=\"{&quot;aperture&quot;:&quot;0&quot;,&quot;credit&quot;:&quot;&quot;,&quot;camera&quot;:&quot;&quot;,&quot;caption&quot;:&quot;&quot;,&quot;created_timestamp&quot;:&quot;0&quot;,&quot;copyright&quot;:&quot;&quot;,&quot;focal_length&quot;:&quot;0&quot;,&quot;iso&quot;:&quot;0&quot;,&quot;shutter_speed&quot;:&quot;0&quot;,&quot;title&quot;:&quot;&quot;,&quot;orientation&quot;:&quot;0&quot;}\" data-image-title=\"Highlander&amp;#8217;sCaptive_German_Ebook_B&amp;#038;N\" data-image-description=\"\" data-image-caption=\"\" data-large-file=\"https:\/\/mariahstone.com\/wp-content\/uploads\/2021\/08\/HighlandersCaptive_German_Ebook_BN-683x1024.jpg\" src=\"https:\/\/mariahstone.com\/wp-content\/uploads\/2021\/08\/HighlandersCaptive_German_Ebook_BN.jpg\" alt=\"\" class=\"wp-image-1753\" srcset=\"https:\/\/mariahstone.com\/wp-content\/uploads\/2021\/08\/HighlandersCaptive_German_Ebook_BN.jpg 800w, https:\/\/mariahstone.com\/wp-content\/uploads\/2021\/08\/HighlandersCaptive_German_Ebook_BN-200x300.jpg 200w, https:\/\/mariahstone.com\/wp-content\/uploads\/2021\/08\/HighlandersCaptive_German_Ebook_BN-683x1024.jpg 683w, https:\/\/mariahstone.com\/wp-content\/uploads\/2021\/08\/HighlandersCaptive_German_Ebook_BN-768x1152.jpg 768w, https:\/\/mariahstone.com\/wp-content\/uploads\/2021\/08\/HighlandersCaptive_German_Ebook_BN-480x720.jpg 480w\" sizes=\"(max-width: 800px) 100vw, 800px\" \/><\/figure>\n<\/div>\n<\/div><\/div><\/div>\n\n<div class=\"gb-grid-column gb-grid-column-66449088\"><div class=\"gb-container gb-container-66449088\"><div class=\"gb-inside-container\">\n\n<h6 class=\"wp-block-heading\">Bonus-Epilog<\/h6>\n\n\n\n<p>Lese jetzt die Fortsetzung der Geschichte von Amy und Craig in einem kostenlosen Bonus-Epilog, und lerne ihr Baby kennen.<\/p>\n\n<\/div><\/div><\/div>\n\n<div class=\"gb-grid-column gb-grid-column-aa5701fc\"><div class=\"gb-container gb-container-aa5701fc\"><div class=\"gb-inside-container\">\n\n<div class=\"wp-block-buttons is-content-justification-center is-layout-flex wp-container-core-buttons-is-layout-16018d1d wp-block-buttons-is-layout-flex\">\n<div class=\"wp-block-button is-style-fill\"><a class=\"wp-block-button__link wp-element-button\" href=\"https:\/\/view.flodesk.com\/pages\/6090138882685900429fe05b\" target=\"_blank\" rel=\"noreferrer noopener\">BONUS-EPILOG ERHALTEN<\/a><\/div>\n<\/div>\n\n<\/div><\/div><\/div>\n<\/div>\n\n\n<hr class=\"wp-block-separator has-css-opacity\"\/>\n\n<\/div><\/div>\n\n<div class=\"gb-container gb-container-d7d421da free-highlanderssecret\"><div class=\"gb-inside-container\">\n<div class=\"gb-grid-wrapper gb-grid-wrapper-40718621\">\n<div class=\"gb-grid-column gb-grid-column-8aa350c2\"><div class=\"gb-container gb-container-8aa350c2\"><div class=\"gb-inside-container\">\n<div class=\"wp-block-image\">\n<figure class=\"aligncenter size-full\"><img loading=\"lazy\" decoding=\"async\" width=\"800\" height=\"1200\" data-attachment-id=\"1754\" data-permalink=\"https:\/\/mariahstone.com\/de\/highlanderssecret_german_ebook_bn\/\" data-orig-file=\"https:\/\/mariahstone.com\/wp-content\/uploads\/2021\/08\/HighlandersSecret_German_Ebook_BN.jpg\" data-orig-size=\"800,1200\" data-comments-opened=\"1\" data-image-meta=\"{&quot;aperture&quot;:&quot;0&quot;,&quot;credit&quot;:&quot;&quot;,&quot;camera&quot;:&quot;&quot;,&quot;caption&quot;:&quot;&quot;,&quot;created_timestamp&quot;:&quot;0&quot;,&quot;copyright&quot;:&quot;&quot;,&quot;focal_length&quot;:&quot;0&quot;,&quot;iso&quot;:&quot;0&quot;,&quot;shutter_speed&quot;:&quot;0&quot;,&quot;title&quot;:&quot;&quot;,&quot;orientation&quot;:&quot;0&quot;}\" data-image-title=\"Highlander&amp;#8217;sSecret_German_Ebook_B&amp;#038;N\" data-image-description=\"\" data-image-caption=\"\" data-large-file=\"https:\/\/mariahstone.com\/wp-content\/uploads\/2021\/08\/HighlandersSecret_German_Ebook_BN-683x1024.jpg\" src=\"https:\/\/mariahstone.com\/wp-content\/uploads\/2021\/08\/HighlandersSecret_German_Ebook_BN.jpg\" alt=\"\" class=\"wp-image-1754\" srcset=\"https:\/\/mariahstone.com\/wp-content\/uploads\/2021\/08\/HighlandersSecret_German_Ebook_BN.jpg 800w, https:\/\/mariahstone.com\/wp-content\/uploads\/2021\/08\/HighlandersSecret_German_Ebook_BN-200x300.jpg 200w, https:\/\/mariahstone.com\/wp-content\/uploads\/2021\/08\/HighlandersSecret_German_Ebook_BN-683x1024.jpg 683w, https:\/\/mariahstone.com\/wp-content\/uploads\/2021\/08\/HighlandersSecret_German_Ebook_BN-768x1152.jpg 768w, https:\/\/mariahstone.com\/wp-content\/uploads\/2021\/08\/HighlandersSecret_German_Ebook_BN-480x720.jpg 480w\" sizes=\"(max-width: 800px) 100vw, 800px\" \/><\/figure>\n<\/div>\n<\/div><\/div><\/div>\n\n<div class=\"gb-grid-column gb-grid-column-939195bc\"><div class=\"gb-container gb-container-939195bc\"><div class=\"gb-inside-container\">\n\n<h6 class=\"wp-block-heading\">Bonus-Epilog<\/h6>\n\n\n\n<p>Lese jetzt den Bonus-Epilolog f\u00fcr \u201eDas Geheimnis der Schottin\u201c, und erfahre wies Marjorie und Konnor sechs Monate sp\u00e4ter geht.<\/p>\n\n<\/div><\/div><\/div>\n\n<div class=\"gb-grid-column gb-grid-column-947e8914\"><div class=\"gb-container gb-container-947e8914\"><div class=\"gb-inside-container\">\n\n<div class=\"wp-block-buttons is-content-justification-center is-layout-flex wp-container-core-buttons-is-layout-16018d1d wp-block-buttons-is-layout-flex\">\n<div class=\"wp-block-button is-style-fill\"><a class=\"wp-block-button__link wp-element-button\" href=\"https:\/\/view.flodesk.com\/pages\/60d476c0841849144c337e38\" target=\"_blank\" rel=\"noreferrer noopener\">BONUS-EPILOG ERHALTEN<\/a><\/div>\n<\/div>\n\n<\/div><\/div><\/div>\n<\/div>\n\n\n<hr class=\"wp-block-separator has-css-opacity\"\/>\n\n<\/div><\/div>\n\n<div class=\"gb-container gb-container-8d9039f1 free-thefortressoftime\"><div class=\"gb-inside-container\">\n<div class=\"gb-grid-wrapper gb-grid-wrapper-117269d8\">\n<div class=\"gb-grid-column gb-grid-column-a1232953\"><div class=\"gb-container gb-container-a1232953\"><div class=\"gb-inside-container\">\n<div class=\"wp-block-image\">\n<figure class=\"aligncenter size-full\"><img loading=\"lazy\" decoding=\"async\" width=\"800\" height=\"1200\" data-attachment-id=\"31425\" data-permalink=\"https:\/\/mariahstone.com\/de\/tfortressot_ger_ebook_bn-2\/\" data-orig-file=\"https:\/\/mariahstone.com\/wp-content\/uploads\/2022\/09\/TFortressOT_GER_Ebook_BN-1.jpg\" data-orig-size=\"800,1200\" data-comments-opened=\"0\" data-image-meta=\"{&quot;aperture&quot;:&quot;0&quot;,&quot;credit&quot;:&quot;&quot;,&quot;camera&quot;:&quot;&quot;,&quot;caption&quot;:&quot;&quot;,&quot;created_timestamp&quot;:&quot;0&quot;,&quot;copyright&quot;:&quot;&quot;,&quot;focal_length&quot;:&quot;0&quot;,&quot;iso&quot;:&quot;0&quot;,&quot;shutter_speed&quot;:&quot;0&quot;,&quot;title&quot;:&quot;&quot;,&quot;orientation&quot;:&quot;0&quot;}\" data-image-title=\"TFortressOT_GER_Ebook_B&amp;#038;N\" data-image-description=\"\" data-image-caption=\"\" data-large-file=\"https:\/\/mariahstone.com\/wp-content\/uploads\/2022\/09\/TFortressOT_GER_Ebook_BN-1-683x1024.jpg\" src=\"https:\/\/mariahstone.com\/wp-content\/uploads\/2022\/09\/TFortressOT_GER_Ebook_BN-1.jpg\" alt=\"\" class=\"wp-image-31425\" srcset=\"https:\/\/mariahstone.com\/wp-content\/uploads\/2022\/09\/TFortressOT_GER_Ebook_BN-1.jpg 800w, https:\/\/mariahstone.com\/wp-content\/uploads\/2022\/09\/TFortressOT_GER_Ebook_BN-1-200x300.jpg 200w, https:\/\/mariahstone.com\/wp-content\/uploads\/2022\/09\/TFortressOT_GER_Ebook_BN-1-683x1024.jpg 683w, https:\/\/mariahstone.com\/wp-content\/uploads\/2022\/09\/TFortressOT_GER_Ebook_BN-1-768x1152.jpg 768w, https:\/\/mariahstone.com\/wp-content\/uploads\/2022\/09\/TFortressOT_GER_Ebook_BN-1-8x12.jpg 8w\" sizes=\"(max-width: 800px) 100vw, 800px\" \/><\/figure>\n<\/div>\n<\/div><\/div><\/div>\n\n<div class=\"gb-grid-column gb-grid-column-10b1c87c\"><div class=\"gb-container gb-container-10b1c87c\"><div class=\"gb-inside-container\">\n\n<h6 class=\"wp-block-heading\">Karakter-Portr\u00e4ts<\/h6>\n\n\n\n<p>Willst du sehen, wie ich mir Sigurd und Donna vorstelle? Ich habe einen K\u00fcnstler beauftragt, ihre Portr\u00e4ts zu gestalten. Wenn du neugierig bist, schaue sie dir gerne an!<\/p>\n\n<\/div><\/div><\/div>\n\n<div class=\"gb-grid-column gb-grid-column-ba6ca445\"><div class=\"gb-container gb-container-ba6ca445\"><div class=\"gb-inside-container\">\n\n<div class=\"wp-block-buttons is-content-justification-center is-layout-flex wp-container-core-buttons-is-layout-16018d1d wp-block-buttons-is-layout-flex\">\n<div class=\"wp-block-button is-style-fill\"><a class=\"wp-block-button__link wp-element-button\" href=\"\/de\/the-fortress-of-time-character-portraits\/\">ZU DEN PORTR\u00c4TS<\/a><\/div>\n<\/div>\n\n<\/div><\/div><\/div>\n<\/div>\n\n\n<hr class=\"wp-block-separator has-css-opacity\"\/>\n\n<\/div><\/div>\n\n<div class=\"gb-container gb-container-d4802f0b free-themarriageoftime-deleted\"><div class=\"gb-inside-container\">\n<div class=\"gb-grid-wrapper gb-grid-wrapper-6b7cfa8a\">\n<div class=\"gb-grid-column gb-grid-column-4f308f56\"><div class=\"gb-container gb-container-4f308f56\"><div class=\"gb-inside-container\">\n<div class=\"wp-block-image\">\n<figure class=\"aligncenter size-full\"><img loading=\"lazy\" decoding=\"async\" width=\"800\" height=\"1200\" data-attachment-id=\"31423\" data-permalink=\"https:\/\/mariahstone.com\/de\/tmarriageot_ger_ebook_bn-2\/\" data-orig-file=\"https:\/\/mariahstone.com\/wp-content\/uploads\/2022\/09\/TMarriageOT_GER_Ebook_BN-1.jpg\" data-orig-size=\"800,1200\" data-comments-opened=\"0\" data-image-meta=\"{&quot;aperture&quot;:&quot;0&quot;,&quot;credit&quot;:&quot;&quot;,&quot;camera&quot;:&quot;&quot;,&quot;caption&quot;:&quot;&quot;,&quot;created_timestamp&quot;:&quot;0&quot;,&quot;copyright&quot;:&quot;&quot;,&quot;focal_length&quot;:&quot;0&quot;,&quot;iso&quot;:&quot;0&quot;,&quot;shutter_speed&quot;:&quot;0&quot;,&quot;title&quot;:&quot;&quot;,&quot;orientation&quot;:&quot;0&quot;}\" data-image-title=\"TMarriageOT_GER_Ebook_B&amp;#038;N\" data-image-description=\"\" data-image-caption=\"\" data-large-file=\"https:\/\/mariahstone.com\/wp-content\/uploads\/2022\/09\/TMarriageOT_GER_Ebook_BN-1-683x1024.jpg\" src=\"https:\/\/mariahstone.com\/wp-content\/uploads\/2022\/09\/TMarriageOT_GER_Ebook_BN-1.jpg\" alt=\"\" class=\"wp-image-31423\" srcset=\"https:\/\/mariahstone.com\/wp-content\/uploads\/2022\/09\/TMarriageOT_GER_Ebook_BN-1.jpg 800w, https:\/\/mariahstone.com\/wp-content\/uploads\/2022\/09\/TMarriageOT_GER_Ebook_BN-1-200x300.jpg 200w, https:\/\/mariahstone.com\/wp-content\/uploads\/2022\/09\/TMarriageOT_GER_Ebook_BN-1-683x1024.jpg 683w, https:\/\/mariahstone.com\/wp-content\/uploads\/2022\/09\/TMarriageOT_GER_Ebook_BN-1-768x1152.jpg 768w, https:\/\/mariahstone.com\/wp-content\/uploads\/2022\/09\/TMarriageOT_GER_Ebook_BN-1-8x12.jpg 8w\" sizes=\"(max-width: 800px) 100vw, 800px\" \/><\/figure>\n<\/div>\n<\/div><\/div><\/div>\n\n<div class=\"gb-grid-column gb-grid-column-87fafdc4\"><div class=\"gb-container gb-container-87fafdc4\"><div class=\"gb-inside-container\">\n\n<h6 class=\"wp-block-heading\">Unver\u00f6ffentlichter Prolog<\/h6>\n\n\n\n<p>Ich habe diesen Prolog geschrieben, bevor ich das erste Wort in The Marriage of Time geschrieben habe. Als ich sp\u00e4ter mit meiner Lektorin \u00fcberlegt habe, wie ich den Roman beginnen soll, haben wir uns f\u00fcr einen anderen Anfang entschieden \u2013 wo ein erwachsener Hakon K\u00f6nig Nyr gegen\u00fcbersteht. Dennoch liebe ich diesen Prolog, weil man ein Gef\u00fchl daf\u00fcr bekommt, was aus der Perspektive des zw\u00f6lfj\u00e4hrigen Hakon in jener Nacht passiert ist und wer war, als sich alles \u00e4nderte. Und man lernt dabei auch seine Mutter Dota und seinen Vater Ulf kennen.<\/p>\n\n<\/div><\/div><\/div>\n\n<div class=\"gb-grid-column gb-grid-column-31874977\"><div class=\"gb-container gb-container-31874977\"><div class=\"gb-inside-container\">\n\n<div class=\"wp-block-buttons is-content-justification-center is-layout-flex wp-container-core-buttons-is-layout-16018d1d wp-block-buttons-is-layout-flex\">\n<div class=\"wp-block-button is-style-fill\"><a class=\"wp-block-button__link wp-element-button\" href=\"https:\/\/mariahstone.com\/de\/books\/the-marriage-of-time-deleted-prologue\/\">JETZT LESEN<\/a><\/div>\n<\/div>\n\n<\/div><\/div><\/div>\n<\/div>\n\n\n<hr class=\"wp-block-separator has-css-opacity\"\/>\n\n<\/div><\/div>\n\n<div class=\"gb-container gb-container-db8db919 free-themarriageoftime-bonus\"><div class=\"gb-inside-container\">\n<div class=\"gb-grid-wrapper gb-grid-wrapper-94e198fc\">\n<div class=\"gb-grid-column gb-grid-column-46ef5c68\"><div class=\"gb-container gb-container-46ef5c68\"><div class=\"gb-inside-container\">\n<div class=\"wp-block-image\">\n<figure class=\"aligncenter size-full\"><img loading=\"lazy\" decoding=\"async\" width=\"800\" height=\"1200\" data-attachment-id=\"31423\" data-permalink=\"https:\/\/mariahstone.com\/de\/tmarriageot_ger_ebook_bn-2\/\" data-orig-file=\"https:\/\/mariahstone.com\/wp-content\/uploads\/2022\/09\/TMarriageOT_GER_Ebook_BN-1.jpg\" data-orig-size=\"800,1200\" data-comments-opened=\"0\" data-image-meta=\"{&quot;aperture&quot;:&quot;0&quot;,&quot;credit&quot;:&quot;&quot;,&quot;camera&quot;:&quot;&quot;,&quot;caption&quot;:&quot;&quot;,&quot;created_timestamp&quot;:&quot;0&quot;,&quot;copyright&quot;:&quot;&quot;,&quot;focal_length&quot;:&quot;0&quot;,&quot;iso&quot;:&quot;0&quot;,&quot;shutter_speed&quot;:&quot;0&quot;,&quot;title&quot;:&quot;&quot;,&quot;orientation&quot;:&quot;0&quot;}\" data-image-title=\"TMarriageOT_GER_Ebook_B&amp;#038;N\" data-image-description=\"\" data-image-caption=\"\" data-large-file=\"https:\/\/mariahstone.com\/wp-content\/uploads\/2022\/09\/TMarriageOT_GER_Ebook_BN-1-683x1024.jpg\" src=\"https:\/\/mariahstone.com\/wp-content\/uploads\/2022\/09\/TMarriageOT_GER_Ebook_BN-1.jpg\" alt=\"\" class=\"wp-image-31423\" srcset=\"https:\/\/mariahstone.com\/wp-content\/uploads\/2022\/09\/TMarriageOT_GER_Ebook_BN-1.jpg 800w, https:\/\/mariahstone.com\/wp-content\/uploads\/2022\/09\/TMarriageOT_GER_Ebook_BN-1-200x300.jpg 200w, https:\/\/mariahstone.com\/wp-content\/uploads\/2022\/09\/TMarriageOT_GER_Ebook_BN-1-683x1024.jpg 683w, https:\/\/mariahstone.com\/wp-content\/uploads\/2022\/09\/TMarriageOT_GER_Ebook_BN-1-768x1152.jpg 768w, https:\/\/mariahstone.com\/wp-content\/uploads\/2022\/09\/TMarriageOT_GER_Ebook_BN-1-8x12.jpg 8w\" sizes=\"(max-width: 800px) 100vw, 800px\" \/><\/figure>\n<\/div>\n<\/div><\/div><\/div>\n\n<div class=\"gb-grid-column gb-grid-column-25c142ba\"><div class=\"gb-container gb-container-25c142ba\"><div class=\"gb-inside-container\">\n\n<h6 class=\"wp-block-heading\">Bonus-Epilog<\/h6>\n\n\n\n<p>Obwohl der Epilog im Buch die gro\u00dfe Hochzeit ist, hast du hier die M\u00f6glichkeit, einen intimen morgen mit der kleinen Familie zu erleben: nur mit Hakon, Mia und Ulf. Ich liebe diese Szene, weil sie so gem\u00fctlich und intim ist. Auch wollte ich sie gerne mit dir teilen, weil Mia in im Buch schwanger war. Daher ist diese Szene auch eine einzigartige Gelegenheit, das Paar mit ihrem Sohn in ihrer eigenen kleinen Gl\u00fcck zu erleben. Gl\u00fcck, das sie wirklich verdient haben.<\/p>\n\n<\/div><\/div><\/div>\n\n<div class=\"gb-grid-column gb-grid-column-e8546491\"><div class=\"gb-container gb-container-e8546491\"><div class=\"gb-inside-container\">\n\n<div class=\"wp-block-buttons is-content-justification-center is-layout-flex wp-container-core-buttons-is-layout-16018d1d wp-block-buttons-is-layout-flex\">\n<div class=\"wp-block-button is-style-fill\"><a class=\"wp-block-button__link wp-element-button\" href=\"https:\/\/mariahstone.com\/de\/books\/the-marriage-of-time-bonus-epilogue\/\">JETZT LESEN<\/a><\/div>\n<\/div>\n\n<\/div><\/div><\/div>\n<\/div>\n\n\n<hr class=\"wp-block-separator has-css-opacity\"\/>\n\n<\/div><\/div><\/div><\/div>\n\n\n<p>","protected":false},"excerpt":{"rendered":"<p>Download your free bonuses<\/p>","protected":false},"author":1,"featured_media":0,"parent":0,"menu_order":49,"comment_status":"closed","ping_status":"closed","template":"","meta":{"_acf_changed":false,"advanced_seo_description":"","jetpack_seo_html_title":"","jetpack_seo_noindex":false,"footnotes":""},"class_list":["post-335","page","type-page","status-publish"],"acf":[],"jetpack_shortlink":"https:\/\/wp.me\/PacBPe-5p","jetpack_sharing_enabled":false,"_links":{"self":[{"href":"https:\/\/mariahstone.com\/de\/wp-json\/wp\/v2\/pages\/335","targetHints":{"allow":["GET"]}}],"collection":[{"href":"https:\/\/mariahstone.com\/de\/wp-json\/wp\/v2\/pages"}],"about":[{"href":"https:\/\/mariahstone.com\/de\/wp-json\/wp\/v2\/types\/page"}],"author":[{"embeddable":true,"href":"https:\/\/mariahstone.com\/de\/wp-json\/wp\/v2\/users\/1"}],"replies":[{"embeddable":true,"href":"https:\/\/mariahstone.com\/de\/wp-json\/wp\/v2\/comments?post=335"}],"version-history":[{"count":0,"href":"https:\/\/mariahstone.com\/de\/wp-json\/wp\/v2\/pages\/335\/revisions"}],"wp:attachment":[{"href":"https:\/\/mariahstone.com\/de\/wp-json\/wp\/v2\/media?parent=335"}],"curies":[{"name":"wp","href":"https:\/\/api.w.org\/{rel}","templated":true}]}}