{"id":33537,"date":"2024-05-07T14:12:43","date_gmt":"2024-05-07T14:12:43","guid":{"rendered":"https:\/\/mariahstone.com\/?page_id=33537"},"modified":"2024-05-07T14:13:37","modified_gmt":"2024-05-07T14:13:37","slug":"epilogo-duque1","status":"publish","type":"page","link":"https:\/\/mariahstone.com\/de\/epilogo-duque1\/","title":{"rendered":"La Bella Y El DUQUE &#8211; ep\u00edlogo adicional"},"content":{"rendered":"<div class=\"wp-block-columns is-layout-flex wp-container-core-columns-is-layout-9d6595d7 wp-block-columns-is-layout-flex\">\n<div class=\"wp-block-column is-layout-flow wp-block-column-is-layout-flow\"><div class=\"wp-block-image\">\n<figure class=\"aligncenter size-large\"><a href=\"https:\/\/royal-tree-289.myflodesk.com\/h2omx31lsv\"><img fetchpriority=\"high\" decoding=\"async\" width=\"683\" height=\"1024\" data-attachment-id=\"33539\" data-permalink=\"https:\/\/mariahstone.com\/de\/epilogo-duque1\/la-bella-y-el-duque-bonus-epilogo-kindle\/#main\" data-orig-file=\"https:\/\/mariahstone.com\/wp-content\/uploads\/2024\/05\/La-bella-y-el-duque-Bonus-Epilogo-Kindle.jpg\" data-orig-size=\"1707,2560\" data-comments-opened=\"1\" data-image-meta=\"{&quot;aperture&quot;:&quot;0&quot;,&quot;credit&quot;:&quot;&quot;,&quot;camera&quot;:&quot;&quot;,&quot;caption&quot;:&quot;&quot;,&quot;created_timestamp&quot;:&quot;0&quot;,&quot;copyright&quot;:&quot;&quot;,&quot;focal_length&quot;:&quot;0&quot;,&quot;iso&quot;:&quot;0&quot;,&quot;shutter_speed&quot;:&quot;0&quot;,&quot;title&quot;:&quot;&quot;,&quot;orientation&quot;:&quot;0&quot;}\" data-image-title=\"La-bella-y-el-duque-Bonus-Epilogo-Kindle\" data-image-description=\"\" data-image-caption=\"\" data-large-file=\"https:\/\/mariahstone.com\/wp-content\/uploads\/2024\/05\/La-bella-y-el-duque-Bonus-Epilogo-Kindle-683x1024.jpg\" src=\"https:\/\/mariahstone.com\/wp-content\/uploads\/2024\/05\/La-bella-y-el-duque-Bonus-Epilogo-Kindle-683x1024.jpg\" alt=\"\" class=\"wp-image-33539\" srcset=\"https:\/\/mariahstone.com\/wp-content\/uploads\/2024\/05\/La-bella-y-el-duque-Bonus-Epilogo-Kindle-683x1024.jpg 683w, https:\/\/mariahstone.com\/wp-content\/uploads\/2024\/05\/La-bella-y-el-duque-Bonus-Epilogo-Kindle-200x300.jpg 200w, https:\/\/mariahstone.com\/wp-content\/uploads\/2024\/05\/La-bella-y-el-duque-Bonus-Epilogo-Kindle-768x1152.jpg 768w, https:\/\/mariahstone.com\/wp-content\/uploads\/2024\/05\/La-bella-y-el-duque-Bonus-Epilogo-Kindle-1024x1536.jpg 1024w, https:\/\/mariahstone.com\/wp-content\/uploads\/2024\/05\/La-bella-y-el-duque-Bonus-Epilogo-Kindle-1366x2048.jpg 1366w, https:\/\/mariahstone.com\/wp-content\/uploads\/2024\/05\/La-bella-y-el-duque-Bonus-Epilogo-Kindle-8x12.jpg 8w, https:\/\/mariahstone.com\/wp-content\/uploads\/2024\/05\/La-bella-y-el-duque-Bonus-Epilogo-Kindle.jpg 1707w\" sizes=\"(max-width: 683px) 100vw, 683px\" \/><\/a><\/figure>\n<\/div><\/div>\n\n\n\n<div class=\"wp-block-column is-vertically-aligned-center is-layout-flow wp-block-column-is-layout-flow\">\n<h2 class=\"wp-block-heading\">ep\u00edlogo adicional<\/h2>\n\n\n\n<p><em>Dos a\u00f1os m\u00e1s tarde\u2026&nbsp;<\/em><\/p>\n\n\n\n<p>Penelope acarici\u00f3 el dije con el nombre de su hijo que le colgaba del cuello y le ech\u00f3 un vistazo a Preston que sosten\u00eda a su beb\u00e9 de un a\u00f1o, Gabriel.\u00a0 Encontrarse con su adorable marido y su dulce hijo en su propia galer\u00eda de arte, que hab\u00eda llamado D\u00e1nae, era un sue\u00f1o hecho realidad. Era la \u00fanica galer\u00eda de arte en toda Gran Breta\u00f1a que \u00fanicamente exhib\u00eda las obras de artistas femeninas, y Penelope no pod\u00eda sentirse m\u00e1s orgullosa.<\/p>\n\n\n\n<p>El lugar estaba abarrotado de gente, a pesar de la dura oposici\u00f3n de la Real Academia de Artes: despotricaron sobre lo peligroso que era alentar a las mujeres a aprender acerca del arte o a ganarse la visa de ese modo. Sosten\u00edan que semejante noci\u00f3n acabar\u00eda destruyendo las tradiciones y el orden social. Sin embargo, con las conexiones de la duquesa de Ashton, la influencia y el trabajo de Penelope y, sin dudas, el apoyo de Preston en la C\u00e1mara de Lores, lo hab\u00edan logrado. Y ese d\u00eda, mientras miraba todo lo que la rodeaba, se sinti\u00f3 orgullosa de que doce artistas femeninas de lo m\u00e1s talentosas pudieran exhibir sus cuadros en esa galer\u00eda&#8230;<\/p>\n\n\n\n<p>..<\/p>\n\n\n\n<p><em><strong>Haz clic aqu\u00ed para obtener el ep\u00edlogo gratuito adicional<\/strong><\/em><\/p>\n\n\n\n<div class=\"wp-block-buttons is-layout-flex wp-block-buttons-is-layout-flex\">\n<div class=\"wp-block-button\"><a class=\"wp-block-button__link wp-element-button\" href=\"https:\/\/royal-tree-289.myflodesk.com\/h2omx31lsv\">Obt\u00e9n el ep\u00edlogo adicional<\/a><\/div>\n<\/div>\n<\/div>\n<\/div>","protected":false},"excerpt":{"rendered":"<p>ep\u00edlogo adicional Dos a\u00f1os m\u00e1s tarde\u2026&nbsp; Penelope acarici\u00f3 el dije con el nombre de su hijo que le colgaba del cuello y &#8230; <\/p>\n<p class=\"read-more-container\"><a title=\"La Bella Y El DUQUE &#8211; ep\u00edlogo adicional\" class=\"read-more button\" href=\"https:\/\/mariahstone.com\/de\/epilogo-duque1\/#more-33537\" aria-label=\"Mehr Informationen \u00fcber La Bella Y El DUQUE &#8211; ep\u00edlogo adicional\">Weiterlesen &#8230;<\/a><\/p>","protected":false},"author":1,"featured_media":0,"parent":0,"menu_order":0,"comment_status":"closed","ping_status":"closed","template":"","meta":{"_acf_changed":false,"advanced_seo_description":"","jetpack_seo_html_title":"","jetpack_seo_noindex":false,"jetpack_post_was_ever_published":false,"footnotes":""},"class_list":["post-33537","page","type-page","status-publish"],"acf":[],"jetpack_shortlink":"https:\/\/wp.me\/PacBPe-8IV","jetpack_sharing_enabled":true,"_links":{"self":[{"href":"https:\/\/mariahstone.com\/de\/wp-json\/wp\/v2\/pages\/33537","targetHints":{"allow":["GET"]}}],"collection":[{"href":"https:\/\/mariahstone.com\/de\/wp-json\/wp\/v2\/pages"}],"about":[{"href":"https:\/\/mariahstone.com\/de\/wp-json\/wp\/v2\/types\/page"}],"author":[{"embeddable":true,"href":"https:\/\/mariahstone.com\/de\/wp-json\/wp\/v2\/users\/1"}],"replies":[{"embeddable":true,"href":"https:\/\/mariahstone.com\/de\/wp-json\/wp\/v2\/comments?post=33537"}],"version-history":[{"count":0,"href":"https:\/\/mariahstone.com\/de\/wp-json\/wp\/v2\/pages\/33537\/revisions"}],"wp:attachment":[{"href":"https:\/\/mariahstone.com\/de\/wp-json\/wp\/v2\/media?parent=33537"}],"curies":[{"name":"wp","href":"https:\/\/api.w.org\/{rel}","templated":true}]}}