{"id":35776,"date":"2025-02-19T15:03:39","date_gmt":"2025-02-19T15:03:39","guid":{"rendered":"https:\/\/mariahstone.com\/?page_id=35776"},"modified":"2025-02-19T15:03:41","modified_gmt":"2025-02-19T15:03:41","slug":"epilogo-ira","status":"publish","type":"page","link":"https:\/\/mariahstone.com\/de\/epilogo-ira\/","title":{"rendered":"El Duque DE LA IRA &#8211; ep\u00edlogo adicional"},"content":{"rendered":"<div class=\"wp-block-columns is-layout-flex wp-container-core-columns-is-layout-9d6595d7 wp-block-columns-is-layout-flex\">\n<div class=\"wp-block-column is-layout-flow wp-block-column-is-layout-flow\"><div class=\"wp-block-image\">\n<figure class=\"aligncenter size-large\"><a href=\"https:\/\/royal-tree-289.myflodesk.com\/grjlaxv0xc\"><img fetchpriority=\"high\" decoding=\"async\" width=\"683\" height=\"1024\" data-attachment-id=\"35777\" data-permalink=\"https:\/\/mariahstone.com\/de\/epilogo-ira\/dukeofrath_ebook_spa\/#main\" data-orig-file=\"https:\/\/mariahstone.com\/wp-content\/uploads\/2025\/02\/DukeofRath_Ebook_SPA.jpg\" data-orig-size=\"1800,2700\" data-comments-opened=\"1\" data-image-meta=\"{&quot;aperture&quot;:&quot;0&quot;,&quot;credit&quot;:&quot;&quot;,&quot;camera&quot;:&quot;&quot;,&quot;caption&quot;:&quot;&quot;,&quot;created_timestamp&quot;:&quot;0&quot;,&quot;copyright&quot;:&quot;&quot;,&quot;focal_length&quot;:&quot;0&quot;,&quot;iso&quot;:&quot;0&quot;,&quot;shutter_speed&quot;:&quot;0&quot;,&quot;title&quot;:&quot;&quot;,&quot;orientation&quot;:&quot;0&quot;}\" data-image-title=\"DukeofRath_Ebook_SPA\" data-image-description=\"\" data-image-caption=\"\" data-large-file=\"https:\/\/mariahstone.com\/wp-content\/uploads\/2025\/02\/DukeofRath_Ebook_SPA-683x1024.jpg\" src=\"https:\/\/mariahstone.com\/wp-content\/uploads\/2025\/02\/DukeofRath_Ebook_SPA-683x1024.jpg\" alt=\"\" class=\"wp-image-35777\" srcset=\"https:\/\/mariahstone.com\/wp-content\/uploads\/2025\/02\/DukeofRath_Ebook_SPA-683x1024.jpg 683w, https:\/\/mariahstone.com\/wp-content\/uploads\/2025\/02\/DukeofRath_Ebook_SPA-200x300.jpg 200w, https:\/\/mariahstone.com\/wp-content\/uploads\/2025\/02\/DukeofRath_Ebook_SPA-768x1152.jpg 768w, https:\/\/mariahstone.com\/wp-content\/uploads\/2025\/02\/DukeofRath_Ebook_SPA-1024x1536.jpg 1024w, https:\/\/mariahstone.com\/wp-content\/uploads\/2025\/02\/DukeofRath_Ebook_SPA-1365x2048.jpg 1365w, https:\/\/mariahstone.com\/wp-content\/uploads\/2025\/02\/DukeofRath_Ebook_SPA-8x12.jpg 8w, https:\/\/mariahstone.com\/wp-content\/uploads\/2025\/02\/DukeofRath_Ebook_SPA-1200x1800.jpg 1200w, https:\/\/mariahstone.com\/wp-content\/uploads\/2025\/02\/DukeofRath_Ebook_SPA.jpg 1800w\" sizes=\"(max-width: 683px) 100vw, 683px\" \/><\/a><\/figure>\n<\/div><\/div>\n\n\n\n<div class=\"wp-block-column is-vertically-aligned-center is-layout-flow wp-block-column-is-layout-flow\">\n<h2 class=\"wp-block-heading\">ep\u00edlogo adicional<\/h2>\n\n\n\n<p><em>Un a\u00f1o y medio despu\u00e9s\u2026<\/em><\/p>\n\n\n\n<p><\/p>\n\n\n\n<p>El sol c\u00e1lido proyectaba un brillo dorado sobre los jardines inmaculados de Rath Hall, y la brisa suave transportaba el aroma de las rosas en plena floraci\u00f3n. Las risas y las conversaciones llenaban el aire mientras Dorian estudiaba el alegre encuentro que ten\u00eda lugar delante de sus ojos.<\/p>\n\n\n\n<p>Sobre el c\u00e9sped hab\u00edan desplegado unas mesas elegantes cubiertas con manteles de lino blanco que se mec\u00edan con suavidad por el viento. Sobre cada mesa, hab\u00eda jarrones de cristal con flores vibrantes que hab\u00edan extra\u00eddo del jard\u00edn de Patience: rosas delicadas de color rosado, alegres narcisos amarillos y lavandas arom\u00e1ticas. En el aire pend\u00edan los exquisitos aromas a bollitos reci\u00e9n horneados, s\u00e1ndwiches y pasteles dulces de frambuesa todos presentados art\u00edsticamente sobre bandejas de plata de varios niveles..<\/p>\n\n\n\n<p>..<\/p>\n\n\n\n<p><em><strong>Haz clic aqu\u00ed para obtener el ep\u00edlogo gratuito adicional<\/strong><\/em><\/p>\n\n\n\n<div class=\"wp-block-buttons is-layout-flex wp-block-buttons-is-layout-flex\">\n<div class=\"wp-block-button\"><a class=\"wp-block-button__link wp-element-button\" href=\"https:\/\/royal-tree-289.myflodesk.com\/grjlaxv0xc\">Obt\u00e9n el ep\u00edlogo adicional<\/a><\/div>\n<\/div>\n<\/div>\n<\/div>\n\n\n\n<p><\/p>","protected":false},"excerpt":{"rendered":"<p>ep\u00edlogo adicional Un a\u00f1o y medio despu\u00e9s\u2026 El sol c\u00e1lido proyectaba un brillo dorado sobre los jardines inmaculados de Rath Hall, y &#8230; <\/p>\n<p class=\"read-more-container\"><a title=\"El Duque DE LA IRA &#8211; ep\u00edlogo adicional\" class=\"read-more button\" href=\"https:\/\/mariahstone.com\/de\/epilogo-ira\/#more-35776\" aria-label=\"Mehr Informationen \u00fcber El Duque DE LA IRA &#8211; ep\u00edlogo adicional\">Weiterlesen &#8230;<\/a><\/p>","protected":false},"author":1,"featured_media":0,"parent":0,"menu_order":0,"comment_status":"closed","ping_status":"closed","template":"","meta":{"_acf_changed":false,"advanced_seo_description":"","jetpack_seo_html_title":"","jetpack_seo_noindex":false,"jetpack_post_was_ever_published":false,"footnotes":""},"class_list":["post-35776","page","type-page","status-publish"],"acf":[],"jetpack_shortlink":"https:\/\/wp.me\/PacBPe-9j2","jetpack_sharing_enabled":true,"_links":{"self":[{"href":"https:\/\/mariahstone.com\/de\/wp-json\/wp\/v2\/pages\/35776","targetHints":{"allow":["GET"]}}],"collection":[{"href":"https:\/\/mariahstone.com\/de\/wp-json\/wp\/v2\/pages"}],"about":[{"href":"https:\/\/mariahstone.com\/de\/wp-json\/wp\/v2\/types\/page"}],"author":[{"embeddable":true,"href":"https:\/\/mariahstone.com\/de\/wp-json\/wp\/v2\/users\/1"}],"replies":[{"embeddable":true,"href":"https:\/\/mariahstone.com\/de\/wp-json\/wp\/v2\/comments?post=35776"}],"version-history":[{"count":0,"href":"https:\/\/mariahstone.com\/de\/wp-json\/wp\/v2\/pages\/35776\/revisions"}],"wp:attachment":[{"href":"https:\/\/mariahstone.com\/de\/wp-json\/wp\/v2\/media?parent=35776"}],"curies":[{"name":"wp","href":"https:\/\/api.w.org\/{rel}","templated":true}]}}