{"id":1638,"date":"2021-05-04T15:24:48","date_gmt":"2021-05-04T15:24:48","guid":{"rendered":"https:\/\/mariahstone.com\/?page_id=1638"},"modified":"2022-11-27T13:48:30","modified_gmt":"2022-11-27T13:48:30","slug":"sineagdeutsch","status":"publish","type":"page","link":"https:\/\/mariahstone.com\/es\/sineagdeutsch\/","title":{"rendered":"Sineag Deutsch"},"content":{"rendered":"<div class=\"gb-grid-wrapper gb-grid-wrapper-29b938ed\">\n<div class=\"gb-grid-column gb-grid-column-7c6eea9d\"><div class=\"gb-container gb-container-7c6eea9d\"><div class=\"gb-inside-container\">\n\n<div class=\"wp-block-image\"><figure class=\"aligncenter size-full\"><img fetchpriority=\"high\" decoding=\"async\" width=\"800\" height=\"1200\" data-attachment-id=\"1661\" data-permalink=\"https:\/\/mariahstone.com\/es\/german-sineag-cover-1\/\" data-orig-file=\"https:\/\/mariahstone.com\/wp-content\/uploads\/2021\/05\/GERMAN-Sineag-cover-1.png\" data-orig-size=\"800,1200\" data-comments-opened=\"1\" data-image-meta=\"{&quot;aperture&quot;:&quot;0&quot;,&quot;credit&quot;:&quot;&quot;,&quot;camera&quot;:&quot;&quot;,&quot;caption&quot;:&quot;&quot;,&quot;created_timestamp&quot;:&quot;0&quot;,&quot;copyright&quot;:&quot;&quot;,&quot;focal_length&quot;:&quot;0&quot;,&quot;iso&quot;:&quot;0&quot;,&quot;shutter_speed&quot;:&quot;0&quot;,&quot;title&quot;:&quot;&quot;,&quot;orientation&quot;:&quot;0&quot;}\" data-image-title=\"GERMAN &amp;#8211; Sineag cover (1)\" data-image-description=\"\" data-image-caption=\"\" data-medium-file=\"https:\/\/mariahstone.com\/wp-content\/uploads\/2021\/05\/GERMAN-Sineag-cover-1-200x300.png\" data-large-file=\"https:\/\/mariahstone.com\/wp-content\/uploads\/2021\/05\/GERMAN-Sineag-cover-1-683x1024.png\" src=\"https:\/\/mariahstone.com\/wp-content\/uploads\/2021\/05\/GERMAN-Sineag-cover-1.png\" alt=\"\" class=\"wp-image-1661\" srcset=\"https:\/\/mariahstone.com\/wp-content\/uploads\/2021\/05\/GERMAN-Sineag-cover-1.png 800w, https:\/\/mariahstone.com\/wp-content\/uploads\/2021\/05\/GERMAN-Sineag-cover-1-200x300.png 200w, https:\/\/mariahstone.com\/wp-content\/uploads\/2021\/05\/GERMAN-Sineag-cover-1-683x1024.png 683w, https:\/\/mariahstone.com\/wp-content\/uploads\/2021\/05\/GERMAN-Sineag-cover-1-768x1152.png 768w, https:\/\/mariahstone.com\/wp-content\/uploads\/2021\/05\/GERMAN-Sineag-cover-1-480x720.png 480w\" sizes=\"(max-width: 800px) 100vw, 800px\" \/><\/figure><\/div>\n\n<\/div><\/div><\/div>\n\n<div class=\"gb-grid-column gb-grid-column-6e14c7d2\"><div class=\"gb-container gb-container-6e14c7d2\"><div class=\"gb-inside-container\">\n\n<h1 class=\"wp-block-heading\">S\u00ecneag<\/h1>\n\n\n\n<p><strong>Kapitel 1<\/strong><\/p>\n\n\n\n<p>Loch Ness, 517&nbsp;<\/p>\n\n\n\n<p>&nbsp;\u201eS\u00ecneag!\u201c ruft Eithne, meine Feenschwester. \u201eKomm her. Schnell. Sieh dir das an!\u201c<\/p>\n\n\n\n<p>Ich schaue von den Lavendelpflanzen auf, in die ich gerade meine Zauberkr\u00e4fte flie\u00dfen lasse. Ich schicke ihnen die Energie des Sommers. Wir Dryaden,&nbsp;<em>Sidhe Draoi<\/em>, helfen oft Pflanzen und Tieren, die in Not sind. Manchmal helfen wir auch den Menschen, doch die meiste Zeit begn\u00fcgen wir uns damit sie am\u00fcsiert zu beobachten und ihnen kleine Streiche zu spielen. Insgeheim faszinieren sie uns wie kaum ein anderes Lebewesen.<\/p>\n\n\n\n<p>Eithne sitzt versteckt in den Bl\u00e4ttern einer Eiche und beobachtet zwei Reiter, die den Weg entlang reiten, der vom See, den die Menschen Loch Ness nennen, bis zur H\u00fcgelfestung Urquhart f\u00fchrt. Gr\u00fcne H\u00fcgel umgeben das blaue, ruhige Gew\u00e4sser, in dem sich der Himmel spiegelt.<\/p>\n\n\n\n<p>Neugierig erreiche ich Eithne und lasse mich auf dem Ast neben ihr nieder und starre auf die beiden hinab. Es sind ein Mann und eine Frau, die sich lachend unterhalten. Er hat breite Schultern und tr\u00e4gt sein langes, dunkles Haar im Nacken mit einem Lederband zusammengebunden. Sein frisch gestutzter Bart reicht ihm bis zur H\u00e4lfte seines Halses. Da er kein Oberteil tr\u00e4gt, kann man blaue Muster erkennen, die auf der Haut seiner harten Bauchmuskeln und dem gro\u00dfen Bizeps des rechten Arms t\u00e4towiert sind.<\/p>\n\n\n\n<p>\u201eEr sieht gut aus\u201c, bemerkt Eithne.<\/p>\n\n\n\n<p>\u201eAye, das tut er\u201c, stimme ich zu.<\/p>\n\n\n\n<p>Mit den dichten, dunklen Augenbrauen \u00fcber seinen tiefgr\u00fcndigen, schwarzen Augen, sieht er beinahe zu gut aus, um wahr zu sein. Seine Z\u00fcge sind sehr ebenm\u00e4\u00dfig, angefangen bei der geraden Nase, bis zu den hohen Wangenknochen und dem markanten Unterkiefer, der sogar noch unter seinem Bart gut zu erkennen ist.<\/p>\n\n\n\n<p>\u2026<\/p>\n\n\n\n<p><em>Klicke unten um die ganze Novelle zu bekommen<\/em><\/p>\n\n\n\n<div class=\"wp-block-buttons is-layout-flex wp-block-buttons-is-layout-flex\">\n<div class=\"wp-block-button\"><a class=\"wp-block-button__link\" href=\"https:\/\/view.flodesk.com\/pages\/60916705460b0052a51ac393\" target=\"_blank\" rel=\"noreferrer noopener\">Erhalte die Novelle<\/a><\/div>\n<\/div>\n\n<\/div><\/div><\/div>\n<\/div>","protected":false},"excerpt":{"rendered":"","protected":false},"author":1,"featured_media":0,"parent":0,"menu_order":12,"comment_status":"closed","ping_status":"closed","template":"","meta":{"_acf_changed":false,"advanced_seo_description":"","jetpack_seo_html_title":"","jetpack_seo_noindex":false,"jetpack_post_was_ever_published":false,"footnotes":""},"class_list":["post-1638","page","type-page","status-publish"],"acf":[],"jetpack_shortlink":"https:\/\/wp.me\/PacBPe-qq","jetpack_sharing_enabled":true,"_links":{"self":[{"href":"https:\/\/mariahstone.com\/es\/wp-json\/wp\/v2\/pages\/1638","targetHints":{"allow":["GET"]}}],"collection":[{"href":"https:\/\/mariahstone.com\/es\/wp-json\/wp\/v2\/pages"}],"about":[{"href":"https:\/\/mariahstone.com\/es\/wp-json\/wp\/v2\/types\/page"}],"author":[{"embeddable":true,"href":"https:\/\/mariahstone.com\/es\/wp-json\/wp\/v2\/users\/1"}],"replies":[{"embeddable":true,"href":"https:\/\/mariahstone.com\/es\/wp-json\/wp\/v2\/comments?post=1638"}],"version-history":[{"count":0,"href":"https:\/\/mariahstone.com\/es\/wp-json\/wp\/v2\/pages\/1638\/revisions"}],"wp:attachment":[{"href":"https:\/\/mariahstone.com\/es\/wp-json\/wp\/v2\/media?parent=1638"}],"curies":[{"name":"wp","href":"https:\/\/api.w.org\/{rel}","templated":true}]}}