{"id":1646,"date":"2021-05-04T19:01:25","date_gmt":"2021-05-04T19:01:25","guid":{"rendered":"https:\/\/mariahstone.com\/?page_id=1646"},"modified":"2021-05-04T19:01:25","modified_gmt":"2021-05-04T19:01:25","slug":"epilogoespanol","status":"publish","type":"page","link":"https:\/\/mariahstone.com\/fr\/epilogoespanol\/","title":{"rendered":"SPANISH &#8211; La Cautiva Del Highlander bonus epilogue"},"content":{"rendered":"<div class=\"gb-grid-wrapper gb-grid-wrapper-29b938ed\">\n<div class=\"gb-grid-column gb-grid-column-7c6eea9d\"><div class=\"gb-container gb-container-7c6eea9d\"><div class=\"gb-inside-container\">\n\n<div class=\"wp-block-image\"><figure class=\"aligncenter size-large\"><img decoding=\"async\" data-attachment-id=\"1652\" data-permalink=\"https:\/\/mariahstone.com\/fr\/highlanderscaptive_ebook_spa_amazon\/\" data-orig-file=\"https:\/\/mariahstone.com\/wp-content\/uploads\/2021\/05\/HighlandersCaptive_Ebook_SPA_Amazon.jpg\" data-orig-size=\"3000,4500\" data-comments-opened=\"1\" data-image-meta=\"{&quot;aperture&quot;:&quot;0&quot;,&quot;credit&quot;:&quot;&quot;,&quot;camera&quot;:&quot;&quot;,&quot;caption&quot;:&quot;&quot;,&quot;created_timestamp&quot;:&quot;0&quot;,&quot;copyright&quot;:&quot;&quot;,&quot;focal_length&quot;:&quot;0&quot;,&quot;iso&quot;:&quot;0&quot;,&quot;shutter_speed&quot;:&quot;0&quot;,&quot;title&quot;:&quot;&quot;,&quot;orientation&quot;:&quot;0&quot;}\" data-image-title=\"La Cautiva del Highlander\" data-image-description=\"&lt;p&gt;La Cautiva del Highlander Mariah Stone &lt;\/p&gt;\" data-image-caption=\"\" data-medium-file=\"https:\/\/mariahstone.com\/wp-content\/uploads\/2021\/05\/HighlandersCaptive_Ebook_SPA_Amazon-200x300.jpg\" data-large-file=\"https:\/\/mariahstone.com\/wp-content\/uploads\/2021\/05\/HighlandersCaptive_Ebook_SPA_Amazon-683x1024.jpg\" src=\"https:\/\/mariahstone.com\/wp-content\/uploads\/2021\/05\/HighlandersCaptive_Ebook_SPA_Amazon-1900x2850.jpg\" alt=\"\" class=\"wp-image-1652\"\/><\/figure><\/div>\n\n<\/div><\/div><\/div>\n\n<div class=\"gb-grid-column gb-grid-column-6e14c7d2\"><div class=\"gb-container gb-container-6e14c7d2\"><div class=\"gb-inside-container\">\n\n<h1 class=\"wp-block-heading\">Segundo ep\u00edlogo<\/h1>\n\n\n\n<p>Falnaird, Loch Awe, septiembre de 1309<\/p>\n\n\n\n<p>Craig se qued\u00f3 inm\u00f3vil en la entrada del gran sal\u00f3n, el coraz\u00f3n se le contrajo en respuesta al aroma floral y herbal del brezo fresco. Amy ten\u00eda el h\u00e1bito de recoger las flores que estaban floreciendo y ponerlas en jarrones que ella misma hac\u00eda con arcilla. Cada una de las seis largas mesas, incluida la mesa del se\u00f1or, ten\u00eda recipientes llenos de ramos de flores que le daban un aspecto m\u00e1s alegre y luminoso al ambiente. El clima hab\u00eda sido m\u00e1s c\u00e1lido de lo habitual y el brezo todav\u00eda florec\u00eda, derramando tonos violetas y magentas sobre las colinas verde musgo que rodeaban Falnaird, las tierras de Craig.<\/p>\n\n\n\n<p>All\u00ed se encontraban los dos grandes amores de su vida: su esposa y su hija. Amy mec\u00eda a Jenny, de nueve meses, sobre la cadera mientras hablaba con Moibeal, la ni\u00f1era. Amy llevaba el largo cabello cobrizo trenzado y recogido detr\u00e1s de la cabeza en un rodete. \u00c9l sab\u00eda que lo hac\u00eda por motivos pr\u00e1cticos, pero, ante todo, el peinado resaltaba la pureza de su piel y esos ojos grandes con pesta\u00f1as largas.<\/p>\n\n\n\n<p>Jenny era toda una Cambel: ten\u00eda el cabello casta\u00f1o y los ojos verdes ligeramente rasgados. Balbuceaba y se chupaba el pu\u00f1o y, cuando se volte\u00f3 hacia \u00e9l, le ofreci\u00f3 una brillante sonrisa que le cubri\u00f3 el peque\u00f1o rostro dulce con mejillas sonrosadas.<\/p>\n\n\n\n<p>\u2014\u00a1Babababa! \u2014exclam\u00f3 la ni\u00f1a sin quitarse el pu\u00f1o de la boca. Craig sinti\u00f3 que la sonrisa m\u00e1s tonta le levantaba las comisuras de los labios, una sonrisa que no pod\u00eda detener, por m\u00e1s que quisiera.<\/p>\n\n\n\n<p>\u2026<\/p>\n\n\n\n<p><em><strong>Haz clic aqu\u00ed para obtener el ep\u00edlogo gratuito adicional<\/strong><\/em><\/p>\n\n\n\n<div class=\"wp-block-buttons is-layout-flex wp-block-buttons-is-layout-flex\">\n<div class=\"wp-block-button\"><a class=\"wp-block-button__link\" href=\"https:\/\/view.flodesk.com\/pages\/609199d482685942a1a43329\" target=\"_blank\" rel=\"noreferrer noopener\">Obt\u00e9n el ep\u00edlogo adicional<\/a><\/div>\n<\/div>\n\n<\/div><\/div><\/div>\n<\/div>","protected":false},"excerpt":{"rendered":"","protected":false},"author":1,"featured_media":0,"parent":0,"menu_order":18,"comment_status":"closed","ping_status":"closed","template":"","meta":{"_acf_changed":false,"advanced_seo_description":"","jetpack_seo_html_title":"","jetpack_seo_noindex":false,"jetpack_post_was_ever_published":false,"footnotes":""},"class_list":["post-1646","page","type-page","status-publish"],"acf":[],"jetpack_shortlink":"https:\/\/wp.me\/PacBPe-qy","jetpack_sharing_enabled":true,"_links":{"self":[{"href":"https:\/\/mariahstone.com\/fr\/wp-json\/wp\/v2\/pages\/1646","targetHints":{"allow":["GET"]}}],"collection":[{"href":"https:\/\/mariahstone.com\/fr\/wp-json\/wp\/v2\/pages"}],"about":[{"href":"https:\/\/mariahstone.com\/fr\/wp-json\/wp\/v2\/types\/page"}],"author":[{"embeddable":true,"href":"https:\/\/mariahstone.com\/fr\/wp-json\/wp\/v2\/users\/1"}],"replies":[{"embeddable":true,"href":"https:\/\/mariahstone.com\/fr\/wp-json\/wp\/v2\/comments?post=1646"}],"version-history":[{"count":0,"href":"https:\/\/mariahstone.com\/fr\/wp-json\/wp\/v2\/pages\/1646\/revisions"}],"wp:attachment":[{"href":"https:\/\/mariahstone.com\/fr\/wp-json\/wp\/v2\/media?parent=1646"}],"curies":[{"name":"wp","href":"https:\/\/api.w.org\/{rel}","templated":true}]}}