{"id":1844,"date":"2021-08-24T20:00:38","date_gmt":"2021-08-24T20:00:38","guid":{"rendered":"https:\/\/mariahstone.com\/?page_id=1844"},"modified":"2021-08-24T20:00:38","modified_gmt":"2021-08-24T20:00:38","slug":"epilogosecreto","status":"publish","type":"page","link":"https:\/\/mariahstone.com\/fr\/epilogosecreto\/","title":{"rendered":"SPANISH &#8211; El secreto de la highlander &#8211; Ep\u00edlogo gratuito adicional"},"content":{"rendered":"<div class=\"gb-grid-wrapper gb-grid-wrapper-29b938ed\">\n<div class=\"gb-grid-column gb-grid-column-7c6eea9d\"><div class=\"gb-container gb-container-7c6eea9d\"><div class=\"gb-inside-container\">\n\n<div class=\"wp-block-image\"><figure class=\"aligncenter size-full\"><img fetchpriority=\"high\" decoding=\"async\" width=\"1200\" height=\"1800\" data-attachment-id=\"1784\" data-permalink=\"https:\/\/mariahstone.com\/fr\/highlanderssecret_ebook_spa_bn\/\" data-orig-file=\"https:\/\/mariahstone.com\/wp-content\/uploads\/2021\/08\/HighlandersSecret_Ebook_SPA_BN.jpg\" data-orig-size=\"1200,1800\" data-comments-opened=\"1\" data-image-meta=\"{&quot;aperture&quot;:&quot;0&quot;,&quot;credit&quot;:&quot;&quot;,&quot;camera&quot;:&quot;&quot;,&quot;caption&quot;:&quot;&quot;,&quot;created_timestamp&quot;:&quot;0&quot;,&quot;copyright&quot;:&quot;&quot;,&quot;focal_length&quot;:&quot;0&quot;,&quot;iso&quot;:&quot;0&quot;,&quot;shutter_speed&quot;:&quot;0&quot;,&quot;title&quot;:&quot;&quot;,&quot;orientation&quot;:&quot;0&quot;}\" data-image-title=\"Highlander&amp;#8217;sSecret_Ebook_SPA_B&amp;#038;N\" data-image-description=\"\" data-image-caption=\"\" data-large-file=\"https:\/\/mariahstone.com\/wp-content\/uploads\/2021\/08\/HighlandersSecret_Ebook_SPA_BN-683x1024.jpg\" src=\"https:\/\/mariahstone.com\/wp-content\/uploads\/2021\/08\/HighlandersSecret_Ebook_SPA_BN.jpg\" alt=\"\" class=\"wp-image-1784\" srcset=\"https:\/\/mariahstone.com\/wp-content\/uploads\/2021\/08\/HighlandersSecret_Ebook_SPA_BN.jpg 1200w, https:\/\/mariahstone.com\/wp-content\/uploads\/2021\/08\/HighlandersSecret_Ebook_SPA_BN-200x300.jpg 200w, https:\/\/mariahstone.com\/wp-content\/uploads\/2021\/08\/HighlandersSecret_Ebook_SPA_BN-683x1024.jpg 683w, https:\/\/mariahstone.com\/wp-content\/uploads\/2021\/08\/HighlandersSecret_Ebook_SPA_BN-768x1152.jpg 768w, https:\/\/mariahstone.com\/wp-content\/uploads\/2021\/08\/HighlandersSecret_Ebook_SPA_BN-1024x1536.jpg 1024w, https:\/\/mariahstone.com\/wp-content\/uploads\/2021\/08\/HighlandersSecret_Ebook_SPA_BN-1080x1620.jpg 1080w, https:\/\/mariahstone.com\/wp-content\/uploads\/2021\/08\/HighlandersSecret_Ebook_SPA_BN-980x1470.jpg 980w, https:\/\/mariahstone.com\/wp-content\/uploads\/2021\/08\/HighlandersSecret_Ebook_SPA_BN-480x720.jpg 480w\" sizes=\"(max-width: 1200px) 100vw, 1200px\" \/><\/figure><\/div>\n\n<\/div><\/div><\/div>\n\n<div class=\"gb-grid-column gb-grid-column-6e14c7d2\"><div class=\"gb-container gb-container-6e14c7d2\"><div class=\"gb-inside-container\">\n\n<h1 class=\"wp-block-heading\">Segundo ep\u00edlogo<\/h1>\n\n\n\n<p><em>Abril de 2022<\/em><\/p>\n\n\n\n<p>Konnor envolvi\u00f3 los brazos alrededor de los hombros m\u00e1s bonitos del mundo. Se inclin\u00f3 hacia Marjorie y le enterr\u00f3 la nariz en el cabello para inhalar su aroma a hierbas, flores silvestres y naturaleza. No ten\u00eda ni idea c\u00f3mo pod\u00eda oler a las Tierras Altas luego de dos a\u00f1os de vivir en Los \u00c1ngeles.<\/p>\n\n\n\n<p>Marjorie entrelaz\u00f3 los dedos con los suyos, y Konnor se llev\u00f3 su mano a la boca para besarle los nudillos. Marjorie le sonri\u00f3 con dulzura y se apoy\u00f3 la mano libre en el vientre para sentir a su beb\u00e9. El sol del atardecer le coloreaba el rostro de tonos dorados y anaranjados. Marjorie no se bronceaba, su tez a\u00fan era obstinadamente escocesa y hermosa como la porcelana.<\/p>\n\n\n\n<p>Del patio de cemento se o\u00eda la m\u00fasica de playa y las voces de sus amigos y su familia. El patio daba a un gran jard\u00edn y ten\u00eda una vista panor\u00e1mica del centro de Los \u00c1ngeles. \u00bfAcaso hab\u00eda algo que se viera m\u00e1s distinto a la Escocia medieval? A pesar de eso, su hermosa esposa y su hijastro se sent\u00edan en casa all\u00ed. Konnor se hab\u00eda asegurado de eso.<\/p>\n\n\n\n<p>A unos metros de ellos, Colin, que ya ten\u00eda una delgada l\u00ednea de vello facial sobre el labio superior, dio vuelta una hamburguesa, y de la barbacoa se elev\u00f3 una nube de humo y olor a carne asada. Konnor le hab\u00eda ense\u00f1ado a Colin su receta de filetes, y el muchacho los asaba como un profesional. Era algo extra\u00f1o para un adolescente, pero Colin no era un ni\u00f1o com\u00fan y corriente. Konnor pens\u00f3 que quiz\u00e1s esa era una forma de mantenerse ocupado alrededor de los adultos. Mark se encontraba de pie al lado de la barbacoa y hablaba de f\u00fatbol con \u00e9l, mientras la mam\u00e1 de Konnor organizaba los regalos del&nbsp;<em>baby shower<\/em>&nbsp;en el interior de la casa.<\/p>\n\n\n\n<p>Andy se detuvo al lado de Konnor y le apoy\u00f3 una mano sobre el hombro.<\/p>\n\n\n\n<p>\u2014Es una buena fiesta. \u2014Mir\u00f3 a Marjorie\u2014. Margie, \u00bfc\u00f3mo lograste convencer a este lobo solitario de hacer un evento social?<\/p>\n\n\n\n<p>Marjorie se rio.<\/p>\n\n\n\n<p>\u2014No creo que nadie pueda convencerlo de hacer nada que no quiera hacer.<\/p>\n\n\n\n<p>\u2014Yo creo que hay una persona que puede \u2014la contradijo Andy.<\/p>\n\n\n\n<p>Konnor ocult\u00f3 una sonrisa y, sin que nadie lo viera, apret\u00f3 el trasero perfecto de Marjorie. Lo cierto era que \u00e9l hab\u00eda sido el que sugiri\u00f3 hacer el&nbsp;<em>baby shower&nbsp;<\/em>e invitar a sus amigos y familiares. No cab\u00edan dudas de que era un lobo solitario, pero ahora ten\u00eda a su compa\u00f1era, su pareja, y tambi\u00e9n a su lobito y a otra m\u00e1s que estaba a punto de nacer. Junto a ellos, deliraba de felicidad y quer\u00eda compartirla con sus seres queridos.<\/p>\n\n\n\n<p>\u2026<\/p>\n\n\n\n<p><em><strong>Haz clic aqu\u00ed para obtener el ep\u00edlogo gratuito adicional<\/strong><\/em><\/p>\n\n\n\n<div class=\"wp-block-buttons is-layout-flex wp-block-buttons-is-layout-flex\">\n<div class=\"wp-block-button\"><a class=\"wp-block-button__link\" href=\"https:\/\/view.flodesk.com\/pages\/61254fb60a1a45bbb03df76a\" target=\"_blank\" rel=\"noreferrer noopener\">Obt\u00e9n el ep\u00edlogo adicional<\/a><\/div>\n<\/div>\n\n<\/div><\/div><\/div>\n<\/div>","protected":false},"excerpt":{"rendered":"","protected":false},"author":1,"featured_media":0,"parent":0,"menu_order":15,"comment_status":"closed","ping_status":"closed","template":"","meta":{"_acf_changed":false,"advanced_seo_description":"","jetpack_seo_html_title":"","jetpack_seo_noindex":false,"jetpack_post_was_ever_published":false,"footnotes":""},"class_list":["post-1844","page","type-page","status-publish"],"acf":[],"jetpack_shortlink":"https:\/\/wp.me\/PacBPe-tK","jetpack_sharing_enabled":true,"_links":{"self":[{"href":"https:\/\/mariahstone.com\/fr\/wp-json\/wp\/v2\/pages\/1844","targetHints":{"allow":["GET"]}}],"collection":[{"href":"https:\/\/mariahstone.com\/fr\/wp-json\/wp\/v2\/pages"}],"about":[{"href":"https:\/\/mariahstone.com\/fr\/wp-json\/wp\/v2\/types\/page"}],"author":[{"embeddable":true,"href":"https:\/\/mariahstone.com\/fr\/wp-json\/wp\/v2\/users\/1"}],"replies":[{"embeddable":true,"href":"https:\/\/mariahstone.com\/fr\/wp-json\/wp\/v2\/comments?post=1844"}],"version-history":[{"count":0,"href":"https:\/\/mariahstone.com\/fr\/wp-json\/wp\/v2\/pages\/1844\/revisions"}],"wp:attachment":[{"href":"https:\/\/mariahstone.com\/fr\/wp-json\/wp\/v2\/media?parent=1844"}],"curies":[{"name":"wp","href":"https:\/\/api.w.org\/{rel}","templated":true}]}}