{"id":20,"date":"2018-08-28T07:20:07","date_gmt":"2018-08-28T07:20:07","guid":{"rendered":"https:\/\/mariahstone.com\/?page_id=20"},"modified":"2023-12-08T11:13:22","modified_gmt":"2023-12-08T11:13:22","slug":"about","status":"publish","type":"page","link":"https:\/\/mariahstone.com\/fr\/about\/","title":{"rendered":"\u00c0 propos"},"content":{"rendered":"<div data-elementor-type=\"wp-page\" data-elementor-id=\"20\" class=\"elementor elementor-20\" data-elementor-post-type=\"page\">\n\t\t\t\t\t\t<section class=\"elementor-section elementor-top-section elementor-element elementor-element-9179780 elementor-section-boxed elementor-section-height-default elementor-section-height-default\" data-id=\"9179780\" data-element_type=\"section\" data-e-type=\"section\">\n\t\t\t\t\t\t<div class=\"elementor-container elementor-column-gap-default\">\n\t\t\t\t\t<div class=\"elementor-column elementor-col-33 elementor-top-column elementor-element elementor-element-467bc7b\" data-id=\"467bc7b\" data-element_type=\"column\" data-e-type=\"column\">\n\t\t\t<div class=\"elementor-widget-wrap elementor-element-populated\">\n\t\t\t\t\t\t<div class=\"elementor-element elementor-element-783eeca elementor-widget elementor-widget-image\" data-id=\"783eeca\" data-element_type=\"widget\" data-e-type=\"widget\" data-widget_type=\"image.default\">\n\t\t\t\t<div class=\"elementor-widget-container\">\n\t\t\t\t\t\t\t\t\t\t\t\t\t\t\t<img fetchpriority=\"high\" decoding=\"async\" data-attachment-id=\"798\" data-permalink=\"https:\/\/mariahstone.com\/fr\/mariah-pic-2\/\" data-orig-file=\"https:\/\/mariahstone.com\/wp-content\/uploads\/2020\/04\/Mariah-pic-2.png\" data-orig-size=\"306,369\" data-comments-opened=\"1\" data-image-meta=\"{&quot;aperture&quot;:&quot;0&quot;,&quot;credit&quot;:&quot;&quot;,&quot;camera&quot;:&quot;&quot;,&quot;caption&quot;:&quot;&quot;,&quot;created_timestamp&quot;:&quot;0&quot;,&quot;copyright&quot;:&quot;&quot;,&quot;focal_length&quot;:&quot;0&quot;,&quot;iso&quot;:&quot;0&quot;,&quot;shutter_speed&quot;:&quot;0&quot;,&quot;title&quot;:&quot;&quot;,&quot;orientation&quot;:&quot;0&quot;}\" data-image-title=\"Mariah pic 2\" data-image-description=\"\" data-image-caption=\"\" data-large-file=\"https:\/\/mariahstone.com\/wp-content\/uploads\/2020\/04\/Mariah-pic-2.png\" width=\"306\" height=\"369\" src=\"https:\/\/mariahstone.com\/wp-content\/uploads\/2020\/04\/Mariah-pic-2.png\" class=\"attachment-full size-full wp-image-798\" alt=\"\" srcset=\"https:\/\/mariahstone.com\/wp-content\/uploads\/2020\/04\/Mariah-pic-2.png 306w, https:\/\/mariahstone.com\/wp-content\/uploads\/2020\/04\/Mariah-pic-2-249x300.png 249w\" sizes=\"(max-width: 306px) 100vw, 306px\" \/>\t\t\t\t\t\t\t\t\t\t\t\t\t\t\t<\/div>\n\t\t\t\t<\/div>\n\t\t\t\t\t<\/div>\n\t\t<\/div>\n\t\t\t\t<div class=\"elementor-column elementor-col-66 elementor-top-column elementor-element elementor-element-e8b2d15\" data-id=\"e8b2d15\" data-element_type=\"column\" data-e-type=\"column\">\n\t\t\t<div class=\"elementor-widget-wrap elementor-element-populated\">\n\t\t\t\t\t\t<div class=\"elementor-element elementor-element-5ed17f0 elementor-widget elementor-widget-heading\" data-id=\"5ed17f0\" data-element_type=\"widget\" data-e-type=\"widget\" data-widget_type=\"heading.default\">\n\t\t\t\t<div class=\"elementor-widget-container\">\n\t\t\t\t\t<h2 class=\"elementor-heading-title elementor-size-default\">D\u00c9COUVREZ L\u2019AUTEUR<\/h2>\t\t\t\t<\/div>\n\t\t\t\t<\/div>\n\t\t\t\t<div class=\"elementor-element elementor-element-55794b5 elementor-widget elementor-widget-text-editor\" data-id=\"55794b5\" data-element_type=\"widget\" data-e-type=\"widget\" data-widget_type=\"text-editor.default\">\n\t\t\t\t<div class=\"elementor-widget-container\">\n\t\t\t\t\t\t\t\t\t<p>Quand Mariah Stone, auteur de romances parlant de voyage dans le temps, n\u2019est pas en train d\u2019\u00e9crire l\u2019histoire de femmes modernes fortes qui traversent le temps pour se retrouver dans les bras de Vikings, de highlanders et de pirates sexy, elle court apr\u00e8s son bambin et passe des soir\u00e9es romantiques sur la mer du Nord avec son mari. Mariah parle six langues, adore Outlander, les sushi et la cuisine tha\u00eflandaise, et dirige un groupe de lecture. Abonnez-vous \u00e0 la newsletter de Mariah pour recevoir un livre gratuit parlant de voyage dans le temps\u2009!<\/p>\t\t\t\t\t\t\t\t<\/div>\n\t\t\t\t<\/div>\n\t\t\t\t\t<\/div>\n\t\t<\/div>\n\t\t\t\t\t<\/div>\n\t\t<\/section>\n\t\t\t\t<section class=\"elementor-section elementor-top-section elementor-element elementor-element-bf5caee elementor-reverse-mobile elementor-section-stretched elementor-section-boxed elementor-section-height-default elementor-section-height-default\" data-id=\"bf5caee\" data-element_type=\"section\" data-e-type=\"section\" data-settings=\"{&quot;stretch_section&quot;:&quot;section-stretched&quot;,&quot;background_background&quot;:&quot;classic&quot;}\">\n\t\t\t\t\t\t\t<div class=\"elementor-background-overlay\"><\/div>\n\t\t\t\t\t\t\t<div class=\"elementor-container elementor-column-gap-default\">\n\t\t\t\t\t<div class=\"elementor-column elementor-col-100 elementor-top-column elementor-element elementor-element-57264c9\" data-id=\"57264c9\" data-element_type=\"column\" data-e-type=\"column\">\n\t\t\t<div class=\"elementor-widget-wrap elementor-element-populated\">\n\t\t\t\t\t\t<div class=\"elementor-element elementor-element-0b3debe elementor-widget elementor-widget-heading\" data-id=\"0b3debe\" data-element_type=\"widget\" data-e-type=\"widget\" data-widget_type=\"heading.default\">\n\t\t\t\t<div class=\"elementor-widget-container\">\n\t\t\t\t\t<h6 class=\"elementor-heading-title elementor-size-default\">Les livres de Mariah vous emm\u00e8nent dans une autre \u00e9poque, o\u00f9 les hommes sont forts, les femmes le sont encore plus, et les Highlands sont \u00e0 couper le souffle.<\/h6>\t\t\t\t<\/div>\n\t\t\t\t<\/div>\n\t\t\t\t<div class=\"elementor-element elementor-element-7668212 elementor-grid-mobile-3 elementor-shape-rounded elementor-grid-0 e-grid-align-center elementor-widget elementor-widget-social-icons\" data-id=\"7668212\" data-element_type=\"widget\" data-e-type=\"widget\" data-no-translation=\"\" data-widget_type=\"social-icons.default\">\n\t\t\t\t<div class=\"elementor-widget-container\">\n\t\t\t\t\t<style>.elementor-element-7668212{display:none !important}<\/style>\t\t\t\t<\/div>\n\t\t\t\t<\/div>\n\t\t\t\t<div class=\"elementor-element elementor-element-454dc91 elementor-grid-mobile-3 elementor-shape-rounded elementor-grid-0 e-grid-align-center elementor-widget elementor-widget-social-icons\" data-id=\"454dc91\" data-element_type=\"widget\" data-e-type=\"widget\" data-no-translation=\"\" data-widget_type=\"social-icons.default\">\n\t\t\t\t<div class=\"elementor-widget-container\">\n\t\t\t\t\t\t\t<div class=\"elementor-social-icons-wrapper elementor-grid\" role=\"list\">\n\t\t\t\t\t\t\t<span class=\"elementor-grid-item\" role=\"listitem\">\n\t\t\t\t\t<a class=\"elementor-icon elementor-social-icon elementor-social-icon-amazon elementor-repeater-item-db96dc4\" href=\"https:\/\/www.amazon.fr\/Mariah-Stone\/e\/B07JVW28PJ\/\" target=\"_blank\">\n\t\t\t\t\t\t<span class=\"elementor-screen-only\">Amazon<\/span>\n\t\t\t\t\t\t<i aria-hidden=\"true\" class=\"fab fa-amazon\"><\/i>\t\t\t\t\t<\/a>\n\t\t\t\t<\/span>\n\t\t\t\t\t\t\t<span class=\"elementor-grid-item\" role=\"listitem\">\n\t\t\t\t\t<a class=\"elementor-icon elementor-social-icon elementor-social-icon-audible elementor-repeater-item-e3aa01f\" href=\"https:\/\/www.audible.com\/author\/Mariah-Stone\/B07JVW28PJ\" target=\"_blank\">\n\t\t\t\t\t\t<span class=\"elementor-screen-only\">Audible<\/span>\n\t\t\t\t\t\t<i aria-hidden=\"true\" class=\"fab fa-audible\"><\/i>\t\t\t\t\t<\/a>\n\t\t\t\t<\/span>\n\t\t\t\t\t\t\t<span class=\"elementor-grid-item\" role=\"listitem\">\n\t\t\t\t\t<a class=\"elementor-icon elementor-social-icon elementor-social-icon-google-play elementor-repeater-item-d1fad7b\" href=\"https:\/\/play.google.com\/store\/books\/author?id=Mariah+Stone\" target=\"_blank\">\n\t\t\t\t\t\t<span class=\"elementor-screen-only\">Google-play<\/span>\n\t\t\t\t\t\t<i aria-hidden=\"true\" class=\"fab fa-google-play\"><\/i>\t\t\t\t\t<\/a>\n\t\t\t\t<\/span>\n\t\t\t\t\t\t\t<span class=\"elementor-grid-item\" role=\"listitem\">\n\t\t\t\t\t<a class=\"elementor-icon elementor-social-icon elementor-social-icon- elementor-repeater-item-3719b9c\" href=\"https:\/\/www.chirpbooks.com\/authors\/mariah-stone\" target=\"_blank\">\n\t\t\t\t\t\t<span class=\"elementor-screen-only\"><\/span>\n\t\t\t\t\t\t<svg xmlns=\"http:\/\/www.w3.org\/2000\/svg\" viewbox=\"0 0 239.7526 266.25\"><path d=\"M191.7775,11.3843c-16.6632-7.3025-31.7408,1.4643-43.5129,13.9651-47.6113,50.558-62.7721,112.523-56.7207,179.7079,2.3592,26.1932,27.4919,37.8741,53.2188,28.4092a75.2331,75.2331,0,0,0,24.1864-14.4854c6.6775-6.0771,11.0165-14.7237,18.5416-20.06-7.7094,40.0156-60.181,70.5713-108.4135,67.0525C20.6976,261.7148-4.4836,232.0752.65,173.6613,8.8385,80.4964,83.2613,4.72,171.0591.152c31.8437-1.6565,55.5357,10.2854,65.0833,32.8053,9.0332,21.3064.6405,50.3114-19.8781,67.7147-15.1355,12.8375-32.2681,17.8437-50.2094,7.3355-18.6223-10.907-18.5238-30.826-11.43-46.1337C162.899,44.0182,178.1,29.3724,191.7775,11.3843Z\"><\/path><\/svg>\t\t\t\t\t<\/a>\n\t\t\t\t<\/span>\n\t\t\t\t\t\t\t<span class=\"elementor-grid-item\" role=\"listitem\">\n\t\t\t\t\t<a class=\"elementor-icon elementor-social-icon elementor-social-icon- elementor-repeater-item-c067d4d\" href=\"https:\/\/www.bookbub.com\/profile\/mariah-stone\" target=\"_blank\">\n\t\t\t\t\t\t<span class=\"elementor-screen-only\"><\/span>\n\t\t\t\t\t\t<svg xmlns=\"http:\/\/www.w3.org\/2000\/svg\" xmlns:xlink=\"http:\/\/www.w3.org\/1999\/xlink\" id=\"Layer_1\" x=\"0px\" y=\"0px\" viewbox=\"0 0 360 360\" style=\"enable-background:new 0 0 360 360;\" xml:space=\"preserve\"><path d=\"M349.9,200.9c-4.7-11.9-12.6-21-24.4-26.5c-1.8-0.9-3.7-1.6-5.7-2.4l1.1-0.5c11.7-5.4,19.5-14.2,23-26.6 c3.6-12.6,3.1-25.4-0.2-38c-2.1-8.5-6.7-16.2-13.2-22.1c-6-5.4-13.1-8.7-20.6-11.1c-12.7-3.9-25.7-5.3-38.9-5.3 c-26.8-0.1-53.6,0-80.4,0h-1.3v223.1l1.7,0c26.8,0,53.7,0,80.5,0c7.8,0.1,15.5-0.2,23.2-1.1c9.2-1,18.2-3.2,26.7-6.8 c13.7-5.9,23.6-15.6,28.9-29.7c2.8-7.9,4.2-16.2,4.2-24.6C354.6,219.6,353.5,210.1,349.9,200.9z M241.2,107.7 c0.3-0.1,0.5-0.1,0.8-0.1c9.9,0,19.8-0.1,29.6,0.1c3,0.1,6,0.6,8.8,1.5c7.2,2.2,11.6,7.1,13.3,14.4c1.2,5,1.2,10.3,0,15.3 c-2,8.3-7.4,13.2-15.7,15c-2.5,0.5-5.1,0.8-7.7,0.8c-9.1,0.1-18.3,0-27.5,0h-1.7V107.7z M301.3,234c-2.5,9.4-8.9,14.9-18.3,17 c-3.6,0.8-7.3,1.2-11,1.3c-10,0.2-20,0.1-30,0.1c-0.3,0-0.5,0-0.9,0v-58.3h0c0.2,0,0.4,0,0.6,0c10.8,0,21.6,0,32.4,0.1 c4.5,0,9,0.9,13.2,2.5c7,2.5,12.3,8.4,14.1,15.7C303.3,219.4,303.3,226.9,301.3,234z M136.2,172c33.6-13.9,34.6-66.7,8.9-88.6 c-36.8-25.2-96.3-11.8-139.6-15v223.1c46.1-4.2,132.8,16,158.2-31.1C178.4,230.2,171.7,183.7,136.2,172z M57.4,107.7 c25.1,0,59.9-5.9,52.4,31.6c-6.3,22.6-35,13.8-52.5,15.5L57.4,107.7z M117.6,233.8c-7.4,25.8-40,17.1-60.2,18.5l-0.1-58.1 C88.9,193.6,126.8,188.5,117.6,233.8z\"><\/path><\/svg>\t\t\t\t\t<\/a>\n\t\t\t\t<\/span>\n\t\t\t\t\t\t\t<span class=\"elementor-grid-item\" role=\"listitem\">\n\t\t\t\t\t<a class=\"elementor-icon elementor-social-icon elementor-social-icon- elementor-repeater-item-6b556c3\" href=\"https:\/\/www.radishfiction.com\/writers\/5072\" target=\"_blank\">\n\t\t\t\t\t\t<span class=\"elementor-screen-only\"><\/span>\n\t\t\t\t\t\t<svg xmlns=\"http:\/\/www.w3.org\/2000\/svg\" id=\"Layer_1\" data-name=\"Layer 1\" viewbox=\"0 0 837.3 948.65\"><defs><style>.cls-1{stroke:#000;stroke-miterlimit:10;}<\/style><\/defs><path class=\"cls-1\" d=\"M512.15,635.29c10.56,47.14,25.3,92.56,49.74,134.07,11.71,19.89,25.87,38.51,40.33,56.58,18.91,23.63,45,30.43,74.48,29.29,43.9-1.69,83.85-14.87,120.73-38.19a254.72,254.72,0,0,0,62.76-55.46,118.55,118.55,0,0,1,19.46-18.86c13.29-10.34,31.34-11.17,43.52-3,10.71,7.18,15.5,22.77,12.08,39.06-5.44,25.94-20.11,46.37-39,63.94-31.2,29-64,55.9-101.41,76.69-45.22,25.11-92.95,41.92-145.18,43.11-38.46.87-72-12.54-102.06-36.17-42.84-33.7-71.75-78-96.43-125.5-26.07-50.14-45.72-102.92-62.93-156.65-.56-1.76-1.28-3.46-2.74-7.34-6.34,16.58-12.06,31.34-17.65,46.16-21.09,56-41.13,112.34-63.56,167.76-15.67,38.74-36.06,75.22-67.85,103.8-25.59,23-61.84,26.94-89,9.79-17.1-10.77-24-27.29-25.9-46.46-2.83-27.94,5.37-53.19,18.63-77.36,43.53-79.38,86.47-159.07,130.42-238.21q54.84-98.76,111.59-196.45c18.78-32.37,40.52-62.95,66.07-90.43a214,214,0,0,1,33.78-29.25c13.31-9.33,28.57-9.7,42.16-.17,13.11,9.19,17.51,24,14.24,38.49-5.21,23.05-11.66,46.16-20.71,67.94-19,45.6-39.95,90.36-60.1,135.46-.52,1.17-1,2.36-2.37,5.79,7.71,0,14.18.12,20.64,0,51.9-1.07,98.18-18.83,140.55-47.76,46.74-31.91,82.62-73.17,105.81-125C739.52,322.15,746.75,282,736.05,240c-10.24-40.16-35.64-68-72-86.31-29.29-14.75-60.62-21.48-93.27-23.48-44.59-2.74-88.53.38-131.88,11.58-70,18.08-122.06,59.31-158.26,121.46-14.37,24.68-28.67,49.47-44.53,73.19-13.28,19.87-30.44,36.81-55.49,40.26-24.8,3.42-49.71,3-67.63-19-13.75-16.85-14.45-37.09-11.51-57.2,6-40.54,27-74,53-104.31,52.17-60.83,117.63-102.37,192-130.79C387.09,50,428.76,38.63,471.72,32.77c37.9-5.17,76-6.93,114.33-4.18,44,3.16,86.77,11.39,127.89,27.47,62.23,24.33,113,62.41,144.51,122.75,22,42.16,29,87.4,25,134.39-5.66,66.13-37.42,120-81.23,167.63-41.81,45.47-92.58,78.86-147.58,106.1-43.5,21.54-88.94,37.63-136.7,46.83C516.17,634.11,514.41,634.69,512.15,635.29Z\" transform=\"translate(-99.54 -26.8)\"><\/path><\/svg>\t\t\t\t\t<\/a>\n\t\t\t\t<\/span>\n\t\t\t\t\t\t\t<span class=\"elementor-grid-item\" role=\"listitem\">\n\t\t\t\t\t<a class=\"elementor-icon elementor-social-icon elementor-social-icon-goodreads elementor-repeater-item-b038b59\" href=\"https:\/\/www.goodreads.com\/author\/show\/18517657.Mariah_Stone\" target=\"_blank\">\n\t\t\t\t\t\t<span class=\"elementor-screen-only\">Goodreads<\/span>\n\t\t\t\t\t\t<i aria-hidden=\"true\" class=\"fab fa-goodreads\"><\/i>\t\t\t\t\t<\/a>\n\t\t\t\t<\/span>\n\t\t\t\t\t<\/div>\n\t\t\t\t\t\t<\/div>\n\t\t\t\t<\/div>\n\t\t\t\t<div class=\"elementor-element elementor-element-cc4110e elementor-grid-mobile-3 elementor-shape-rounded elementor-grid-0 e-grid-align-center elementor-widget elementor-widget-social-icons\" data-id=\"cc4110e\" data-element_type=\"widget\" data-e-type=\"widget\" data-no-translation=\"\" data-widget_type=\"social-icons.default\">\n\t\t\t\t<div class=\"elementor-widget-container\">\n\t\t\t\t\t<style>.elementor-element-cc4110e{display:none !important}<\/style>\t\t\t\t<\/div>\n\t\t\t\t<\/div>\n\t\t\t\t<div class=\"elementor-element elementor-element-a8f677f elementor-grid-mobile-3 elementor-shape-rounded elementor-grid-0 e-grid-align-center elementor-widget elementor-widget-social-icons\" data-id=\"a8f677f\" data-element_type=\"widget\" data-e-type=\"widget\" data-no-translation=\"\" data-widget_type=\"social-icons.default\">\n\t\t\t\t<div class=\"elementor-widget-container\">\n\t\t\t\t\t<style>.elementor-element-a8f677f{display:none !important}<\/style>\t\t\t\t<\/div>\n\t\t\t\t<\/div>\n\t\t\t\t<div class=\"elementor-element elementor-element-cfa4c2b elementor-grid-mobile-3 elementor-shape-rounded elementor-grid-0 e-grid-align-center elementor-widget elementor-widget-social-icons\" data-id=\"cfa4c2b\" data-element_type=\"widget\" data-e-type=\"widget\" data-no-translation=\"\" data-widget_type=\"social-icons.default\">\n\t\t\t\t<div class=\"elementor-widget-container\">\n\t\t\t\t\t<style>.elementor-element-cfa4c2b{display:none !important}<\/style>\t\t\t\t<\/div>\n\t\t\t\t<\/div>\n\t\t\t\t<div class=\"elementor-element elementor-element-ba22dec elementor-grid-mobile-3 elementor-shape-rounded elementor-grid-0 e-grid-align-center elementor-widget elementor-widget-social-icons\" data-id=\"ba22dec\" data-element_type=\"widget\" data-e-type=\"widget\" data-no-translation=\"\" data-widget_type=\"social-icons.default\">\n\t\t\t\t<div class=\"elementor-widget-container\">\n\t\t\t\t\t<style>.elementor-element-ba22dec{display:none !important}<\/style>\t\t\t\t<\/div>\n\t\t\t\t<\/div>\n\t\t\t\t<div class=\"elementor-element elementor-element-7db9150 elementor-grid-mobile-3 elementor-shape-rounded elementor-grid-0 e-grid-align-center elementor-widget elementor-widget-social-icons\" data-id=\"7db9150\" data-element_type=\"widget\" data-e-type=\"widget\" data-widget_type=\"social-icons.default\">\n\t\t\t\t<div class=\"elementor-widget-container\">\n\t\t\t\t\t\t\t<div class=\"elementor-social-icons-wrapper elementor-grid\" role=\"list\">\n\t\t\t\t\t\t\t<span class=\"elementor-grid-item\" role=\"listitem\">\n\t\t\t\t\t<a class=\"elementor-icon elementor-social-icon elementor-social-icon-facebook elementor-repeater-item-0bc3235\" href=\"https:\/\/www.facebook.com\/mariahstoneauthor\/\" target=\"_blank\">\n\t\t\t\t\t\t<span class=\"elementor-screen-only\">Facebook<\/span>\n\t\t\t\t\t\t<i aria-hidden=\"true\" class=\"fab fa-facebook\"><\/i>\t\t\t\t\t<\/a>\n\t\t\t\t<\/span>\n\t\t\t\t\t\t\t<span class=\"elementor-grid-item\" role=\"listitem\">\n\t\t\t\t\t<a class=\"elementor-icon elementor-social-icon elementor-social-icon-instagram elementor-repeater-item-db96dc4\" href=\"https:\/\/www.instagram.com\/mariahstoneauthor\/\" target=\"_blank\">\n\t\t\t\t\t\t<span class=\"elementor-screen-only\">Instagram<\/span>\n\t\t\t\t\t\t<i aria-hidden=\"true\" class=\"fab fa-instagram\"><\/i>\t\t\t\t\t<\/a>\n\t\t\t\t<\/span>\n\t\t\t\t\t\t\t<span class=\"elementor-grid-item\" role=\"listitem\">\n\t\t\t\t\t<a class=\"elementor-icon elementor-social-icon elementor-social-icon-tiktok elementor-repeater-item-e3aa01f\" href=\"https:\/\/www.tiktok.com\/@mariahstone.author\" target=\"_blank\">\n\t\t\t\t\t\t<span class=\"elementor-screen-only\">Tiktok<\/span>\n\t\t\t\t\t\t<i aria-hidden=\"true\" class=\"fab fa-tiktok\"><\/i>\t\t\t\t\t<\/a>\n\t\t\t\t<\/span>\n\t\t\t\t\t\t\t<span class=\"elementor-grid-item\" role=\"listitem\">\n\t\t\t\t\t<a class=\"elementor-icon elementor-social-icon elementor-social-icon-pinterest elementor-repeater-item-d1fad7b\" href=\"https:\/\/www.pinterest.com\/mariahstoneauthor\/\" target=\"_blank\">\n\t\t\t\t\t\t<span class=\"elementor-screen-only\">Pinterest<\/span>\n\t\t\t\t\t\t<i aria-hidden=\"true\" class=\"fab fa-pinterest\"><\/i>\t\t\t\t\t<\/a>\n\t\t\t\t<\/span>\n\t\t\t\t\t\t\t<span class=\"elementor-grid-item\" role=\"listitem\">\n\t\t\t\t\t<a class=\"elementor-icon elementor-social-icon elementor-social-icon-goodreads-g elementor-repeater-item-00a21a7\" href=\"https:\/\/www.goodreads.com\/author\/show\/18517657.Mariah_Stone\" target=\"_blank\">\n\t\t\t\t\t\t<span class=\"elementor-screen-only\">Goodreads-g<\/span>\n\t\t\t\t\t\t<i aria-hidden=\"true\" class=\"fab fa-goodreads-g\"><\/i>\t\t\t\t\t<\/a>\n\t\t\t\t<\/span>\n\t\t\t\t\t<\/div>\n\t\t\t\t\t\t<\/div>\n\t\t\t\t<\/div>\n\t\t\t\t<div class=\"elementor-element elementor-element-861faae elementor-grid-mobile-3 elementor-shape-rounded elementor-grid-0 e-grid-align-center elementor-widget elementor-widget-social-icons\" data-id=\"861faae\" data-element_type=\"widget\" data-e-type=\"widget\" data-no-translation=\"\" data-widget_type=\"social-icons.default\">\n\t\t\t\t<div class=\"elementor-widget-container\">\n\t\t\t\t\t<style>.elementor-element-861faae{display:none !important}<\/style>\t\t\t\t<\/div>\n\t\t\t\t<\/div>\n\t\t\t\t\t<\/div>\n\t\t<\/div>\n\t\t\t\t\t<\/div>\n\t\t<\/section>\n\t\t\t\t<\/div>","protected":false},"excerpt":{"rendered":"<p>Meet the author When historical romance writer Mariah Stone isn\u2019t busy writing about strong women falling into the arms of hot Dukes, &#8230; <\/p>\n<p class=\"read-more-container\"><a title=\"\u00c0 propos\" class=\"read-more button\" href=\"https:\/\/mariahstone.com\/fr\/about\/#more-20\" aria-label=\"En savoir plus sur About\">Lire plus<\/a><\/p>","protected":false},"author":1,"featured_media":0,"parent":0,"menu_order":45,"comment_status":"closed","ping_status":"closed","template":"elementor_header_footer","meta":{"_acf_changed":false,"advanced_seo_description":"","jetpack_seo_html_title":"","jetpack_seo_noindex":false,"footnotes":""},"class_list":["post-20","page","type-page","status-publish"],"acf":[],"jetpack_shortlink":"https:\/\/wp.me\/PacBPe-k","jetpack_sharing_enabled":true,"_links":{"self":[{"href":"https:\/\/mariahstone.com\/fr\/wp-json\/wp\/v2\/pages\/20","targetHints":{"allow":["GET"]}}],"collection":[{"href":"https:\/\/mariahstone.com\/fr\/wp-json\/wp\/v2\/pages"}],"about":[{"href":"https:\/\/mariahstone.com\/fr\/wp-json\/wp\/v2\/types\/page"}],"author":[{"embeddable":true,"href":"https:\/\/mariahstone.com\/fr\/wp-json\/wp\/v2\/users\/1"}],"replies":[{"embeddable":true,"href":"https:\/\/mariahstone.com\/fr\/wp-json\/wp\/v2\/comments?post=20"}],"version-history":[{"count":0,"href":"https:\/\/mariahstone.com\/fr\/wp-json\/wp\/v2\/pages\/20\/revisions"}],"wp:attachment":[{"href":"https:\/\/mariahstone.com\/fr\/wp-json\/wp\/v2\/media?parent=20"}],"curies":[{"name":"wp","href":"https:\/\/api.w.org\/{rel}","templated":true}]}}