{"id":33811,"date":"2024-06-14T12:24:53","date_gmt":"2024-06-14T12:24:53","guid":{"rendered":"https:\/\/mariahstone.com\/?page_id=33811"},"modified":"2024-06-14T12:24:55","modified_gmt":"2024-06-14T12:24:55","slug":"epilogue-duc1","status":"publish","type":"page","link":"https:\/\/mariahstone.com\/fr\/epilogue-duc1\/","title":{"rendered":"LA Belle et Le Duc \u00c9pilogue Bonus"},"content":{"rendered":"<div class=\"gb-grid-wrapper gb-grid-wrapper-29b938ed\">\n<div class=\"gb-grid-column gb-grid-column-7c6eea9d\"><div class=\"gb-container gb-container-7c6eea9d\"><div class=\"gb-inside-container\">\n<div class=\"wp-block-image\">\n<figure class=\"aligncenter size-full\"><a href=\"https:\/\/royal-tree-289.myflodesk.com\/bw9mo4i2zh\"><img fetchpriority=\"high\" decoding=\"async\" width=\"1800\" height=\"2700\" data-attachment-id=\"33494\" data-permalink=\"https:\/\/mariahstone.com\/fr\/alldukeandbothered_fr_ebook\/\" data-orig-file=\"https:\/\/mariahstone.com\/wp-content\/uploads\/2024\/03\/AllDukeAndBothered_FR_Ebook.jpeg\" data-orig-size=\"1800,2700\" data-comments-opened=\"1\" data-image-meta=\"{&quot;aperture&quot;:&quot;0&quot;,&quot;credit&quot;:&quot;&quot;,&quot;camera&quot;:&quot;&quot;,&quot;caption&quot;:&quot;&quot;,&quot;created_timestamp&quot;:&quot;0&quot;,&quot;copyright&quot;:&quot;&quot;,&quot;focal_length&quot;:&quot;0&quot;,&quot;iso&quot;:&quot;0&quot;,&quot;shutter_speed&quot;:&quot;0&quot;,&quot;title&quot;:&quot;&quot;,&quot;orientation&quot;:&quot;1&quot;}\" data-image-title=\"AllDukeAndBothered_FR_Ebook\" data-image-description=\"\" data-image-caption=\"\" data-medium-file=\"https:\/\/mariahstone.com\/wp-content\/uploads\/2024\/03\/AllDukeAndBothered_FR_Ebook-200x300.jpeg\" data-large-file=\"https:\/\/mariahstone.com\/wp-content\/uploads\/2024\/03\/AllDukeAndBothered_FR_Ebook-683x1024.jpeg\" src=\"https:\/\/mariahstone.com\/wp-content\/uploads\/2024\/03\/AllDukeAndBothered_FR_Ebook.jpeg\" alt=\"\" class=\"wp-image-33494\" srcset=\"https:\/\/mariahstone.com\/wp-content\/uploads\/2024\/03\/AllDukeAndBothered_FR_Ebook.jpeg 1800w, https:\/\/mariahstone.com\/wp-content\/uploads\/2024\/03\/AllDukeAndBothered_FR_Ebook-200x300.jpeg 200w, https:\/\/mariahstone.com\/wp-content\/uploads\/2024\/03\/AllDukeAndBothered_FR_Ebook-683x1024.jpeg 683w, https:\/\/mariahstone.com\/wp-content\/uploads\/2024\/03\/AllDukeAndBothered_FR_Ebook-768x1152.jpeg 768w, https:\/\/mariahstone.com\/wp-content\/uploads\/2024\/03\/AllDukeAndBothered_FR_Ebook-1024x1536.jpeg 1024w, https:\/\/mariahstone.com\/wp-content\/uploads\/2024\/03\/AllDukeAndBothered_FR_Ebook-1365x2048.jpeg 1365w, https:\/\/mariahstone.com\/wp-content\/uploads\/2024\/03\/AllDukeAndBothered_FR_Ebook-8x12.jpeg 8w\" sizes=\"(max-width: 1800px) 100vw, 1800px\" \/><\/a><\/figure>\n<\/div>\n<\/div><\/div><\/div>\n\n<div class=\"gb-grid-column gb-grid-column-6e14c7d2\"><div class=\"gb-container gb-container-6e14c7d2\"><div class=\"gb-inside-container\">\n\n<h1 class=\"wp-block-heading\">\u00c9pilogue Bonus<\/h1>\n\n\n\n<p> <\/p>\n\n\n\n<p><em>Deux ans plus tard\u2026<\/em><\/p>\n\n\n\n<p>Penelope caressa le pendentif dor\u00e9 orn\u00e9 du pr\u00e9nom Gabriel autour de son cou et regarda Preston, qui tenait dans ses bras ledit Gabriel, \u00e2g\u00e9 d\u2019un an. \u00catre avec son \u00e9poux aimant et leur adorable fils dans sa propre galerie d\u2019art, qu\u2019elle avait appel\u00e9e Dana\u00e9, \u00e9tait un r\u00eave devenu r\u00e9alit\u00e9. C\u2019\u00e9tait la seule galerie d\u2019art en Grande-Bretagne \u00e0 exposer exclusivement des femmes artistes, et elle ne pourrait \u00eatre plus satisfaite.<\/p>\n\n\n\n<p>La galerie \u00e9tait remplie de gens, en d\u00e9pit de la farouche opposition de la Royal Academy of Arts, qui soutenait avec virulence qu\u2019encourager les femmes \u00e0 apprendre l\u2019art et \u00e0 en gagner leur vie \u00e9tait dangereux. Ils pr\u00e9tendaient qu\u2019une telle chose d\u00e9truirait les traditions et l\u2019ordre social&#8230;<\/p>\n\n\n\n<p><\/p>\n\n\n\n<p><em><strong>Cliquez ici pour t\u00e9l\u00e9charger&nbsp;l\u2019\u00e9pilogue bonus complet:<\/strong><\/em><\/p>\n\n\n\n<div class=\"wp-block-buttons is-layout-flex wp-block-buttons-is-layout-flex\">\n<div class=\"wp-block-button\"><a class=\"wp-block-button__link wp-element-button\" href=\"https:\/\/royal-tree-289.myflodesk.com\/bw9mo4i2zh\" target=\"_blank\" rel=\"noreferrer noopener\">T\u00c9L\u00c9CHARGEZ VOTRE EXEMPLAIRE DE L\u2019\u00c9PILOGUE BONUS<\/a><\/div>\n<\/div>\n\n<\/div><\/div><\/div>\n<\/div>","protected":false},"excerpt":{"rendered":"","protected":false},"author":1,"featured_media":0,"parent":0,"menu_order":0,"comment_status":"closed","ping_status":"closed","template":"","meta":{"_acf_changed":false,"advanced_seo_description":"","jetpack_seo_html_title":"","jetpack_seo_noindex":false,"jetpack_post_was_ever_published":false,"footnotes":""},"class_list":["post-33811","page","type-page","status-publish"],"acf":[],"jetpack_shortlink":"https:\/\/wp.me\/PacBPe-8Nl","jetpack_sharing_enabled":true,"_links":{"self":[{"href":"https:\/\/mariahstone.com\/fr\/wp-json\/wp\/v2\/pages\/33811","targetHints":{"allow":["GET"]}}],"collection":[{"href":"https:\/\/mariahstone.com\/fr\/wp-json\/wp\/v2\/pages"}],"about":[{"href":"https:\/\/mariahstone.com\/fr\/wp-json\/wp\/v2\/types\/page"}],"author":[{"embeddable":true,"href":"https:\/\/mariahstone.com\/fr\/wp-json\/wp\/v2\/users\/1"}],"replies":[{"embeddable":true,"href":"https:\/\/mariahstone.com\/fr\/wp-json\/wp\/v2\/comments?post=33811"}],"version-history":[{"count":0,"href":"https:\/\/mariahstone.com\/fr\/wp-json\/wp\/v2\/pages\/33811\/revisions"}],"wp:attachment":[{"href":"https:\/\/mariahstone.com\/fr\/wp-json\/wp\/v2\/media?parent=33811"}],"curies":[{"name":"wp","href":"https:\/\/api.w.org\/{rel}","templated":true}]}}