{"id":32556,"date":"2023-05-19T08:30:14","date_gmt":"2023-05-19T08:30:14","guid":{"rendered":"https:\/\/mariahstone.com\/?page_id=32556"},"modified":"2023-11-30T17:54:37","modified_gmt":"2023-11-30T17:54:37","slug":"fr-printable-book-list","status":"publish","type":"page","link":"https:\/\/mariahstone.com\/it\/fr-printable-book-list\/","title":{"rendered":"FR &#8211; Printable Book List"},"content":{"rendered":"<div class=\"wp-block-buttons is-layout-flex wp-block-buttons-is-layout-flex\">\n<div class=\"wp-block-button\"><a class=\"wp-block-button__link wp-element-button\" href=\"https:\/\/mariahstone.com\/wp-content\/uploads\/2023\/11\/Printable-Booklist-list-French-20231130.pdf\" target=\"_blank\" rel=\"noreferrer noopener\">download list<\/a><\/div>\n<\/div>\n\n\n\n<h2 class=\"wp-block-heading\"><mark style=\"background-color:rgba(0, 0, 0, 0)\" class=\"has-inline-color has-accent-color\">L\u2019Appel du highlander <\/mark><\/h2>\n\n\n\n<p class=\"wp-block-paragraph\">Une romance historique de voyage dans le temps en \u00c9cosse<\/p>\n\n\n\n<p class=\"wp-block-paragraph\"><\/p>\n\n\n\n<p class=\"wp-block-paragraph\"><strong>0 &#8211; Sineag (Gratuit)<\/strong><br>T\u00e9l\u00e9charger: <a href=\"https:\/\/mariahstone.com\/fr\/books\/sineag\/\">https:\/\/mariahstone.com\/fr\/books\/sineag\/<\/a><\/p>\n\n\n\n<p class=\"wp-block-paragraph\"><strong>1 &#8211; La Prisonni\u00e8re du highlander<\/strong>&nbsp;<br><a href=\"https:\/\/www.amazon.fr\/gp\/product\/9083130185?ref_=dbs_m_mng_rwt_calw_tpbk_0&amp;storeType=ebooks\">Amazon kindle unlimited<\/a> | <a href=\"https:\/\/www.kobo.com\/fr\/fr\/ebook\/la-prisonniere-du-highlander-4\">Kobo<\/a> | <a href=\"https:\/\/play.google.com\/store\/books\/details?id=_tuoEAAAQBAJ\">Google<\/a> | <a href=\"https:\/\/books.apple.com\/fr\/book\/id6445499102\">Apple<\/a> | <a href=\"https:\/\/www.fnac.com\/a17817121\/Mariah-Stone-La-Prisonniere-du-highlander\">FNAC<\/a> | <a href=\"https:\/\/books2read.com\/u\/4ENoRg\">Autre<\/a> | <a href=\"https:\/\/www.amazon.fr\/Prisonni%C3%A8re-highlander-LAppel-Highlander\/dp\/B09GYQRZSV\/ref=tmm_aud_swatch_0?_encoding=UTF8&amp;qid=&amp;sr=\">Livre Audio<\/a> | <a href=\"https:\/\/www.amazon.fr\/Prisonni%C3%A8re-highlander-romance-historique-voyage\/dp\/9083130185\/ref=tmm_pap_swatch_0?_encoding=UTF8&amp;qid=&amp;sr=\">Broch\u00e9<\/a> | <a href=\"https:\/\/www.amazon.fr\/Prisonni%C3%A8re-highlander-romance-historique-voyage\/dp\/9493344193\/ref=tmm_hrd_swatch_0?_encoding=UTF8&amp;qid=&amp;sr=\">Reli\u00e9<\/a><br>ISBN: <strong>9083130185<\/strong><\/p>\n\n\n\n<p class=\"wp-block-paragraph\"><strong>2 &#8211; Le Secret de la highlander<\/strong><br><a href=\"https:\/\/www.amazon.fr\/gp\/product\/9083185559?ref_=dbs_m_mng_rwt_calw_tpbk_1&amp;storeType=ebooks\">Amazon kindle unlimited<\/a> | <a href=\"https:\/\/www.kobo.com\/nl\/it\/ebook\/il-segreto-dell-highlander\">Kobo<\/a> | <a href=\"https:\/\/play.google.com\/store\/books\/details?id=_PvKEAAAQBAJ\">Google<\/a> | <a href=\"http:\/\/books.apple.com\/us\/book\/id6451242379\">Apple<\/a> | <a href=\"https:\/\/www.fnac.com\/livre-numerique\/a17715202\/Mariah-Stone-Le-Secret-de-la-highlander\">FNAC<\/a> | <a href=\"https:\/\/books2read.com\/u\/49VMNw\">Autre<\/a> | <a href=\"https:\/\/www.amazon.fr\/Secret-highlander-romance-historique-voyage\/dp\/9083185559\/ref=tmm_pap_swatch_0?_encoding=UTF8&amp;qid=&amp;sr=\">Broch\u00e9<\/a> | <a href=\"https:\/\/www.amazon.fr\/Secret-highlander-romance-historique-voyage\/dp\/9493344371\/ref=tmm_hrd_swatch_0?_encoding=UTF8&amp;qid=&amp;sr=\">Reli\u00e9<\/a><br>ISBN: <strong>9083185559<\/strong><\/p>\n\n\n\n<p class=\"wp-block-paragraph\"><strong>3 &#8211; Le C\u0153ur du highlander<\/strong><br><a href=\"https:\/\/www.amazon.fr\/gp\/product\/9083218147?ref_=dbs_m_mng_rwt_calw_tpbk_2&amp;storeType=ebooks\">Amazon kindle unlimited<\/a> | <a href=\"https:\/\/www.kobo.com\/nl\/it\/ebook\/il-cuore-dell-highlander\">Kobo<\/a> | <a href=\"https:\/\/play.google.com\/store\/books\/details?id=APzKEAAAQBAJ\">Google<\/a> | <a href=\"http:\/\/books.apple.com\/us\/book\/id6451242326\">Apple<\/a> | <a href=\"https:\/\/www.fnac.com\/livre-numerique\/a17715761\/Mariah-Stone-Le-Coeur-du-highlander\">FNAC<\/a> | <a href=\"https:\/\/books2read.com\/u\/b6VZOA\">Autre<\/a> | <a href=\"https:\/\/www.amazon.fr\/C%C5%93ur-highlander-romance-historique-voyage\/dp\/9083218147\/ref=tmm_pap_swatch_0?_encoding=UTF8&amp;qid=&amp;sr=\">Broch\u00e9<\/a> | <a href=\"https:\/\/www.amazon.fr\/C%C5%93ur-highlander-romance-historique-voyage\/dp\/949334438X\/ref=tmm_hrd_swatch_0?_encoding=UTF8&amp;qid=&amp;sr=\">Reli\u00e9<\/a><br>ISBN: <strong>9083218147<\/strong><\/p>\n\n\n\n<p class=\"wp-block-paragraph\"><strong>4 &#8211; L\u2019Amour du highlander<\/strong><br><a href=\"https:\/\/www.amazon.fr\/gp\/product\/9083242765?ref_=dbs_m_mng_rwt_calw_tpbk_3&amp;storeType=ebooks\">Amazon kindle unlimited<\/a> | <a href=\"https:\/\/www.kobo.com\/nl\/it\/ebook\/l-amore-dell-highlander\">Kobo<\/a> | <a href=\"https:\/\/play.google.com\/store\/books\/details?id=BvzKEAAAQBAJ\">Google<\/a> | <a href=\"http:\/\/books.apple.com\/us\/book\/id6451242265\">Apple<\/a> | <a href=\"https:\/\/www.fnac.com\/livre-numerique\/a17715610\/Mariah-Stone-L-Amour-du-highlander\">FNAC<\/a> | <a href=\"https:\/\/books2read.com\/u\/bryWPz\">Autre<\/a> | <a href=\"https:\/\/www.amazon.fr\/LAmour-highlander-romance-historique-voyage\/dp\/9083242765\/ref=tmm_pap_swatch_0?_encoding=UTF8&amp;qid=&amp;sr=\">Broch\u00e9<\/a> | <a href=\"https:\/\/www.amazon.fr\/LAmour-highlander-romance-historique-voyage\/dp\/9493344398\/ref=tmm_hrd_swatch_0?_encoding=UTF8&amp;qid=&amp;sr=\">Reli\u00e9<\/a><br>ISBN: <strong>9083242765<\/strong><\/p>\n\n\n\n<p class=\"wp-block-paragraph\"><strong>4.5 &#8211; Un miracle de No\u00ebl pour un highlander<\/strong><br><a href=\"https:\/\/www.amazon.fr\/dp\/B09L8RLQ71\">Amazon kindle unlimited<\/a> | <a href=\"https:\/\/www.kobo.com\/fr\/fr\/ebook\/un-miracle-de-noel-pour-un-highlander\">Kobo<\/a> | <a href=\"https:\/\/play.google.com\/store\/books\/details?id=T-B4EAAAQBAJ\">Google<\/a> | <a href=\"https:\/\/books.apple.com\/fr\/book\/id6443604435\">Apple<\/a> | <a href=\"https:\/\/www.fnac.com\/livre-numerique\/a17185843\/Mariah-Stone-Un-miracle-de-Noel-pour-un-highlander#omnsearchpos=1\">FNAC<\/a> | <a href=\"http:\/\/books2read.com\/u\/meKKvE\">Autre<\/a> | <a href=\"https:\/\/www.amazon.fr\/miracle-No%C3%ABl-pour-highlander-historique\/dp\/9083185567\/ref=tmm_pap_swatch_0?_encoding=UTF8&amp;qid=&amp;sr=\">Broch\u00e9<\/a> <br>ISBN: <strong>9083185567<\/strong><\/p>\n\n\n\n<p class=\"wp-block-paragraph\"><strong>5 &#8211; Le Desir du highlander<\/strong>&nbsp;<br><a href=\"https:\/\/www.amazon.fr\/gp\/product\/9083308677?ref_=dbs_m_mng_rwt_calw_tpbk_4&amp;storeType=ebooks\">Amazon kindle unlimited<\/a> | <a href=\"https:\/\/www.kobo.com\/nl\/it\/ebook\/il-desiderio-dell-highlander\">Kobo<\/a> | <a href=\"https:\/\/play.google.com\/store\/books\/details?id=CvzKEAAAQBAJ\">Google<\/a> | <a href=\"http:\/\/books.apple.com\/us\/book\/id6451242487\">Apple<\/a> | <a href=\"https:\/\/www.fnac.com\/livre-numerique\/a17715212\/Mariah-Stone-Le-Desir-du-highlander\">FNAC<\/a> | <a href=\"http:\/\/books2read.com\/u\/bQNKJ0\">Autre<\/a> | <a href=\"https:\/\/www.amazon.fr\/Desir-highlander-romance-historique-voyage\/dp\/9083308677\/ref=tmm_pap_swatch_0?_encoding=UTF8&amp;qid=&amp;sr=\">Broch\u00e9<\/a> | <a href=\"https:\/\/www.amazon.fr\/Desir-highlander-romance-historique-voyage\/dp\/B0CGYFK844\/ref=tmm_hrd_swatch_0?_encoding=UTF8&amp;qid=&amp;sr=\">Reli\u00e9<\/a><br>ISBN: <strong>9083308677<\/strong><\/p>\n\n\n\n<p class=\"wp-block-paragraph\"><strong>6 &#8211; Le V\u0153u de la highlander<\/strong>&nbsp;<br><a href=\"https:\/\/www.amazon.fr\/gp\/product\/9083312046?ref_=dbs_m_mng_rwt_calw_tpbk_5&amp;storeType=ebooks\">Amazon kindle unlimited<\/a> | <a href=\"https:\/\/www.kobo.com\/nl\/it\/ebook\/il-voto-dell-highlander\">Kobo<\/a> | <a href=\"https:\/\/play.google.com\/store\/books\/details?id=DvzKEAAAQBAJ\">Google<\/a> | <a href=\"http:\/\/books.apple.com\/us\/book\/id6451242468\">Apple<\/a> | <a href=\"https:\/\/www.fnac.com\/livre-numerique\/a17977305\/Mariah-Stone-Le-Voeu-de-la-highlander\">FNAC<\/a> | <a href=\"https:\/\/books2read.com\/u\/mgPqr6\">Autre<\/a> | <a href=\"https:\/\/www.amazon.fr\/V%C5%93u-highlander-romance-historique-voyage\/dp\/9083312046\/ref=tmm_pap_swatch_0?_encoding=UTF8&amp;qid=&amp;sr=\">Broch\u00e9<\/a> | <a href=\"https:\/\/www.amazon.fr\/V%C5%93u-highlander-romance-historique-voyage\/dp\/B0CGYGGPGP\/ref=tmm_hrd_swatch_0?_encoding=UTF8&amp;qid=&amp;sr=\">Reli\u00e9<\/a><br>ISBN: <strong>9083312046<\/strong><\/p>\n\n\n\n<p class=\"wp-block-paragraph\"><strong>7 &#8211; Le Promesse de la highlander<\/strong>&nbsp;<br><a href=\"https:\/\/www.amazon.fr\/gp\/product\/9083347273?ref_=dbs_m_mng_rwt_calw_tpbk_6&amp;storeType=ebooks\">Amazon kindle unlimited<\/a> | <a href=\"https:\/\/www.kobo.com\/nl\/nl\/ebook\/la-promesse-du-highlander-5\">Kobo<\/a> | <a href=\"https:\/\/books.google.nl\/books\/about\/La_Promesse_du_highlander.html?id=2rDIEAAAQBAJ&amp;redir_esc=y\">Google<\/a> | <a href=\"http:\/\/books.apple.com\/us\/book\/id6450789185\">Apple<\/a> | <a href=\"https:\/\/www.fnac.com\/livre-numerique\/a18108001\/Mariah-Stone-La-Promesse-du-highlander\">FNAC<\/a> | <a href=\"https:\/\/books2read.com\/u\/3LjOP7\">Autre<\/a> | <a href=\"https:\/\/www.amazon.fr\/Promesse-highlander-romance-historique-voyage\/dp\/9083347273\/ref=tmm_pap_swatch_0?_encoding=UTF8&amp;qid=&amp;sr=\">Broch\u00e9<\/a> | <a href=\"https:\/\/www.amazon.fr\/Promesse-highlander-romance-historique-voyage\/dp\/9493344428\/ref=tmm_hrd_swatch_0?_encoding=UTF8&amp;qid=&amp;sr=\">Reli\u00e9<\/a><br>ISBN: <strong>9083347273<\/strong><\/p>\n\n\n\n<p class=\"wp-block-paragraph\"><strong>8 &#8211; Le Protecteur de la highlander<\/strong>&nbsp;<br><a href=\"https:\/\/www.amazon.fr\/gp\/product\/9493344657?ref_=dbs_m_mng_rwt_calw_tpbk_7&amp;storeType=ebooks\">Amazon kindle unlimited<\/a> | <a href=\"https:\/\/www.kobo.com\/nl\/fr\/ebook\/le-protecteur-de-la-highlander\">Kobo<\/a> | <a href=\"https:\/\/play.google.com\/store\/books\/details\/Mariah_Stone_Le_Protecteur_de_la_highlander?id=3LDIEAAAQBAJ\">Google<\/a> | <a href=\"https:\/\/books.apple.com\/us\/book\/id6450789199\">Apple<\/a> | FNAC | <a href=\"https:\/\/books2read.com\/u\/4jNd9D\">Autre<\/a> | <a href=\"https:\/\/www.amazon.fr\/Protecteur-highlander-romance-historique-voyage\/dp\/9493344657\/ref=tmm_pap_swatch_0?_encoding=UTF8&amp;qid=&amp;sr=\">Broch\u00e9<\/a> | Reli\u00e9<br>ISBN: <strong>9493344657<\/strong><\/p>\n\n\n\n<p class=\"wp-block-paragraph\"><strong>9 &#8211; La Revendication<\/strong> <strong>du highlander<\/strong>&nbsp;<br>Amazon | <a href=\"https:\/\/www.kobo.com\/nl\/fr\/ebook\/la-revendication-du-highlander\">Kobo<\/a> | <a href=\"https:\/\/play.google.com\/store\/books\/details\/Mariah_Stone_La_Revendication_du_highlander?id=3rDIEAAAQBAJ\">Google<\/a> | <a href=\"http:\/\/books.apple.com\/us\/book\/id6450789460\">Apple<\/a> | FNAC | <a href=\"https:\/\/books2read.com\/u\/47WD28\">Autre<\/a> | Broch\u00e9 | Reli\u00e9<br>ISBN:<\/p>\n\n\n\n<p class=\"wp-block-paragraph\"><strong>10 &#8211; La Destin\u00e9e du highlander<\/strong>&nbsp;<br>Amazon | <a href=\"https:\/\/www.kobo.com\/nl\/fr\/ebook\/la-destinee-du-highlander\">Kobo<\/a> | <a href=\"https:\/\/play.google.com\/store\/books\/details\/Mariah_Stone_La_Destin%C3%A9e_du_highlander?id=4LDIEAAAQBAJ\">Google<\/a> | <a href=\"http:\/\/books.apple.com\/us\/book\/id6450789331\">Apple<\/a> | FNAC | <a href=\"https:\/\/books2read.com\/u\/38WpoB\">Autre<\/a> | Broch\u00e9 | Reli\u00e9<br>ISBN: <\/p>\n\n\n\n<p class=\"wp-block-paragraph\"><\/p>\n\n\n\n<p class=\"wp-block-paragraph\"><\/p>\n\n\n\n<h2 class=\"wp-block-heading\"><mark style=\"background-color:rgba(0, 0, 0, 0)\" class=\"has-inline-color has-accent-color\">LES CoFfrets<\/mark> &#8211; <mark style=\"background-color:rgba(0, 0, 0, 0)\" class=\"has-inline-color has-accent-color\">L\u2019Appel du highlander<\/mark><\/h2>\n\n\n\n<p class=\"wp-block-paragraph\"><strong>1 &#8211; L&#8217;Appel du highlander &#8211; Livres 1-4 (Clan Cambel)<\/strong>&nbsp;<br><a href=\"https:\/\/www.amazon.fr\/LAppel-highlander-Livres-Cambel-Coffrets-ebook\/dp\/B0C8VHQY4G\/ref=tmm_kin_swatch_0?_encoding=UTF8&amp;qid=&amp;sr=\">Amazon kindle unlimited<\/a> | <a href=\"https:\/\/www.kobo.com\/nl\/it\/ebook\/al-tempo-degli-highlander-libri-1-4-clan-cambel\">Kobo<\/a> | <a href=\"https:\/\/play.google.com\/store\/books\/details?id=RvzKEAAAQBAJ\">Google<\/a> | <a href=\"http:\/\/books.apple.com\/us\/book\/id6451242433\">Apple<\/a> | FNAC | <a href=\"https:\/\/books2read.com\/u\/bznG0L\">Autre<\/a> | <a href=\"javascript:void(0)\">Broch\u00e9<\/a><br>ISBN: <strong>9493344355<\/strong><\/p>\n\n\n\n<p class=\"wp-block-paragraph\"><strong>2 &#8211; L&#8217;Appel du highlander &#8211; Livres 5-7 (Clan Mackenzie)<\/strong>&nbsp;<br><a href=\"https:\/\/www.amazon.fr\/gp\/product\/B0CCJK3FN1?notRedirectToSDP=1&amp;ref_=dbs_mng_calw_1&amp;storeType=ebooks\">Amazon kindle unlimited<\/a> | <a href=\"https:\/\/www.kobo.com\/nl\/it\/ebook\/al-tempo-degli-highlander-libri-5-7-clan-mackenzie\">Kobo<\/a> | <a href=\"https:\/\/play.google.com\/store\/books\/details?id=WPzKEAAAQBAJ\">Google<\/a> | <a href=\"tp:\/\/books.apple.com\/us\/book\/id6450789725\">Apple<\/a> | FNAC | <a href=\"https:\/\/books2read.com\/u\/mgNOX0\">Autre<\/a> | <a href=\"https:\/\/www.amazon.fr\/LAppel-highlander-Livres-Clan-Mackenzie\/dp\/9493344363\/ref=tmm_pap_swatch_0?_encoding=UTF8&amp;qid=&amp;sr=\">Broch\u00e9<\/a> <br>ISBN: <strong>9493344363<\/strong><\/p>\n\n\n\n<p class=\"wp-block-paragraph\"><strong>3- L&#8217;Appel du highlander &#8211; Livres 8-10 (Clan Macdonald)<\/strong>&nbsp;<br>Amazon | Kobo | Google | Apple | FNAC | Autre | Broch\u00e9<br>ISBN: <\/p>\n\n\n<div class=\"gb-container gb-container-4f941bb0\">\n\n<div style=\"height:30px\" aria-hidden=\"true\" class=\"wp-block-spacer\"><\/div>\n\n<\/div>\n\n\n<h2 class=\"wp-block-heading\"><mark style=\"background-color:rgba(0, 0, 0, 0)\" class=\"has-inline-color has-accent-color\">autre Demandes<\/mark><\/h2>\n\n\n\n<p class=\"wp-block-paragraph\">Pour toutes autres demandes concernant les livres de Mariah, veuillez contacter directement Mariah \u00e0 : <a href=\"mailto:Mariah@mariahstone.com\">Mariah@mariahstone.com<\/a>.<\/p>\n\n\n\n<div class=\"wp-block-buttons is-layout-flex wp-block-buttons-is-layout-flex\">\n<div class=\"wp-block-button\"><a class=\"wp-block-button__link wp-element-button\" href=\"https:\/\/mariahstone.com\/wp-content\/uploads\/2023\/11\/Printable-Booklist-list-French-20231130.pdf\" target=\"_blank\" rel=\"noreferrer noopener\">download list<\/a><\/div>\n<\/div>","protected":false},"excerpt":{"rendered":"<p>L\u2019Appel du highlander Une romance historique de voyage dans le temps en \u00c9cosse 0 &#8211; Sineag (Gratuit)T\u00e9l\u00e9charger: <a href=\"https:\/\/mariahstone.com\/fr\/books\/sineag\/\">https:\/\/mariahstone.com\/fr\/books\/sineag\/<\/a> 1 &#8211; La Prisonni\u00e8re &#8230; <\/p>\n<p class=\"read-more-container\"><a title=\"FR &#8211; Printable Book List\" class=\"read-more button\" href=\"https:\/\/mariahstone.com\/it\/fr-printable-book-list\/#more-32556\" aria-label=\"Per saperne di pi\u00f9 su FR &#8211; Printable Book List\">Leggi tutto<\/a><\/p>","protected":false},"author":1,"featured_media":0,"parent":0,"menu_order":3,"comment_status":"closed","ping_status":"closed","template":"","meta":{"_acf_changed":false,"advanced_seo_description":"","jetpack_seo_html_title":"","jetpack_seo_noindex":false,"footnotes":""},"class_list":["post-32556","page","type-page","status-publish"],"acf":[],"jetpack_shortlink":"https:\/\/wp.me\/PacBPe-8t6","jetpack_sharing_enabled":true,"_links":{"self":[{"href":"https:\/\/mariahstone.com\/it\/wp-json\/wp\/v2\/pages\/32556","targetHints":{"allow":["GET"]}}],"collection":[{"href":"https:\/\/mariahstone.com\/it\/wp-json\/wp\/v2\/pages"}],"about":[{"href":"https:\/\/mariahstone.com\/it\/wp-json\/wp\/v2\/types\/page"}],"author":[{"embeddable":true,"href":"https:\/\/mariahstone.com\/it\/wp-json\/wp\/v2\/users\/1"}],"replies":[{"embeddable":true,"href":"https:\/\/mariahstone.com\/it\/wp-json\/wp\/v2\/comments?post=32556"}],"version-history":[{"count":0,"href":"https:\/\/mariahstone.com\/it\/wp-json\/wp\/v2\/pages\/32556\/revisions"}],"wp:attachment":[{"href":"https:\/\/mariahstone.com\/it\/wp-json\/wp\/v2\/media?parent=32556"}],"curies":[{"name":"wp","href":"https:\/\/api.w.org\/{rel}","templated":true}]}}