{"id":33531,"date":"2024-05-02T13:11:11","date_gmt":"2024-05-02T13:11:11","guid":{"rendered":"https:\/\/mariahstone.com\/?page_id=33531"},"modified":"2024-05-02T13:15:25","modified_gmt":"2024-05-02T13:15:25","slug":"dein-bonus-epilog-duke3","status":"publish","type":"page","link":"https:\/\/mariahstone.com\/it\/dein-bonus-epilog-duke3\/","title":{"rendered":"TATS\u00c4chlich&#8230; DUKE &#8211; DEINE Bonus Epilog"},"content":{"rendered":"<div class=\"wp-block-columns is-layout-flex wp-container-core-columns-is-layout-9d6595d7 wp-block-columns-is-layout-flex\">\n<div class=\"wp-block-column is-layout-flow wp-block-column-is-layout-flow\"><div class=\"wp-block-image\">\n<figure class=\"aligncenter size-large\"><a href=\"https:\/\/royal-tree-289.myflodesk.com\/zwfr3pdun8\"><img fetchpriority=\"high\" decoding=\"async\" width=\"683\" height=\"1024\" data-attachment-id=\"33533\" data-permalink=\"https:\/\/mariahstone.com\/it\/dein-bonus-epilog-duke3\/tatsachlich-duke-generic\/#main\" data-orig-file=\"https:\/\/mariahstone.com\/wp-content\/uploads\/2024\/05\/Tatsachlich-Duke-Generic.jpg\" data-orig-size=\"1707,2560\" data-comments-opened=\"1\" data-image-meta=\"{&quot;aperture&quot;:&quot;0&quot;,&quot;credit&quot;:&quot;&quot;,&quot;camera&quot;:&quot;&quot;,&quot;caption&quot;:&quot;&quot;,&quot;created_timestamp&quot;:&quot;0&quot;,&quot;copyright&quot;:&quot;&quot;,&quot;focal_length&quot;:&quot;0&quot;,&quot;iso&quot;:&quot;0&quot;,&quot;shutter_speed&quot;:&quot;0&quot;,&quot;title&quot;:&quot;&quot;,&quot;orientation&quot;:&quot;0&quot;}\" data-image-title=\"Tatsachlich-Duke-Generic\" data-image-description=\"\" data-image-caption=\"\" data-medium-file=\"https:\/\/mariahstone.com\/wp-content\/uploads\/2024\/05\/Tatsachlich-Duke-Generic-200x300.jpg\" data-large-file=\"https:\/\/mariahstone.com\/wp-content\/uploads\/2024\/05\/Tatsachlich-Duke-Generic-683x1024.jpg\" src=\"https:\/\/mariahstone.com\/wp-content\/uploads\/2024\/05\/Tatsachlich-Duke-Generic-683x1024.jpg\" alt=\"\" class=\"wp-image-33533\" srcset=\"https:\/\/mariahstone.com\/wp-content\/uploads\/2024\/05\/Tatsachlich-Duke-Generic-683x1024.jpg 683w, https:\/\/mariahstone.com\/wp-content\/uploads\/2024\/05\/Tatsachlich-Duke-Generic-200x300.jpg 200w, https:\/\/mariahstone.com\/wp-content\/uploads\/2024\/05\/Tatsachlich-Duke-Generic-768x1152.jpg 768w, https:\/\/mariahstone.com\/wp-content\/uploads\/2024\/05\/Tatsachlich-Duke-Generic-1024x1536.jpg 1024w, https:\/\/mariahstone.com\/wp-content\/uploads\/2024\/05\/Tatsachlich-Duke-Generic-1366x2048.jpg 1366w, https:\/\/mariahstone.com\/wp-content\/uploads\/2024\/05\/Tatsachlich-Duke-Generic-8x12.jpg 8w, https:\/\/mariahstone.com\/wp-content\/uploads\/2024\/05\/Tatsachlich-Duke-Generic.jpg 1707w\" sizes=\"(max-width: 683px) 100vw, 683px\" \/><\/a><\/figure>\n<\/div><\/div>\n\n\n\n<div class=\"wp-block-column is-vertically-aligned-center is-layout-flow wp-block-column-is-layout-flow\">\n<h2 class=\"wp-block-heading\">Bonus Epilog<\/h2>\n\n\n\n<p><em>Ein Jahr sp\u00e4ter\u00a0\u2026<\/em><\/p>\n\n\n\n<p><\/p>\n\n\n\n<p>Das Licht des Kronleuchters breitete sich schimmernd \u00fcber dem sch\u00f6n gedeckten Esstisch von Roxburgh Place aus, und Calliope betrachtete ihre G\u00e4ste&nbsp;\u2013 Miss Alexandria Beckett, Penelopes Cousine, und den Viscount Emeric Beauchamp&nbsp;\u2013 und Nathaniel. Mit diesem so gut vorbereiteten Abendessen sollte die bevorstehende Verlobung von Alexandria und Beauchamp gefeiert werden, doch das war nur vorget\u00e4uscht, denn eigentlich hatte es einen anderen Zweck.<\/p>\n\n\n\n<p>Der sorgf\u00e4ltig ausgekl\u00fcgelte Plan sah vor, dass Nathaniels Schwestern mit ihrer Gro\u00dfmutter zu Abend a\u00dfen und Ethan, der gerade zu laufen begonnen hatte, wie immer um diese Zeit schlief&#8230;<\/p>\n\n\n\n<p>Klicke auf den Button, um deinen Bonus Epilog zu bekommen.<\/p>\n\n\n\n<p><\/p>\n\n\n\n<div class=\"wp-block-buttons is-layout-flex wp-block-buttons-is-layout-flex\">\n<div class=\"wp-block-button\"><a class=\"wp-block-button__link wp-element-button\" href=\"https:\/\/royal-tree-289.myflodesk.com\/zwfr3pdun8\" target=\"_blank\" rel=\"noreferrer noopener\">Zum Bonus Epilogue<\/a><\/div>\n<\/div>\n<\/div>\n<\/div>","protected":false},"excerpt":{"rendered":"<p>Bonus Epilog Ein Jahr sp\u00e4ter\u00a0\u2026 Das Licht des Kronleuchters breitete sich schimmernd \u00fcber dem sch\u00f6n gedeckten Esstisch von Roxburgh Place aus, und &#8230; <\/p>\n<p class=\"read-more-container\"><a title=\"TATS\u00c4chlich&#8230; DUKE &#8211; DEINE Bonus Epilog\" class=\"read-more button\" href=\"https:\/\/mariahstone.com\/it\/dein-bonus-epilog-duke3\/#more-33531\" aria-label=\"Per saperne di pi\u00f9 su TATS\u00c4chlich&#8230; DUKE &#8211; DEINE Bonus Epilog\">Leggi tutto<\/a><\/p>","protected":false},"author":1,"featured_media":0,"parent":0,"menu_order":0,"comment_status":"closed","ping_status":"closed","template":"","meta":{"_acf_changed":false,"advanced_seo_description":"","jetpack_seo_html_title":"","jetpack_seo_noindex":false,"jetpack_post_was_ever_published":false,"footnotes":""},"class_list":["post-33531","page","type-page","status-publish"],"acf":[],"jetpack_shortlink":"https:\/\/wp.me\/PacBPe-8IP","jetpack_sharing_enabled":true,"_links":{"self":[{"href":"https:\/\/mariahstone.com\/it\/wp-json\/wp\/v2\/pages\/33531","targetHints":{"allow":["GET"]}}],"collection":[{"href":"https:\/\/mariahstone.com\/it\/wp-json\/wp\/v2\/pages"}],"about":[{"href":"https:\/\/mariahstone.com\/it\/wp-json\/wp\/v2\/types\/page"}],"author":[{"embeddable":true,"href":"https:\/\/mariahstone.com\/it\/wp-json\/wp\/v2\/users\/1"}],"replies":[{"embeddable":true,"href":"https:\/\/mariahstone.com\/it\/wp-json\/wp\/v2\/comments?post=33531"}],"version-history":[{"count":0,"href":"https:\/\/mariahstone.com\/it\/wp-json\/wp\/v2\/pages\/33531\/revisions"}],"wp:attachment":[{"href":"https:\/\/mariahstone.com\/it\/wp-json\/wp\/v2\/media?parent=33531"}],"curies":[{"name":"wp","href":"https:\/\/api.w.org\/{rel}","templated":true}]}}