{"id":1870,"date":"2021-10-27T19:59:29","date_gmt":"2021-10-27T19:59:29","guid":{"rendered":"https:\/\/mariahstone.com\/?page_id=1870"},"modified":"2022-10-31T17:43:28","modified_gmt":"2022-10-31T17:43:28","slug":"bonussecret","status":"publish","type":"page","link":"https:\/\/mariahstone.com\/pt\/bonussecret\/","title":{"rendered":"FRENCH &#8211; Le Secret de la highlander bonus epilogue"},"content":{"rendered":"<div class=\"gb-grid-wrapper gb-grid-wrapper-29b938ed\">\n<div class=\"gb-grid-column gb-grid-column-7c6eea9d\"><div class=\"gb-container gb-container-7c6eea9d\"><div class=\"gb-inside-container\">\n<div class=\"wp-block-image\">\n<figure class=\"aligncenter size-full\"><img fetchpriority=\"high\" decoding=\"async\" width=\"1200\" height=\"1800\" data-attachment-id=\"1813\" data-permalink=\"https:\/\/mariahstone.com\/pt\/highlanderssecret_french_ebook_bn\/\" data-orig-file=\"https:\/\/mariahstone.com\/wp-content\/uploads\/2021\/08\/HighlandersSecret_French_Ebook_BN.jpg\" data-orig-size=\"1200,1800\" data-comments-opened=\"1\" data-image-meta=\"{&quot;aperture&quot;:&quot;0&quot;,&quot;credit&quot;:&quot;&quot;,&quot;camera&quot;:&quot;&quot;,&quot;caption&quot;:&quot;&quot;,&quot;created_timestamp&quot;:&quot;0&quot;,&quot;copyright&quot;:&quot;&quot;,&quot;focal_length&quot;:&quot;0&quot;,&quot;iso&quot;:&quot;0&quot;,&quot;shutter_speed&quot;:&quot;0&quot;,&quot;title&quot;:&quot;&quot;,&quot;orientation&quot;:&quot;1&quot;}\" data-image-title=\"Highlander&amp;#8217;sSecret_French_Ebook_B&amp;#038;N\" data-image-description=\"\" data-image-caption=\"\" data-medium-file=\"https:\/\/mariahstone.com\/wp-content\/uploads\/2021\/08\/HighlandersSecret_French_Ebook_BN-200x300.jpg\" data-large-file=\"https:\/\/mariahstone.com\/wp-content\/uploads\/2021\/08\/HighlandersSecret_French_Ebook_BN-683x1024.jpg\" src=\"https:\/\/dev1.carrieloves.ninja\/wp-content\/uploads\/2021\/08\/HighlandersSecret_French_Ebook_BN.jpg\" alt=\"\" class=\"wp-image-1813\" srcset=\"https:\/\/mariahstone.com\/wp-content\/uploads\/2021\/08\/HighlandersSecret_French_Ebook_BN.jpg 1200w, https:\/\/mariahstone.com\/wp-content\/uploads\/2021\/08\/HighlandersSecret_French_Ebook_BN-200x300.jpg 200w, https:\/\/mariahstone.com\/wp-content\/uploads\/2021\/08\/HighlandersSecret_French_Ebook_BN-683x1024.jpg 683w, https:\/\/mariahstone.com\/wp-content\/uploads\/2021\/08\/HighlandersSecret_French_Ebook_BN-768x1152.jpg 768w, https:\/\/mariahstone.com\/wp-content\/uploads\/2021\/08\/HighlandersSecret_French_Ebook_BN-1024x1536.jpg 1024w, https:\/\/mariahstone.com\/wp-content\/uploads\/2021\/08\/HighlandersSecret_French_Ebook_BN-1080x1620.jpg 1080w, https:\/\/mariahstone.com\/wp-content\/uploads\/2021\/08\/HighlandersSecret_French_Ebook_BN-980x1470.jpg 980w, https:\/\/mariahstone.com\/wp-content\/uploads\/2021\/08\/HighlandersSecret_French_Ebook_BN-480x720.jpg 480w\" sizes=\"(max-width: 1200px) 100vw, 1200px\" \/><\/figure>\n<\/div>\n<\/div><\/div><\/div>\n\n<div class=\"gb-grid-column gb-grid-column-6e14c7d2\"><div class=\"gb-container gb-container-6e14c7d2\"><div class=\"gb-inside-container\">\n\n<h1 class=\"wp-block-heading\">\u00c9pilogue Bonus<\/h1>\n\n\n\n<p>Avril 2022<\/p>\n\n\n\n<p>Konnor passa ses bras autour des plus belles \u00e9paules du monde. Il se pencha vers Marjorie et enfouit son nez dans sa chevelure, respirant sa d\u00e9licieuse odeur d\u2019herbes, de fleurs sauvages et de nature. Il ignorait comment elle \u00e9tait parvenue \u00e0 continuer \u00e0 sentir comme les Highlands apr\u00e8s presque deux ans \u00e0 Los Angeles.<\/p>\n\n\n\n<p>Marjorie entrela\u00e7a ses doigts aux siens, et il leva sa main \u00e0 ses l\u00e8vres pour embrasser ses jointures. Elle lui offrit un doux sourire, posant tendrement une main sur son gros ventre. Le soleil couchant teintait son visage d\u2019un orange dor\u00e9. Elle ne bronzait pas beaucoup. Sa peau \u00e9tait toujours obstin\u00e9ment \u00e9cossaise, d\u2019une magnifique couleur de porcelaine.<\/p>\n\n\n\n<p>Le patio \u00e9tait anim\u00e9 par de la musique d\u2019\u00e9t\u00e9 et les voix de leurs amis et de leur famille. Il donnait sur un grand jardin qui avait vue sur le centre-ville de Los Angeles. Existait-il un endroit plus diff\u00e9rent de l\u2019\u00c9cosse m\u00e9di\u00e9vale\u2009? Pourtant, sa belle \u00e9pouse et son beau-fils se sentaient chez eux ici. Il s\u2019en assurait.<\/p>\n\n\n\n<p>Non loin d\u2019eux, Colin, qui avait \u00e0 pr\u00e9sent un petit d\u00e9but de moustache, faisait cuire un steak sur le barbecue duquel s\u2019\u00e9levait un petit nuage de fum\u00e9e parfum\u00e9e. Konnor lui avait appris sa recette maison pour les steaks, et Colin les grillait comme un pro. C\u2019\u00e9tait bizarre pour un adolescent, mais ce n\u2019\u00e9tait pas un gar\u00e7on comme les autres. Konnor se disait que cela l\u2019occuperait peut-\u00eatre, comme il n\u2019y avait personne d\u2019autre de son \u00e2ge. Mark se tenait de l\u2019autre c\u00f4t\u00e9 du barbecue et discutait football avec lui, tandis que la m\u00e8re de Konnor s\u2019occupait des cadeaux de la f\u00eate pr\u00e9natale \u00e0 l\u2019int\u00e9rieur.<\/p>\n\n\n\n<p>Andy vint se tenir \u00e0 c\u00f4t\u00e9 de Konnor et lui mit une tape sur l\u2019\u00e9paule.<\/p>\n\n\n\n<p>\u2014 Super f\u00eate\u2009! dit-il avant de regarder Marjorie. Comment tu as r\u00e9ussi \u00e0 convaincre ce loup solitaire d\u2019organiser un truc comme \u00e7a, Margie\u2009?<\/p>\n\n\n\n<p>Marjorie pouffa.<\/p>\n\n\n\n<p>\u2014 Je ne pense pas qu\u2019il soit possible de le convaincre de faire quelque chose qu\u2019il ne veut point.<\/p>\n\n\n\n<p>\u2014 Une personne en est capable, r\u00e9pondit Andy.<\/p>\n\n\n\n<p>\u2026<\/p>\n\n\n\n<p><em><strong>Cliquez ici pour t\u00e9l\u00e9charger&nbsp;l\u2019\u00e9pilogue bonus complet:<\/strong><\/em><\/p>\n\n\n\n<div class=\"wp-block-buttons is-layout-flex wp-block-buttons-is-layout-flex\">\n<div class=\"wp-block-button\"><a class=\"wp-block-button__link\" href=\"https:\/\/view.flodesk.com\/pages\/6179af0f6f32553e20ac7e6c\" target=\"_blank\" rel=\"noreferrer noopener\">T\u00c9L\u00c9CHARGEZ VOTRE EXEMPLAIRE DE L\u2019\u00c9PILOGUE BONUS<\/a><\/div>\n<\/div>\n\n<\/div><\/div><\/div>\n<\/div>","protected":false},"excerpt":{"rendered":"","protected":false},"author":1,"featured_media":0,"parent":0,"menu_order":14,"comment_status":"closed","ping_status":"closed","template":"","meta":{"_acf_changed":false,"advanced_seo_description":"","jetpack_seo_html_title":"","jetpack_seo_noindex":false,"jetpack_post_was_ever_published":false,"footnotes":""},"class_list":["post-1870","page","type-page","status-publish"],"acf":[],"jetpack_shortlink":"https:\/\/wp.me\/PacBPe-ua","jetpack_sharing_enabled":true,"_links":{"self":[{"href":"https:\/\/mariahstone.com\/pt\/wp-json\/wp\/v2\/pages\/1870","targetHints":{"allow":["GET"]}}],"collection":[{"href":"https:\/\/mariahstone.com\/pt\/wp-json\/wp\/v2\/pages"}],"about":[{"href":"https:\/\/mariahstone.com\/pt\/wp-json\/wp\/v2\/types\/page"}],"author":[{"embeddable":true,"href":"https:\/\/mariahstone.com\/pt\/wp-json\/wp\/v2\/users\/1"}],"replies":[{"embeddable":true,"href":"https:\/\/mariahstone.com\/pt\/wp-json\/wp\/v2\/comments?post=1870"}],"version-history":[{"count":0,"href":"https:\/\/mariahstone.com\/pt\/wp-json\/wp\/v2\/pages\/1870\/revisions"}],"wp:attachment":[{"href":"https:\/\/mariahstone.com\/pt\/wp-json\/wp\/v2\/media?parent=1870"}],"curies":[{"name":"wp","href":"https:\/\/api.w.org\/{rel}","templated":true}]}}