{"id":1912,"date":"2021-12-14T20:19:14","date_gmt":"2021-12-14T20:19:14","guid":{"rendered":"https:\/\/mariahstone.com\/?page_id=1912"},"modified":"2021-12-14T20:19:14","modified_gmt":"2021-12-14T20:19:14","slug":"sineagfrancais","status":"publish","type":"page","link":"https:\/\/mariahstone.com\/pt\/sineagfrancais\/","title":{"rendered":"Sineag fran\u00e7ais"},"content":{"rendered":"<div class=\"gb-grid-wrapper gb-grid-wrapper-29b938ed\">\n<div class=\"gb-grid-column gb-grid-column-7c6eea9d\"><div class=\"gb-container gb-container-7c6eea9d\"><div class=\"gb-inside-container\">\n\n<div class=\"wp-block-image\"><figure class=\"aligncenter size-full\"><img fetchpriority=\"high\" decoding=\"async\" width=\"1200\" height=\"1800\" data-attachment-id=\"1915\" data-permalink=\"https:\/\/mariahstone.com\/pt\/sineag_french_ebook_bn\/\" data-orig-file=\"https:\/\/mariahstone.com\/wp-content\/uploads\/2021\/12\/Sineag_French_Ebook_BN.jpg\" data-orig-size=\"1200,1800\" data-comments-opened=\"1\" data-image-meta=\"{&quot;aperture&quot;:&quot;0&quot;,&quot;credit&quot;:&quot;&quot;,&quot;camera&quot;:&quot;&quot;,&quot;caption&quot;:&quot;&quot;,&quot;created_timestamp&quot;:&quot;0&quot;,&quot;copyright&quot;:&quot;&quot;,&quot;focal_length&quot;:&quot;0&quot;,&quot;iso&quot;:&quot;0&quot;,&quot;shutter_speed&quot;:&quot;0&quot;,&quot;title&quot;:&quot;&quot;,&quot;orientation&quot;:&quot;1&quot;}\" data-image-title=\"S\u00ecneag_French_Ebook_BN\" data-image-description=\"\" data-image-caption=\"\" data-medium-file=\"https:\/\/mariahstone.com\/wp-content\/uploads\/2021\/12\/Sineag_French_Ebook_BN-200x300.jpg\" data-large-file=\"https:\/\/mariahstone.com\/wp-content\/uploads\/2021\/12\/Sineag_French_Ebook_BN-683x1024.jpg\" src=\"https:\/\/mariahstone.com\/wp-content\/uploads\/2021\/12\/Sineag_French_Ebook_BN.jpg\" alt=\"\" class=\"wp-image-1915\" srcset=\"https:\/\/mariahstone.com\/wp-content\/uploads\/2021\/12\/Sineag_French_Ebook_BN.jpg 1200w, https:\/\/mariahstone.com\/wp-content\/uploads\/2021\/12\/Sineag_French_Ebook_BN-200x300.jpg 200w, https:\/\/mariahstone.com\/wp-content\/uploads\/2021\/12\/Sineag_French_Ebook_BN-683x1024.jpg 683w, https:\/\/mariahstone.com\/wp-content\/uploads\/2021\/12\/Sineag_French_Ebook_BN-768x1152.jpg 768w, https:\/\/mariahstone.com\/wp-content\/uploads\/2021\/12\/Sineag_French_Ebook_BN-1024x1536.jpg 1024w, https:\/\/mariahstone.com\/wp-content\/uploads\/2021\/12\/Sineag_French_Ebook_BN-1080x1620.jpg 1080w, https:\/\/mariahstone.com\/wp-content\/uploads\/2021\/12\/Sineag_French_Ebook_BN-980x1470.jpg 980w, https:\/\/mariahstone.com\/wp-content\/uploads\/2021\/12\/Sineag_French_Ebook_BN-480x720.jpg 480w\" sizes=\"(max-width: 1200px) 100vw, 1200px\" \/><\/figure><\/div>\n\n<\/div><\/div><\/div>\n\n<div class=\"gb-grid-column gb-grid-column-6e14c7d2\"><div class=\"gb-container gb-container-6e14c7d2\"><div class=\"gb-inside-container\">\n\n<h1 class=\"wp-block-heading\">S\u00ecneag<\/h1>\n\n\n\n<p><strong>Chapitre&nbsp;1<\/strong><\/p>\n\n\n\n<p>Loch Ness, 517<\/p>\n\n\n\n<p>\u2014 S\u00ecneag\u00a0! crie Eithne, ma s\u0153ur f\u00e9e. Viens, viens voir\u00a0!<\/p>\n\n\n\n<p>Je l\u00e8ve la t\u00eate. J\u2019\u00e9tais en train d\u2019user de mes pouvoirs magiques pour apporter l\u2019\u00e9nergie de l\u2019\u00e9t\u00e9 \u00e0 des plants de lavande. Nous aidons les plantes et les animaux en difficult\u00e9, nous les dryades. Il nous arrive parfois d\u2019aider les gens. La plupart du temps, nous nous amusons \u00e0 les regarder et \u00e0 leur jouer de petits tours. Ils nous fascinent, mais c\u2019est un secret.<\/p>\n\n\n\n<p>Assise dans le feuillage d\u2019un ch\u00eane, Eithne regarde deux cavaliers qui progressent sur la route qui longe ce que les humains appellent le Loch Ness, en direction de la colline fortifi\u00e9e d\u2019Urquhart. Des collines verdoyantes entourent le loch, bleu et calme, qui refl\u00e8te le ciel.<\/p>\n\n\n\n<p>Curieuse, je m\u2019empresse de rejoindre Eithne pour les observer. C\u2019est un homme et une femme\u00a0; ils se parlent et rient. Il a les \u00e9paules larges, et ses longs cheveux noirs sont attach\u00e9s sur sa nuque par une ficelle de cuir. Sa barbe huil\u00e9e fra\u00eechement taill\u00e9e lui arrive au milieu du cou. Il est torse nu, et les muscles fermes de son ventre et de son bras droit sont orn\u00e9s de motifs bleus.<\/p>\n\n\n\n<p>\u2014 Il est beau, dit Eithne.<\/p>\n\n\n\n<p>\u2014\u00a0<em>Aye<a href=\"applewebdata:\/\/1B0CB094-2182-4CB7-A7A8-C7A00BC6B84B#_ftn1\"><strong>[1]<\/strong><\/a><\/em>, c\u2019est vrai.<\/p>\n\n\n\n<p>Il est si beau que c\u2019en est presque douloureux, avec ses \u00e9pais sourcils droits au-dessus de ses yeux noirs enfonc\u00e9s. Ses traits sont lin\u00e9aires\u00a0: son nez est droit, ses pommettes sont hautes, sa m\u00e2choire visiblement carr\u00e9e sous sa barbe.<\/p>\n\n\n\n<p>\u2014 Un ma\u00e7on\u00a0? demande-t-elle.<\/p>\n\n\n\n<p>Il a le symbole d\u2019un marteau sur le bras gauche. Cependant, les motifs autour de son bras droit \u2014\u00a0un m\u00e9lange de croissants, de cercles, de lignes et de vagues\u00a0\u2014 me disent qu\u2019il est aussi autre chose.<\/p>\n\n\n\n<p>\u2014 Un druide\u00a0? marmonn\u00e9-je.<\/p>\n\n\n\n<p>Cela pique ma curiosit\u00e9. Bien que mon peuple soit invisible aux yeux des humains normaux, les druides peuvent nous voir s\u2019ils parviennent \u00e0 jeter un sort assez puissant.<\/p>\n\n\n\n<p>Ma\u00e7on et druide\u00a0? C\u2019est fort inhabituel, \u00e9tant donn\u00e9 qu\u2019ils n\u2019appartiennent pas aux m\u00eames classes sociales.<\/p>\n\n\n\n<p>\u2014 Et un guerrier, ajoute Eithne.<\/p>\n\n\n\n<p><em>Aye<\/em>, il y a une \u00e9p\u00e9e dans le fourreau dans son dos, et il porte une hache \u00e0 la ceinture\u2026<\/p>\n\n\n\n<p>Il m\u2019attire. Je ne saurais expliquer pourquoi. Quelle est donc cette sensation dans ma poitrine\u00a0? Mon ventre se r\u00e9chauffe et se contracte. La fa\u00e7on dont il sourit \u00e0 la femme, le regard brillant, comme si elle \u00e9tait le soleil, la lune et la ros\u00e9e du matin\u2026 Cela ne me pla\u00eet pas.<\/p>\n\n\n\n<p>&nbsp;\u2026..&nbsp;<\/p>\n\n\n\n<div class=\"wp-block-buttons is-layout-flex wp-block-buttons-is-layout-flex\">\n<div class=\"wp-block-button\"><a class=\"wp-block-button__link\" href=\"https:\/\/view.flodesk.com\/pages\/61b8fb95df87be04c2387707\" target=\"_blank\" rel=\"noreferrer noopener\">Envoyez-moi mon livre<\/a><\/div>\n<\/div>\n\n<\/div><\/div><\/div>\n<\/div>","protected":false},"excerpt":{"rendered":"","protected":false},"author":1,"featured_media":0,"parent":0,"menu_order":10,"comment_status":"closed","ping_status":"closed","template":"","meta":{"_acf_changed":false,"advanced_seo_description":"","jetpack_seo_html_title":"","jetpack_seo_noindex":false,"jetpack_post_was_ever_published":false,"footnotes":""},"class_list":["post-1912","page","type-page","status-publish"],"acf":[],"jetpack_shortlink":"https:\/\/wp.me\/PacBPe-uQ","jetpack_sharing_enabled":true,"_links":{"self":[{"href":"https:\/\/mariahstone.com\/pt\/wp-json\/wp\/v2\/pages\/1912","targetHints":{"allow":["GET"]}}],"collection":[{"href":"https:\/\/mariahstone.com\/pt\/wp-json\/wp\/v2\/pages"}],"about":[{"href":"https:\/\/mariahstone.com\/pt\/wp-json\/wp\/v2\/types\/page"}],"author":[{"embeddable":true,"href":"https:\/\/mariahstone.com\/pt\/wp-json\/wp\/v2\/users\/1"}],"replies":[{"embeddable":true,"href":"https:\/\/mariahstone.com\/pt\/wp-json\/wp\/v2\/comments?post=1912"}],"version-history":[{"count":0,"href":"https:\/\/mariahstone.com\/pt\/wp-json\/wp\/v2\/pages\/1912\/revisions"}],"wp:attachment":[{"href":"https:\/\/mariahstone.com\/pt\/wp-json\/wp\/v2\/media?parent=1912"}],"curies":[{"name":"wp","href":"https:\/\/api.w.org\/{rel}","templated":true}]}}