{"id":335,"date":"2019-05-12T18:39:03","date_gmt":"2019-05-12T18:39:03","guid":{"rendered":"https:\/\/mariahstone.com\/?page_id=335"},"modified":"2024-03-28T19:44:48","modified_gmt":"2024-03-28T19:44:48","slug":"freebooks","status":"publish","type":"page","link":"https:\/\/mariahstone.com\/pt\/freebooks\/","title":{"rendered":"livros gratis"},"content":{"rendered":"<\/p>\n\n\n\n<div class=\"wp-block-group\"><div class=\"wp-block-group__inner-container is-layout-flow wp-block-group-is-layout-flow\">\n<h1 class=\"wp-block-heading freebooks-title\">Livros gratuitos em portugu\u00eas<\/h1>\n\n\n<div class=\"gb-container gb-container-6f992cf8 free-highlanderscaptive\"><div class=\"gb-inside-container\">\n<div class=\"gb-grid-wrapper gb-grid-wrapper-f416e852\">\n<div class=\"gb-grid-column gb-grid-column-46c2537c\"><div class=\"gb-container gb-container-46c2537c\"><div class=\"gb-inside-container\">\n<div class=\"wp-block-image\">\n<figure class=\"aligncenter size-full\"><img fetchpriority=\"high\" decoding=\"async\" width=\"1200\" height=\"1800\" data-attachment-id=\"1826\" data-permalink=\"https:\/\/mariahstone.com\/pt\/highlanderscaptive_ebook_por-v2_bn\/\" data-orig-file=\"https:\/\/mariahstone.com\/wp-content\/uploads\/2021\/08\/HighlandersCaptive_Ebook_POR.v2_BN.jpg\" data-orig-size=\"1200,1800\" data-comments-opened=\"1\" data-image-meta=\"{&quot;aperture&quot;:&quot;0&quot;,&quot;credit&quot;:&quot;&quot;,&quot;camera&quot;:&quot;&quot;,&quot;caption&quot;:&quot;&quot;,&quot;created_timestamp&quot;:&quot;0&quot;,&quot;copyright&quot;:&quot;&quot;,&quot;focal_length&quot;:&quot;0&quot;,&quot;iso&quot;:&quot;0&quot;,&quot;shutter_speed&quot;:&quot;0&quot;,&quot;title&quot;:&quot;&quot;,&quot;orientation&quot;:&quot;0&quot;}\" data-image-title=\"Highlander&amp;#8217;sCaptive_Ebook_POR.v2_B&amp;#038;N\" data-image-description=\"\" data-image-caption=\"\" data-large-file=\"https:\/\/mariahstone.com\/wp-content\/uploads\/2021\/08\/HighlandersCaptive_Ebook_POR.v2_BN-683x1024.jpg\" src=\"https:\/\/mariahstone.com\/wp-content\/uploads\/2021\/08\/HighlandersCaptive_Ebook_POR.v2_BN.jpg\" alt=\"\" class=\"wp-image-1826\" srcset=\"https:\/\/mariahstone.com\/wp-content\/uploads\/2021\/08\/HighlandersCaptive_Ebook_POR.v2_BN.jpg 1200w, https:\/\/mariahstone.com\/wp-content\/uploads\/2021\/08\/HighlandersCaptive_Ebook_POR.v2_BN-200x300.jpg 200w, https:\/\/mariahstone.com\/wp-content\/uploads\/2021\/08\/HighlandersCaptive_Ebook_POR.v2_BN-683x1024.jpg 683w, https:\/\/mariahstone.com\/wp-content\/uploads\/2021\/08\/HighlandersCaptive_Ebook_POR.v2_BN-768x1152.jpg 768w, https:\/\/mariahstone.com\/wp-content\/uploads\/2021\/08\/HighlandersCaptive_Ebook_POR.v2_BN-1024x1536.jpg 1024w, https:\/\/mariahstone.com\/wp-content\/uploads\/2021\/08\/HighlandersCaptive_Ebook_POR.v2_BN-1080x1620.jpg 1080w, https:\/\/mariahstone.com\/wp-content\/uploads\/2021\/08\/HighlandersCaptive_Ebook_POR.v2_BN-980x1470.jpg 980w, https:\/\/mariahstone.com\/wp-content\/uploads\/2021\/08\/HighlandersCaptive_Ebook_POR.v2_BN-480x720.jpg 480w\" sizes=\"(max-width: 1200px) 100vw, 1200px\" \/><\/figure>\n<\/div>\n<\/div><\/div><\/div>\n\n<div class=\"gb-grid-column gb-grid-column-2ca12b78\"><div class=\"gb-container gb-container-2ca12b78\"><div class=\"gb-inside-container\">\n\n<h6 class=\"wp-block-heading\">Ep\u00edlogo de b\u00f4nus<\/h6>\n\n\n\n<p class=\"wp-block-paragraph\">Leia a continua\u00e7\u00e3o da hist\u00f3ria de Amy e Craig em um ep\u00edlogo de b\u00f4nus gratuito, onde voc\u00ea conhecer\u00e1 o beb\u00ea deles.<\/p>\n\n<\/div><\/div><\/div>\n\n<div class=\"gb-grid-column gb-grid-column-4fe992d3\"><div class=\"gb-container gb-container-4fe992d3\"><div class=\"gb-inside-container\">\n\n<div class=\"wp-block-buttons is-content-justification-center is-layout-flex wp-container-core-buttons-is-layout-fe48e5de wp-block-buttons-is-layout-flex\">\n<div class=\"wp-block-button is-style-fill\"><a class=\"wp-block-button__link wp-element-button\" href=\"https:\/\/view.flodesk.com\/pages\/607fee96b94c38fbe3fc6db4\" target=\"_blank\" rel=\"noreferrer noopener\">RECEBER EP\u00cdLOGO DE B\u00d4NUS<\/a><\/div>\n<\/div>\n\n<\/div><\/div><\/div>\n<\/div>\n\n\n<hr class=\"wp-block-separator has-css-opacity\"\/>\n\n<\/div><\/div><\/div><\/div>\n\n\n<p>","protected":false},"excerpt":{"rendered":"<p>Download your free bonuses<\/p>","protected":false},"author":1,"featured_media":0,"parent":0,"menu_order":49,"comment_status":"closed","ping_status":"closed","template":"","meta":{"_acf_changed":false,"advanced_seo_description":"","jetpack_seo_html_title":"","jetpack_seo_noindex":false,"footnotes":""},"class_list":["post-335","page","type-page","status-publish"],"acf":[],"jetpack_shortlink":"https:\/\/wp.me\/PacBPe-5p","jetpack_sharing_enabled":false,"_links":{"self":[{"href":"https:\/\/mariahstone.com\/pt\/wp-json\/wp\/v2\/pages\/335","targetHints":{"allow":["GET"]}}],"collection":[{"href":"https:\/\/mariahstone.com\/pt\/wp-json\/wp\/v2\/pages"}],"about":[{"href":"https:\/\/mariahstone.com\/pt\/wp-json\/wp\/v2\/types\/page"}],"author":[{"embeddable":true,"href":"https:\/\/mariahstone.com\/pt\/wp-json\/wp\/v2\/users\/1"}],"replies":[{"embeddable":true,"href":"https:\/\/mariahstone.com\/pt\/wp-json\/wp\/v2\/comments?post=335"}],"version-history":[{"count":0,"href":"https:\/\/mariahstone.com\/pt\/wp-json\/wp\/v2\/pages\/335\/revisions"}],"wp:attachment":[{"href":"https:\/\/mariahstone.com\/pt\/wp-json\/wp\/v2\/media?parent=335"}],"curies":[{"name":"wp","href":"https:\/\/api.w.org\/{rel}","templated":true}]}}